{"id":33730,"date":"2023-05-14T20:17:35","date_gmt":"2023-05-14T20:17:35","guid":{"rendered":"https:\/\/www.tornum.com\/product\/u-trough-screw-auger-rsu\/"},"modified":"2025-07-31T06:37:42","modified_gmt":"2025-07-31T06:37:42","slug":"przenosnik-slimakowy-typu-u-rsu","status":"publish","type":"product","link":"https:\/\/www.tornum.com\/pl\/produkt\/przenosnik-slimakowy-typu-u-rsu\/","title":{"rendered":"PRZENO\u015aNIK \u015aLIMAKOWY TYPU U RSU"},"content":{"rendered":"<h3>PRZENO\u015aNIK \u015aLIMAKOWY TYPU U TORNUM RSU<\/h3>\n<p>Przeno\u015bnik \u015blimakowy typu U firmy TORNUM jest przeznaczony do poziomego transportu ziarna, nasion, m\u0105ki i innych materia\u0142\u00f3w ziarnistych lub sypkich.<\/p>\n<p>RSU jest urz\u0105dzeniem skonstruowanym na zasadzie kompletacji i monta\u017cu z zestaw\u00f3w cz\u0119\u015bci. U\u0142atwia to rozplanowanie jego zabudowy, przechowywanie, dostaw\u0119 i monta\u017c na obiekcie.<\/p>\n<p>RSU s\u0142u\u017cy do prze\u0142adunku ziarna o du\u017cej wydajno\u015bci (przepustowo\u015bci). Przeno\u015bnik Svea RSU jest przystosowany do wszystkich rodzaj\u00f3w system\u00f3w przeno\u015bnikowych<br \/>\ni mo\u017ce s\u0142u\u017cy\u0107 do przetaczania nie tylko ziarna, ale ka\u017cdego rodzaju materia\u0142u w postaci granulatu, sypkiego proszku lub peletu.<\/p>\n<p>RSU ma konstrukcj\u0119 typu wspornikowego \u2013 spirala zgarniaka jest przyspawana do solidnej osi rurowej. Co wi\u0119cej, Svea RSU ma specjalnie zaprojektowane \u0142o\u017cyska po\u015brednie, aby zagwarantowa\u0107 mo\u017cliwie najmniejszy op\u00f3r przep\u0142ywu przetaczanego materia\u0142u.<\/p>\n<p>RSU ma kompaktowy zesp\u00f3\u0142 nap\u0119dowy z przek\u0142adni\u0105 \u015blimakow\u0105. Jest to urz\u0105dzenie bezobs\u0142ugowe i proste w monta\u017cu. Mo\u017cna je zam\u00f3wi\u0107 z obudow\u0105 do pracy na zewn\u0105trz pomieszcze\u0144, chroni\u0105c\u0105 nap\u0119d, \u0142o\u017cyska i po\u0142\u0105czenia.<\/p>\n","protected":false},"excerpt":{"rendered":"<p>Przeno\u015bnik \u015blimakowy typu U firmy TORNUM jest przeznaczony do poziomego transportu ziarna, nasion, m\u0105ki i innych materia\u0142\u00f3w ziarnistych lub sypkich.<\/p>\n","protected":false},"featured_media":33572,"comment_status":"open","ping_status":"closed","template":"","meta":{"_acf_changed":false},"product_brand":[],"product_cat":[955,973,962,963,968,1009],"product_tag":[1003,989],"class_list":{"0":"post-33730","1":"product","2":"type-product","3":"status-publish","4":"has-post-thumbnail","6":"product_cat-all-products-pl","7":"product_cat-feed-pl","8":"product_cat-food-2-pl","9":"product_cat-grain-pl","10":"product_cat-material-handling-pl","11":"product_cat-screw-auger-pl","12":"product_tag-storage-pl","13":"product_tag-transport-pl","14":"description-off","16":"first","17":"instock","18":"shipping-taxable","19":"product-type-simple"},"acf":[],"_links":{"self":[{"href":"https:\/\/www.tornum.com\/pl\/wp-json\/wp\/v2\/product\/33730","targetHints":{"allow":["GET"]}}],"collection":[{"href":"https:\/\/www.tornum.com\/pl\/wp-json\/wp\/v2\/product"}],"about":[{"href":"https:\/\/www.tornum.com\/pl\/wp-json\/wp\/v2\/types\/product"}],"replies":[{"embeddable":true,"href":"https:\/\/www.tornum.com\/pl\/wp-json\/wp\/v2\/comments?post=33730"}],"version-history":[{"count":2,"href":"https:\/\/www.tornum.com\/pl\/wp-json\/wp\/v2\/product\/33730\/revisions"}],"predecessor-version":[{"id":33868,"href":"https:\/\/www.tornum.com\/pl\/wp-json\/wp\/v2\/product\/33730\/revisions\/33868"}],"wp:featuredmedia":[{"embeddable":true,"href":"https:\/\/www.tornum.com\/pl\/wp-json\/wp\/v2\/media\/33572"}],"wp:attachment":[{"href":"https:\/\/www.tornum.com\/pl\/wp-json\/wp\/v2\/media?parent=33730"}],"wp:term":[{"taxonomy":"product_brand","embeddable":true,"href":"https:\/\/www.tornum.com\/pl\/wp-json\/wp\/v2\/product_brand?post=33730"},{"taxonomy":"product_cat","embeddable":true,"href":"https:\/\/www.tornum.com\/pl\/wp-json\/wp\/v2\/product_cat?post=33730"},{"taxonomy":"product_tag","embeddable":true,"href":"https:\/\/www.tornum.com\/pl\/wp-json\/wp\/v2\/product_tag?post=33730"}],"curies":[{"name":"wp","href":"https:\/\/api.w.org\/{rel}","templated":true}]}}