{"id":33731,"date":"2023-05-17T13:11:22","date_gmt":"2023-05-17T13:11:22","guid":{"rendered":"https:\/\/www.tornum.com\/product\/cmt-clima\/"},"modified":"2025-03-19T18:48:16","modified_gmt":"2025-03-19T18:48:16","slug":"nagrzewnica-cmt-clima","status":"publish","type":"product","link":"https:\/\/www.tornum.com\/pl\/produkt\/nagrzewnica-cmt-clima\/","title":{"rendered":"NAGRZEWNICA CMT CLIMA"},"content":{"rendered":"<p>Dost\u0119pne s\u0105 dwa warianty nagrzewnic CMT: G (pionowy) i GO (poziomy). Nagrzewnica jest wyposa\u017cona w: palnik olejowy marki Riello, cyfrow\u0105 regulacj\u0119 temperatury i termostatyczne zabezpieczenie przed przegrzaniem. Nagrzewnica musi by\u0107 zabezpieczona przed czynnikami atmosferycznymi, je\u015bli ma zosta\u0107 zamontowana na zewn\u0105trz pomieszcze\u0144.<\/p>\n","protected":false},"excerpt":{"rendered":"<p>Dost\u0119pne s\u0105 dwa warianty nagrzewnic CMT: G (pionowy) i GO (poziomy). Nagrzewnica jest wyposa\u017cona w: palnik olejowy marki Riello, cyfrow\u0105 regulacj\u0119 temperatury i termostatyczne zabezpieczenie przed przegrzaniem. Nagrzewnica musi by\u0107 zabezpieczona przed czynnikami atmosferycznymi, je\u015bli ma zosta\u0107 zamontowana na zewn\u0105trz pomieszcze\u0144.<\/p>\n","protected":false},"featured_media":33415,"comment_status":"open","ping_status":"closed","template":"","meta":{"_acf_changed":false},"product_brand":[],"product_cat":[955,956,964],"product_tag":[965,966],"class_list":{"0":"post-33731","1":"product","2":"type-product","3":"status-publish","4":"has-post-thumbnail","6":"product_cat-all-products-pl","7":"product_cat-conditioning-pl","8":"product_cat-heat-sources-pl","9":"product_tag-burner-pl","10":"product_tag-dryer-pl","11":"description-off","13":"first","14":"instock","15":"shipping-taxable","16":"product-type-simple"},"acf":[],"_links":{"self":[{"href":"https:\/\/www.tornum.com\/pl\/wp-json\/wp\/v2\/product\/33731","targetHints":{"allow":["GET"]}}],"collection":[{"href":"https:\/\/www.tornum.com\/pl\/wp-json\/wp\/v2\/product"}],"about":[{"href":"https:\/\/www.tornum.com\/pl\/wp-json\/wp\/v2\/types\/product"}],"replies":[{"embeddable":true,"href":"https:\/\/www.tornum.com\/pl\/wp-json\/wp\/v2\/comments?post=33731"}],"version-history":[{"count":1,"href":"https:\/\/www.tornum.com\/pl\/wp-json\/wp\/v2\/product\/33731\/revisions"}],"predecessor-version":[{"id":33872,"href":"https:\/\/www.tornum.com\/pl\/wp-json\/wp\/v2\/product\/33731\/revisions\/33872"}],"wp:featuredmedia":[{"embeddable":true,"href":"https:\/\/www.tornum.com\/pl\/wp-json\/wp\/v2\/media\/33415"}],"wp:attachment":[{"href":"https:\/\/www.tornum.com\/pl\/wp-json\/wp\/v2\/media?parent=33731"}],"wp:term":[{"taxonomy":"product_brand","embeddable":true,"href":"https:\/\/www.tornum.com\/pl\/wp-json\/wp\/v2\/product_brand?post=33731"},{"taxonomy":"product_cat","embeddable":true,"href":"https:\/\/www.tornum.com\/pl\/wp-json\/wp\/v2\/product_cat?post=33731"},{"taxonomy":"product_tag","embeddable":true,"href":"https:\/\/www.tornum.com\/pl\/wp-json\/wp\/v2\/product_tag?post=33731"}],"curies":[{"name":"wp","href":"https:\/\/api.w.org\/{rel}","templated":true}]}}