{"id":33821,"date":"2023-05-04T11:19:47","date_gmt":"2023-05-04T11:19:47","guid":{"rendered":"https:\/\/www.tornum.com\/product\/self-discharging-bin-st\/"},"modified":"2025-07-14T07:31:02","modified_gmt":"2025-07-14T07:31:02","slug":"silos-z-rozladunkiem-samoczynnym-st","status":"publish","type":"product","link":"https:\/\/www.tornum.com\/pl\/produkt\/silos-z-rozladunkiem-samoczynnym-st\/","title":{"rendered":"SILOS Z ROZ\u0141ADUNKIEM SAMOCZYNNYM ST"},"content":{"rendered":"<div class=\"wpb-content-wrapper\"><p>[vc_row][vc_column width=&#8221;2\/3&#8243;][vc_column_text]Silos z roz\u0142adunkiem samoczynnym ST firmy Tornum zosta\u0142 specjalnie zaprojektowany do przechowywania ziarna. Jest dost\u0119pny w kilku r\u00f3\u017cnych wielko\u015bciach. Mo\u017cna go zmontowa\u0107 z sekcji w jedn\u0105 ca\u0142o\u015b\u0107 na poziomie gruntu, kt\u00f3r\u0105 nast\u0119pnie podnosi si\u0119 i ustawia w miejscu posadowienia.[\/vc_column_text][\/vc_column][vc_column width=&#8221;1\/3&#8243;][vc_column_text]<strong>CECHY<\/strong><br \/>\n\u2022 Wykonanie ze stali ocynkowanej ogniowo<br \/>\n\u2022 Wysoko\u015b\u0107 ka\u017cdej sekcji 505 mm<br \/>\n\u2022 Mo\u017cliwo\u015b\u0107 rozbudowy o kolejne sekcje, montowane przy g\u0142\u00f3wnym zbiorniku<br \/>\n\u2022 G\u0142adkie \u015bcianki wewn\u0119trzne u\u0142atwiaj\u0105 czyszczenie i nadaj\u0105 si\u0119 do mokrego ziarna<br \/>\n\u2022 Konstrukcja umo\u017cliwia kilka metod monta\u017cu, co skraca czas zabudowy<br \/>\n\u2022 Wylot 200 x 200 mm<br \/>\n\u2022 Lej jest konstrukcj\u0105 w pe\u0142ni skr\u0119can\u0105 i wyposa\u017cony jest w nogi o przekroju kwadratowym<\/p>\n<p><strong>WYPOSA\u017bENIE DODATKOWE<\/strong><br \/>\n\u2022 Otw\u00f3r rewizyjny z kratk\u0105 zabezpieczaj\u0105c\u0105, montowany w pod\u0142odze<br \/>\n\u2022 Kana\u0142 kondycjonuj\u0105cy poprzeczny<br \/>\n\u2022 Wska\u017anik poziomu<br \/>\n\u2022 Pomiar temperatury<br \/>\n\u2022 Kr\u00f3ciec przy\u0142\u0105czeniowy na wylocie<br \/>\n\u2022 Przegroda[\/vc_column_text][\/vc_column][\/vc_row]<\/p>\n<\/div>","protected":false},"excerpt":{"rendered":"<p>Silos z roz\u0142adunkiem samoczynnym ST firmy Tornum zosta\u0142 specjalnie zaprojektowany do przechowywania ziarna. Jest dost\u0119pny w kilku r\u00f3\u017cnych wielko\u015bciach. Mo\u017cna go zmontowa\u0107 z sekcji w jedn\u0105 ca\u0142o\u015b\u0107 na poziomie gruntu, kt\u00f3r\u0105 nast\u0119pnie podnosi si\u0119 i ustawia w miejscu posadowienia.<\/p>\n","protected":false},"featured_media":33410,"comment_status":"open","ping_status":"closed","template":"","meta":{"_acf_changed":false},"product_brand":[],"product_cat":[955,962,1000,1041],"product_tag":[987,1003,989],"class_list":{"0":"post-33821","1":"product","2":"type-product","3":"status-publish","4":"has-post-thumbnail","6":"product_cat-all-products-pl","7":"product_cat-food-2-pl","8":"product_cat-storage-pl","9":"product_cat-self-discharging-bin-pl","10":"product_tag-bin-pl","11":"product_tag-storage-pl","12":"product_tag-transport-pl","13":"description-off","15":"first","16":"instock","17":"shipping-taxable","18":"product-type-simple"},"acf":[],"_links":{"self":[{"href":"https:\/\/www.tornum.com\/pl\/wp-json\/wp\/v2\/product\/33821","targetHints":{"allow":["GET"]}}],"collection":[{"href":"https:\/\/www.tornum.com\/pl\/wp-json\/wp\/v2\/product"}],"about":[{"href":"https:\/\/www.tornum.com\/pl\/wp-json\/wp\/v2\/types\/product"}],"replies":[{"embeddable":true,"href":"https:\/\/www.tornum.com\/pl\/wp-json\/wp\/v2\/comments?post=33821"}],"version-history":[{"count":2,"href":"https:\/\/www.tornum.com\/pl\/wp-json\/wp\/v2\/product\/33821\/revisions"}],"predecessor-version":[{"id":33825,"href":"https:\/\/www.tornum.com\/pl\/wp-json\/wp\/v2\/product\/33821\/revisions\/33825"}],"wp:featuredmedia":[{"embeddable":true,"href":"https:\/\/www.tornum.com\/pl\/wp-json\/wp\/v2\/media\/33410"}],"wp:attachment":[{"href":"https:\/\/www.tornum.com\/pl\/wp-json\/wp\/v2\/media?parent=33821"}],"wp:term":[{"taxonomy":"product_brand","embeddable":true,"href":"https:\/\/www.tornum.com\/pl\/wp-json\/wp\/v2\/product_brand?post=33821"},{"taxonomy":"product_cat","embeddable":true,"href":"https:\/\/www.tornum.com\/pl\/wp-json\/wp\/v2\/product_cat?post=33821"},{"taxonomy":"product_tag","embeddable":true,"href":"https:\/\/www.tornum.com\/pl\/wp-json\/wp\/v2\/product_tag?post=33821"}],"curies":[{"name":"wp","href":"https:\/\/api.w.org\/{rel}","templated":true}]}}