{"id":50112,"date":"2025-07-17T08:25:36","date_gmt":"2025-07-17T08:25:36","guid":{"rendered":"https:\/\/www.tornum.com\/?post_type=product&#038;p=50112"},"modified":"2025-08-01T08:08:36","modified_gmt":"2025-08-01T08:08:36","slug":"wentylatory-odsrodkowe-srednie-cisnienie-2","status":"publish","type":"product","link":"https:\/\/www.tornum.com\/pl\/produkt\/wentylatory-odsrodkowe-srednie-cisnienie-2\/","title":{"rendered":"WENTYLATORY OD\u015aRODKOWE \u2013 \u015aREDNIE CI\u015aNIENIE"},"content":{"rendered":"<div class=\"wpb-content-wrapper\"><p>[vc_row][vc_column width=&#8221;2\/3&#8243;][vc_column_text css=&#8221;&#8221;]Wentylatory od\u015brodkowe firmy Tornum maj\u0105 czyst\u0105, solidn\u0105 konstrukcj\u0119. Ich \u015brednie ci\u015bnienie sprawia, \u017ce idealnie nadaj\u0105 si\u0119 do kondycjonowania mokrego ziarna. Doskonale sprawdzaj\u0105 si\u0119 tak\u017ce w systemach aspiracyjnych z filtrami, zapewniaj\u0105c mniej zapylone \u015brodowisko wewn\u0119trzne. R\u00f3\u017cne opcje monta\u017cu u\u0142atwiaj\u0105 instalacj\u0119. Wentylator dostarczany jest w solidnej, ca\u0142kowicie spawanej konstrukcji z blachy stalowej. Ko\u0142a wentylatora standardowo wyposa\u017cone s\u0105 w \u0142opatki skierowane do ty\u0142u, zapewniaj\u0105ce wysok\u0105 sprawno\u015b\u0107. Alternatywnie, mog\u0105 by\u0107 zamawiane z p\u0142askimi \u0142opatkami tylnymi do pracy z zapylonym powietrzem. Dost\u0119pne s\u0105 r\u00f3wnie\u017c opcje przy\u0142\u0105czy wlotowych i wylotowych do kana\u0142\u00f3w typu spiro.[\/vc_column_text][\/vc_column][vc_column width=&#8221;1\/3&#8243;][vc_column_text css=&#8221;&#8221;]<strong>CECHY<\/strong><br \/>\n\u2022 Wydajno\u015b\u0107 przep\u0142ywu powietrza: 400 \u2013 135.000 m\u00b3\/h<br \/>\n\u2022 Ci\u015bnienie: 100 \u2013 7.500 Pa<br \/>\n\u2022 Maks. temperatura gazu w wersji standardowej: 40\u00b0C<br \/>\n\u2022 Maks. temperatura gazu z p\u0142yt\u0105 ch\u0142odz\u0105c\u0105: 300\u00b0C<br \/>\n\u2022 Typ ko\u0142a: Promieniowe, zakrzywione do ty\u0142u[\/vc_column_text][\/vc_column][\/vc_row]<\/p>\n<\/div>","protected":false},"excerpt":{"rendered":"<p>Wentylatory od\u015brodkowe \u015bredniego ci\u015bnienia firmy Tornum s\u0105 przeznaczone do ch\u0142odzenia i suszenia ziarna. Wentylatory s\u0105 wyj\u0105tkowo wydajne i emituj\u0105 niski poziom ha\u0142asu.<\/p>\n","protected":false},"featured_media":47339,"comment_status":"open","ping_status":"closed","template":"","meta":{"_acf_changed":false},"product_brand":[],"product_cat":[955,963,956,1006],"product_tag":[960],"class_list":{"0":"post-50112","1":"product","2":"type-product","3":"status-publish","4":"has-post-thumbnail","6":"product_cat-all-products-pl","7":"product_cat-grain-pl","8":"product_cat-conditioning-pl","9":"product_cat-centrifugal-fan-pl","10":"product_tag-fan-pl","11":"description-off","13":"first","14":"instock","15":"shipping-taxable","16":"product-type-simple"},"acf":[],"_links":{"self":[{"href":"https:\/\/www.tornum.com\/pl\/wp-json\/wp\/v2\/product\/50112","targetHints":{"allow":["GET"]}}],"collection":[{"href":"https:\/\/www.tornum.com\/pl\/wp-json\/wp\/v2\/product"}],"about":[{"href":"https:\/\/www.tornum.com\/pl\/wp-json\/wp\/v2\/types\/product"}],"replies":[{"embeddable":true,"href":"https:\/\/www.tornum.com\/pl\/wp-json\/wp\/v2\/comments?post=50112"}],"version-history":[{"count":11,"href":"https:\/\/www.tornum.com\/pl\/wp-json\/wp\/v2\/product\/50112\/revisions"}],"predecessor-version":[{"id":51158,"href":"https:\/\/www.tornum.com\/pl\/wp-json\/wp\/v2\/product\/50112\/revisions\/51158"}],"wp:featuredmedia":[{"embeddable":true,"href":"https:\/\/www.tornum.com\/pl\/wp-json\/wp\/v2\/media\/47339"}],"wp:attachment":[{"href":"https:\/\/www.tornum.com\/pl\/wp-json\/wp\/v2\/media?parent=50112"}],"wp:term":[{"taxonomy":"product_brand","embeddable":true,"href":"https:\/\/www.tornum.com\/pl\/wp-json\/wp\/v2\/product_brand?post=50112"},{"taxonomy":"product_cat","embeddable":true,"href":"https:\/\/www.tornum.com\/pl\/wp-json\/wp\/v2\/product_cat?post=50112"},{"taxonomy":"product_tag","embeddable":true,"href":"https:\/\/www.tornum.com\/pl\/wp-json\/wp\/v2\/product_tag?post=50112"}],"curies":[{"name":"wp","href":"https:\/\/api.w.org\/{rel}","templated":true}]}}