{"id":53616,"date":"2026-02-19T12:48:58","date_gmt":"2026-02-19T12:48:58","guid":{"rendered":"https:\/\/www.tornum.com\/?post_type=product&#038;p=53616"},"modified":"2026-03-25T09:47:09","modified_gmt":"2026-03-25T09:47:09","slug":"atlas","status":"publish","type":"product","link":"https:\/\/www.tornum.com\/pl\/produkt\/atlas\/","title":{"rendered":"ATLAS"},"content":{"rendered":"<div class=\"wpb-content-wrapper\"><p>[vc_row][vc_column width=&#8221;1\/2&#8243;][vc_column_text css=&#8221;&#8221;]<\/p>\n<p data-start=\"138\" data-end=\"466\"><strong data-start=\"138\" data-end=\"157\">Zaprojektowany z my\u015bl\u0105 o efektywno\u015bci i bezpiecze\u0144stwie<\/strong><\/p>\n<p data-start=\"138\" data-end=\"466\">Atlas Transport koordynuje ka\u017cdy element systemu, oszcz\u0119dzaj\u0105c czas i zapobiegaj\u0105c b\u0142\u0119dom. Operatorzy musz\u0105 jedynie wybra\u0107 punkt pocz\u0105tkowy i ko\u0144cowy, a Atlas zajmuje si\u0119 reszt\u0105. Umo\u017cliwia to p\u0142ynn\u0105 prac\u0119 przy mniejszym nadzorze, zapewnia informacje zwrotne w czasie rzeczywistym oraz obs\u0142ug\u0119 alarm\u00f3w, a tak\u017ce szybsze, bezpieczniejsze i czystsze cykle transportu.<\/p>\n<p data-start=\"468\" data-end=\"865\">Jako cz\u0119\u015b\u0107 ekosystemu Atlas, system transportu integruje si\u0119 ze wszystkimi innymi modu\u0142ami, w tym sterownikami suszarni oraz inteligentnym zarz\u0105dzaniem magazynowaniem, zapewniaj\u0105c jeden interfejs dla ca\u0142ego obiektu. Umo\u017cliwia to jednolite sterowanie wszystkimi procesami w zak\u0142adzie, zdalny dost\u0119p do danych o bie\u017c\u0105cej wydajno\u015bci oraz analizy predykcyjne z pe\u0142n\u0105 identyfikowalno\u015bci\u0105, daj\u0105c operatorom pe\u0142n\u0105 kontrol\u0119 nad ka\u017cdym procesem.<\/p>\n<p>[\/vc_column_text][\/vc_column][vc_column width=&#8221;1\/2&#8243;][vc_column_text css=&#8221;&#8221;]<\/p>\n<p data-start=\"164\" data-end=\"347\"><strong data-start=\"164\" data-end=\"183\">Spraw, aby ka\u017cdy ziarnko mia\u0142o znaczenie<\/strong><\/p>\n<p data-start=\"164\" data-end=\"347\">Atlas Transport przejmuje pe\u0142n\u0105 kontrol\u0119 nad obs\u0142ug\u0105 zbo\u017ca \u2014 od przyj\u0119cia, przez magazynowanie, a\u017c po wydawanie \u2014 zapewniaj\u0105c p\u0142ynny, automatyczny i inteligentny przep\u0142yw w ca\u0142ym obiekcie.<\/p>\n<p data-start=\"349\" data-end=\"739\">System zosta\u0142 zaprojektowany tak, aby optymalizowa\u0107 ka\u017cdy etap procesu. Dzi\u0119ki funkcjom Scheduling i Auto Pit transfery mog\u0105 by\u0107 planowane i realizowane automatycznie, natomiast Multi Destination Queue Scheduling umo\u017cliwia zarz\u0105dzanie wieloma trasami w sekwencji. Dzi\u0119ki Intelligent Routing przeno\u015bniki i podno\u015bniki s\u0105 automatycznie dobierane dla ka\u017cdej \u015bcie\u017cki, zapewniaj\u0105c za ka\u017cdym razem wydajny transport.<\/p>\n<p data-start=\"741\" data-end=\"1025\">Operatorzy zyskuj\u0105 pe\u0142n\u0105 widoczno\u015b\u0107 dzi\u0119ki funkcji Route Map Visualization, kt\u00f3ra zapewnia przejrzysty obraz ka\u017cdego ruchu zbo\u017ca. Aby utrzyma\u0107 niezawodno\u015b\u0107, Blockage Detection and Resolution pomaga zapobiega\u0107 przestojom, natomiast Preventive Maintenance dostarcza inteligentne alerty jeszcze przed wyst\u0105pieniem awarii.<\/p>\n<p data-start=\"1027\" data-end=\"1165\">Powiadomienia o zako\u0144czeniu procesu (Process Completion Notifications) informuj\u0105 operator\u00f3w o zako\u0144czeniu ka\u017cdego transferu, umo\u017cliwiaj\u0105c lepsz\u0105 kontrol\u0119 i koordynacj\u0119.<\/p>\n<p data-start=\"1167\" data-end=\"1292\">Razem te funkcje tworz\u0105 inteligentniejszy, bezpieczniejszy i bardziej wydajny system obs\u0142ugi zbo\u017ca, kt\u00f3ry naprawd\u0119 sprawia, \u017ce ka\u017cde ziarno ma znaczenie.<\/p>\n<p>[\/vc_column_text][\/vc_column][\/vc_row]<\/p>\n<\/div>","protected":false},"excerpt":{"rendered":"<h2 data-start=\"75\" data-end=\"132\">Atlas Transport \u2013 Inteligentniejsze sterowanie obiektami do obs\u0142ugi zbo\u017ca<\/h2>\n<p data-start=\"134\" data-end=\"638\">Atlas Transport to zaawansowany system zaprojektowany w celu optymalizacji obs\u0142ugi zbo\u017ca od przyj\u0119cia, przez magazynowanie, a\u017c po wydawanie, zapewniaj\u0105c p\u0142ynny, automatyczny i inteligentny przep\u0142yw w ca\u0142ym obiekcie, przy jednoczesnym zwi\u0119kszeniu efektywno\u015bci i bezpiecze\u0144stwa. Jako cz\u0119\u015b\u0107 ekosystemu Atlas, Atlas Transport bezproblemowo integruje si\u0119 z innymi modu\u0142ami, w tym sterownikami suszarni i inteligentnymi systemami magazynowania, zapewniaj\u0105c jednolit\u0105 platform\u0119, na kt\u00f3rej operatorzy mog\u0105 monitorowa\u0107 i kontrolowa\u0107 ca\u0142y obiekt poprzez jeden interfejs.<\/p>\n<p>&nbsp;<\/p>\n<p>&nbsp;<\/p>\n","protected":false},"featured_media":53484,"comment_status":"open","ping_status":"closed","template":"","meta":{"_acf_changed":false},"product_brand":[],"product_cat":[955,963,975,1035],"product_tag":[978,1003],"class_list":{"0":"post-53616","1":"product","2":"type-product","3":"status-publish","4":"has-post-thumbnail","6":"product_cat-all-products-pl","7":"product_cat-grain-pl","8":"product_cat-grain-management-pl","9":"product_cat-nmc-pl","10":"product_tag-monitoring-pl","11":"product_tag-storage-pl","12":"description-off","14":"first","15":"instock","16":"shipping-taxable","17":"product-type-simple"},"acf":[],"_links":{"self":[{"href":"https:\/\/www.tornum.com\/pl\/wp-json\/wp\/v2\/product\/53616","targetHints":{"allow":["GET"]}}],"collection":[{"href":"https:\/\/www.tornum.com\/pl\/wp-json\/wp\/v2\/product"}],"about":[{"href":"https:\/\/www.tornum.com\/pl\/wp-json\/wp\/v2\/types\/product"}],"replies":[{"embeddable":true,"href":"https:\/\/www.tornum.com\/pl\/wp-json\/wp\/v2\/comments?post=53616"}],"version-history":[{"count":8,"href":"https:\/\/www.tornum.com\/pl\/wp-json\/wp\/v2\/product\/53616\/revisions"}],"predecessor-version":[{"id":53731,"href":"https:\/\/www.tornum.com\/pl\/wp-json\/wp\/v2\/product\/53616\/revisions\/53731"}],"wp:featuredmedia":[{"embeddable":true,"href":"https:\/\/www.tornum.com\/pl\/wp-json\/wp\/v2\/media\/53484"}],"wp:attachment":[{"href":"https:\/\/www.tornum.com\/pl\/wp-json\/wp\/v2\/media?parent=53616"}],"wp:term":[{"taxonomy":"product_brand","embeddable":true,"href":"https:\/\/www.tornum.com\/pl\/wp-json\/wp\/v2\/product_brand?post=53616"},{"taxonomy":"product_cat","embeddable":true,"href":"https:\/\/www.tornum.com\/pl\/wp-json\/wp\/v2\/product_cat?post=53616"},{"taxonomy":"product_tag","embeddable":true,"href":"https:\/\/www.tornum.com\/pl\/wp-json\/wp\/v2\/product_tag?post=53616"}],"curies":[{"name":"wp","href":"https:\/\/api.w.org\/{rel}","templated":true}]}}