{"id":24491,"date":"2023-09-01T14:57:08","date_gmt":"2023-09-01T14:57:08","guid":{"rendered":"https:\/\/www.tornum.com\/our-companies\/"},"modified":"2025-05-16T09:56:58","modified_gmt":"2025-05-16T09:56:58","slug":"companiile-din-cadrul-tornum","status":"publish","type":"page","link":"https:\/\/www.tornum.com\/ro\/companiile-din-cadrul-tornum\/","title":{"rendered":"Companiile din cadrul Tornum"},"content":{"rendered":"\t\t<div data-elementor-type=\"wp-page\" data-elementor-id=\"24491\" class=\"elementor elementor-24491 elementor-16115\" data-elementor-settings=\"{&quot;ha_cmc_init_switcher&quot;:&quot;no&quot;}\" data-elementor-post-type=\"page\">\n\t\t\t\t\t\t<section class=\"elementor-section elementor-top-section elementor-element elementor-element-78e0784c elementor-section-stretched elementor-section-full_width elementor-section-height-default elementor-section-height-default\" data-id=\"78e0784c\" data-element_type=\"section\" data-settings=\"{&quot;stretch_section&quot;:&quot;section-stretched&quot;,&quot;_ha_eqh_enable&quot;:false}\">\n\t\t\t\t\t\t<div class=\"elementor-container elementor-column-gap-default\">\n\t\t\t\t\t<div class=\"elementor-column elementor-col-50 elementor-top-column elementor-element elementor-element-69dc737e\" data-id=\"69dc737e\" data-element_type=\"column\">\n\t\t\t<div class=\"elementor-widget-wrap elementor-element-populated\">\n\t\t\t\t\t\t<div class=\"elementor-element elementor-element-1dcbcaea elementor-hidden-tablet elementor-hidden-mobile elementor-widget elementor-widget-heading\" data-id=\"1dcbcaea\" data-element_type=\"widget\" data-widget_type=\"heading.default\">\n\t\t\t\t<div class=\"elementor-widget-container\">\n\t\t\t\t\t<h1 class=\"elementor-heading-title elementor-size-default\">Companiile din cadrul Tornum<\/h1>\t\t\t\t<\/div>\n\t\t\t\t<\/div>\n\t\t\t\t<div class=\"elementor-element elementor-element-7a102731 elementor-hidden-desktop elementor-widget elementor-widget-heading\" data-id=\"7a102731\" data-element_type=\"widget\" data-widget_type=\"heading.default\">\n\t\t\t\t<div class=\"elementor-widget-container\">\n\t\t\t\t\t<h1 class=\"elementor-heading-title elementor-size-default\">Companies  within  Tornum<\/h1>\t\t\t\t<\/div>\n\t\t\t\t<\/div>\n\t\t\t\t<div class=\"elementor-element elementor-element-41a7499c elementor-widget elementor-widget-text-editor\" data-id=\"41a7499c\" data-element_type=\"widget\" data-widget_type=\"text-editor.default\">\n\t\t\t\t<div class=\"elementor-widget-container\">\n\t\t\t\t\t\t\t\t\t<p style=\"background: white; margin: 0in 0in 11.25pt 0in;\"><span style=\"font-family: 'Arial',sans-serif; color: #545559;\">Utiliz\u00e2nd cele mai noi tehnologii \u00een proiectare \u0219i produc\u021bie, dezvolt\u0103m \u0219i construim instala\u021biile de m\u00e2ine pentru gestionarea cerealelor &#8211; pentru tine.<\/span><\/p><p style=\"background: white; margin: 0in 0in 11.25pt 0in;\"><span style=\"font-family: 'Arial',sans-serif; color: #545559;\">Dezvoltarea noastr\u0103 &#8211; \u0219i majoritatea produc\u021biei noastre &#8211; are loc la sediul nostru din Kv\u00e4num, Suedia. Kv\u00e4num este o localitate rurala \u0219i mul\u021bi dintre angaja\u021bii no\u0219tri au experien\u021b\u0103 \u00een industria cerealelor. Unii dintre ei sunt chiar agricultori cu jum\u0103tate de norm\u0103, ad\u0103ug\u00e2nd astfel o experien\u021b\u0103 personal\u0103 valoroas\u0103 \u0219i o \u00een\u021belegere a condi\u021biilor agricole \u00een acest proces. Acest lucru ne ofer\u0103 un avantaj atunci c\u00e2nd dezvolt\u0103m instala\u021bii fiabile \u0219i eficiente care \u00eendeplinesc cele mai \u00eenalte standarde de calitate.<\/span><\/p><p style=\"margin-top: 0in; background: white;\"><span style=\"font-family: 'Arial',sans-serif; color: #545559;\">De-a lungul anilor, ne-am extins cuno\u0219tin\u021bele, portofoliul de produse \u0219i oferta prin noi achizi\u021bii. Mai jos pute\u021bi citi mai multe despre companiile care fac acum parte din Tornum.<\/span><\/p>\t\t\t\t\t\t\t\t<\/div>\n\t\t\t\t<\/div>\n\t\t\t\t\t<\/div>\n\t\t<\/div>\n\t\t\t\t<div class=\"elementor-column elementor-col-50 elementor-top-column elementor-element elementor-element-6d42d37\" data-id=\"6d42d37\" data-element_type=\"column\">\n\t\t\t<div class=\"elementor-widget-wrap elementor-element-populated\">\n\t\t\t\t\t\t<div class=\"elementor-element elementor-element-12226fc elementor-widget elementor-widget-image\" data-id=\"12226fc\" data-element_type=\"widget\" data-widget_type=\"image.default\">\n\t\t\t\t<div class=\"elementor-widget-container\">\n\t\t\t\t\t\t\t\t\t\t\t\t\t\t\t<img fetchpriority=\"high\" decoding=\"async\" width=\"1024\" height=\"768\" src=\"https:\/\/www.tornum.com\/wp-content\/uploads\/2023\/06\/5-1024x768.jpg\" class=\"attachment-large size-large wp-image-13353\" alt=\"\" srcset=\"https:\/\/www.tornum.com\/wp-content\/uploads\/2023\/06\/5-1024x768.jpg 1024w, https:\/\/www.tornum.com\/wp-content\/uploads\/2023\/06\/5-600x450.jpg 600w, https:\/\/www.tornum.com\/wp-content\/uploads\/2023\/06\/5-300x225.jpg 300w, https:\/\/www.tornum.com\/wp-content\/uploads\/2023\/06\/5-768x576.jpg 768w, https:\/\/www.tornum.com\/wp-content\/uploads\/2023\/06\/5-1536x1152.jpg 1536w, https:\/\/www.tornum.com\/wp-content\/uploads\/2023\/06\/5-2048x1536.jpg 2048w\" sizes=\"(max-width: 1024px) 100vw, 1024px\" \/>\t\t\t\t\t\t\t\t\t\t\t\t\t\t\t<\/div>\n\t\t\t\t<\/div>\n\t\t\t\t\t<\/div>\n\t\t<\/div>\n\t\t\t\t\t<\/div>\n\t\t<\/section>\n\t\t\t\t<section class=\"elementor-section elementor-top-section elementor-element elementor-element-51e72e42 elementor-section-stretched elementor-section-boxed elementor-section-height-default elementor-section-height-default\" data-id=\"51e72e42\" data-element_type=\"section\" data-settings=\"{&quot;stretch_section&quot;:&quot;section-stretched&quot;,&quot;background_background&quot;:&quot;classic&quot;,&quot;_ha_eqh_enable&quot;:false}\">\n\t\t\t\t\t\t<div class=\"elementor-container elementor-column-gap-default\">\n\t\t\t\t\t<div class=\"elementor-column elementor-col-50 elementor-top-column elementor-element elementor-element-5b57e816\" data-id=\"5b57e816\" data-element_type=\"column\">\n\t\t\t<div class=\"elementor-widget-wrap elementor-element-populated\">\n\t\t\t\t\t\t<div class=\"elementor-element elementor-element-19a3c04e elementor-widget elementor-widget-heading\" data-id=\"19a3c04e\" data-element_type=\"widget\" data-widget_type=\"heading.default\">\n\t\t\t\t<div class=\"elementor-widget-container\">\n\t\t\t\t\t<h4 class=\"elementor-heading-title elementor-size-default\">Mundus Maskin AB<\/h4>\t\t\t\t<\/div>\n\t\t\t\t<\/div>\n\t\t\t\t<div class=\"elementor-element elementor-element-71415273 elementor-widget elementor-widget-text-editor\" data-id=\"71415273\" data-element_type=\"widget\" data-widget_type=\"text-editor.default\">\n\t\t\t\t<div class=\"elementor-widget-container\">\n\t\t\t\t\t\t\t\t\t<p style=\"margin-top: 0in; background: #F4F4F4;\"><span style=\"font-family: 'Arial',sans-serif; color: #545559;\">Mundus Maskin face parte din Tornum din 2018 \u0219i este o companie de servicii complete pentru agricultura \u0219i industria suedez\u0103, cu accent pe optimizarea energiei. Mundus este rev\u00e2nz\u0103tor al GSI \u0219i Kongskilde pe pia\u021ba suedez\u0103.<\/span><\/p>\t\t\t\t\t\t\t\t<\/div>\n\t\t\t\t<\/div>\n\t\t\t\t<div class=\"elementor-element elementor-element-3c52d346 elementor-align-left elementor-widget elementor-widget-button\" data-id=\"3c52d346\" data-element_type=\"widget\" data-widget_type=\"button.default\">\n\t\t\t\t<div class=\"elementor-widget-container\">\n\t\t\t\t\t\t\t\t\t<div class=\"elementor-button-wrapper\">\n\t\t\t\t\t<a class=\"elementor-button elementor-button-link elementor-size-sm\" href=\"https:\/\/www.mundus.se\/\" target=\"_blank\">\n\t\t\t\t\t\t<span class=\"elementor-button-content-wrapper\">\n\t\t\t\t\t\t\t\t\t<span class=\"elementor-button-text\">Cite\u0219te mai mult<\/span>\n\t\t\t\t\t<\/span>\n\t\t\t\t\t<\/a>\n\t\t\t\t<\/div>\n\t\t\t\t\t\t\t\t<\/div>\n\t\t\t\t<\/div>\n\t\t\t\t\t<\/div>\n\t\t<\/div>\n\t\t\t\t<div class=\"elementor-column elementor-col-50 elementor-top-column elementor-element elementor-element-5f5d5bd5 elementor-hidden-tablet elementor-hidden-mobile\" data-id=\"5f5d5bd5\" data-element_type=\"column\">\n\t\t\t<div class=\"elementor-widget-wrap elementor-element-populated\">\n\t\t\t\t\t\t<div class=\"elementor-element elementor-element-1eeacf6 elementor-hidden-tablet elementor-hidden-mobile elementor-widget elementor-widget-image\" data-id=\"1eeacf6\" data-element_type=\"widget\" data-widget_type=\"image.default\">\n\t\t\t\t<div class=\"elementor-widget-container\">\n\t\t\t\t\t\t\t\t\t\t\t\t\t\t\t<img decoding=\"async\" width=\"400\" height=\"163\" src=\"https:\/\/www.tornum.com\/wp-content\/uploads\/2023\/09\/mundus_logo.png\" class=\"attachment-large size-large wp-image-16129\" alt=\"\" srcset=\"https:\/\/www.tornum.com\/wp-content\/uploads\/2023\/09\/mundus_logo.png 400w, https:\/\/www.tornum.com\/wp-content\/uploads\/2023\/09\/mundus_logo-300x122.png 300w\" sizes=\"(max-width: 400px) 100vw, 400px\" \/>\t\t\t\t\t\t\t\t\t\t\t\t\t\t\t<\/div>\n\t\t\t\t<\/div>\n\t\t\t\t\t<\/div>\n\t\t<\/div>\n\t\t\t\t\t<\/div>\n\t\t<\/section>\n\t\t\t\t<section class=\"elementor-section elementor-top-section elementor-element elementor-element-475ee935 elementor-section-stretched elementor-section-boxed elementor-section-height-default elementor-section-height-default\" data-id=\"475ee935\" data-element_type=\"section\" data-settings=\"{&quot;stretch_section&quot;:&quot;section-stretched&quot;,&quot;background_background&quot;:&quot;classic&quot;,&quot;_ha_eqh_enable&quot;:false}\">\n\t\t\t\t\t\t<div class=\"elementor-container elementor-column-gap-default\">\n\t\t\t\t\t<div class=\"elementor-column elementor-col-50 elementor-top-column elementor-element elementor-element-1a58bb62 elementor-hidden-tablet elementor-hidden-mobile\" data-id=\"1a58bb62\" data-element_type=\"column\">\n\t\t\t<div class=\"elementor-widget-wrap elementor-element-populated\">\n\t\t\t\t\t\t<div class=\"elementor-element elementor-element-793da1e4 elementor-hidden-tablet elementor-hidden-mobile elementor-widget elementor-widget-image\" data-id=\"793da1e4\" data-element_type=\"widget\" data-widget_type=\"image.default\">\n\t\t\t\t<div class=\"elementor-widget-container\">\n\t\t\t\t\t\t\t\t\t\t\t\t\t\t\t<img decoding=\"async\" width=\"400\" height=\"163\" src=\"https:\/\/www.tornum.com\/wp-content\/uploads\/2023\/09\/silokonsult_tornum.jpg\" class=\"attachment-large size-large wp-image-16133\" alt=\"\" srcset=\"https:\/\/www.tornum.com\/wp-content\/uploads\/2023\/09\/silokonsult_tornum.jpg 400w, https:\/\/www.tornum.com\/wp-content\/uploads\/2023\/09\/silokonsult_tornum-300x122.jpg 300w\" sizes=\"(max-width: 400px) 100vw, 400px\" \/>\t\t\t\t\t\t\t\t\t\t\t\t\t\t\t<\/div>\n\t\t\t\t<\/div>\n\t\t\t\t\t<\/div>\n\t\t<\/div>\n\t\t\t\t<div class=\"elementor-column elementor-col-50 elementor-top-column elementor-element elementor-element-1dfa1ea6\" data-id=\"1dfa1ea6\" data-element_type=\"column\">\n\t\t\t<div class=\"elementor-widget-wrap elementor-element-populated\">\n\t\t\t\t\t\t<div class=\"elementor-element elementor-element-f3d41f7 elementor-widget elementor-widget-heading\" data-id=\"f3d41f7\" data-element_type=\"widget\" data-widget_type=\"heading.default\">\n\t\t\t\t<div class=\"elementor-widget-container\">\n\t\t\t\t\t<h4 class=\"elementor-heading-title elementor-size-default\">Silokonsult<\/h4>\t\t\t\t<\/div>\n\t\t\t\t<\/div>\n\t\t\t\t<div class=\"elementor-element elementor-element-39258e2b elementor-widget elementor-widget-text-editor\" data-id=\"39258e2b\" data-element_type=\"widget\" data-widget_type=\"text-editor.default\">\n\t\t\t\t<div class=\"elementor-widget-container\">\n\t\t\t\t\t\t\t\t\t<p style=\"margin-top: 0in; background: white;\"><span style=\"font-family: 'Arial',sans-serif; color: #545559;\">Silokonsult face parte din Tornum din 2017, oferind servicii de proiectare \u0219i echipamente mecanice pentru industria alimentar\u0103 \u0219i de gestionare a cerealelor din Suedia \u0219i Norvegia.<\/span><\/p>\t\t\t\t\t\t\t\t<\/div>\n\t\t\t\t<\/div>\n\t\t\t\t<div class=\"elementor-element elementor-element-2587b5a5 elementor-align-left elementor-widget elementor-widget-button\" data-id=\"2587b5a5\" data-element_type=\"widget\" data-widget_type=\"button.default\">\n\t\t\t\t<div class=\"elementor-widget-container\">\n\t\t\t\t\t\t\t\t\t<div class=\"elementor-button-wrapper\">\n\t\t\t\t\t<a class=\"elementor-button elementor-button-link elementor-size-sm\" href=\"https:\/\/silokonsult.se\/\" target=\"_blank\">\n\t\t\t\t\t\t<span class=\"elementor-button-content-wrapper\">\n\t\t\t\t\t\t\t\t\t<span class=\"elementor-button-text\">Cite\u0219te mai mult<\/span>\n\t\t\t\t\t<\/span>\n\t\t\t\t\t<\/a>\n\t\t\t\t<\/div>\n\t\t\t\t\t\t\t\t<\/div>\n\t\t\t\t<\/div>\n\t\t\t\t\t<\/div>\n\t\t<\/div>\n\t\t\t\t\t<\/div>\n\t\t<\/section>\n\t\t\t\t<section class=\"elementor-section elementor-top-section elementor-element elementor-element-7c32d81f elementor-section-stretched elementor-section-boxed elementor-section-height-default elementor-section-height-default\" data-id=\"7c32d81f\" data-element_type=\"section\" data-settings=\"{&quot;stretch_section&quot;:&quot;section-stretched&quot;,&quot;background_background&quot;:&quot;classic&quot;,&quot;_ha_eqh_enable&quot;:false}\">\n\t\t\t\t\t\t<div class=\"elementor-container elementor-column-gap-default\">\n\t\t\t\t\t<div class=\"elementor-column elementor-col-50 elementor-top-column elementor-element elementor-element-5f5f69a7\" data-id=\"5f5f69a7\" data-element_type=\"column\">\n\t\t\t<div class=\"elementor-widget-wrap elementor-element-populated\">\n\t\t\t\t\t\t<div class=\"elementor-element elementor-element-7e5e7cb5 elementor-widget elementor-widget-heading\" data-id=\"7e5e7cb5\" data-element_type=\"widget\" data-widget_type=\"heading.default\">\n\t\t\t\t<div class=\"elementor-widget-container\">\n\t\t\t\t\t<h4 class=\"elementor-heading-title elementor-size-default\">Lidk\u00f6pings Pl\u00e5tteknik<\/h4>\t\t\t\t<\/div>\n\t\t\t\t<\/div>\n\t\t\t\t<div class=\"elementor-element elementor-element-581ec05a elementor-widget elementor-widget-text-editor\" data-id=\"581ec05a\" data-element_type=\"widget\" data-widget_type=\"text-editor.default\">\n\t\t\t\t<div class=\"elementor-widget-container\">\n\t\t\t\t\t\t\t\t\t<p style=\"margin-top: 0in; background: #F4F4F4;\"><span style=\"font-family: 'Arial',sans-serif; color: #545559;\">Lidk\u00f6pings Pl\u00e5tteknik face parte din Tornum din 2015, oferind servicii de \u00eentre\u021binere, construc\u021bie \u0219i reconstruc\u021bie a instala\u021biilor de cereale. Anii de experien\u021b\u0103 au dus la o pozi\u021bie puternic\u0103 pe pia\u021ba suedez\u0103.<\/span><\/p>\t\t\t\t\t\t\t\t<\/div>\n\t\t\t\t<\/div>\n\t\t\t\t<div class=\"elementor-element elementor-element-4f6404cf elementor-align-left elementor-widget elementor-widget-button\" data-id=\"4f6404cf\" data-element_type=\"widget\" data-widget_type=\"button.default\">\n\t\t\t\t<div class=\"elementor-widget-container\">\n\t\t\t\t\t\t\t\t\t<div class=\"elementor-button-wrapper\">\n\t\t\t\t\t<a class=\"elementor-button elementor-button-link elementor-size-sm\" href=\"http:\/\/tornum.com\/ro\/lpt\/\" target=\"_blank\">\n\t\t\t\t\t\t<span class=\"elementor-button-content-wrapper\">\n\t\t\t\t\t\t\t\t\t<span class=\"elementor-button-text\">Cite\u0219te mai mult<\/span>\n\t\t\t\t\t<\/span>\n\t\t\t\t\t<\/a>\n\t\t\t\t<\/div>\n\t\t\t\t\t\t\t\t<\/div>\n\t\t\t\t<\/div>\n\t\t\t\t\t<\/div>\n\t\t<\/div>\n\t\t\t\t<div class=\"elementor-column elementor-col-50 elementor-top-column elementor-element elementor-element-782168c3 elementor-hidden-tablet elementor-hidden-mobile\" data-id=\"782168c3\" data-element_type=\"column\">\n\t\t\t<div class=\"elementor-widget-wrap elementor-element-populated\">\n\t\t\t\t\t\t<div class=\"elementor-element elementor-element-45c2fade elementor-hidden-tablet elementor-hidden-mobile elementor-widget elementor-widget-image\" data-id=\"45c2fade\" data-element_type=\"widget\" data-widget_type=\"image.default\">\n\t\t\t\t<div class=\"elementor-widget-container\">\n\t\t\t\t\t\t\t\t\t\t\t\t\t\t\t<img loading=\"lazy\" decoding=\"async\" width=\"400\" height=\"163\" src=\"https:\/\/www.tornum.com\/wp-content\/uploads\/2023\/06\/LPT_logo.png\" class=\"attachment-large size-large wp-image-13385\" alt=\"\" srcset=\"https:\/\/www.tornum.com\/wp-content\/uploads\/2023\/06\/LPT_logo.png 400w, https:\/\/www.tornum.com\/wp-content\/uploads\/2023\/06\/LPT_logo-300x122.png 300w\" sizes=\"(max-width: 400px) 100vw, 400px\" \/>\t\t\t\t\t\t\t\t\t\t\t\t\t\t\t<\/div>\n\t\t\t\t<\/div>\n\t\t\t\t\t<\/div>\n\t\t<\/div>\n\t\t\t\t\t<\/div>\n\t\t<\/section>\n\t\t\t\t<\/div>\n\t\t","protected":false},"excerpt":{"rendered":"<p>Companiile din cadrul Tornum Companies within Tornum Utiliz\u00e2nd cele mai noi tehnologii \u00een proiectare \u0219i produc\u021bie, dezvolt\u0103m \u0219i construim instala\u021biile de m\u00e2ine pentru gestionarea cerealelor &#8211; pentru tine. Dezvoltarea noastr\u0103 &#8211; \u0219i majoritatea produc\u021biei noastre &#8211; are loc la sediul nostru din Kv\u00e4num, Suedia. Kv\u00e4num este o localitate rurala \u0219i mul\u021bi dintre angaja\u021bii no\u0219tri au&hellip;<\/p>\n","protected":false},"author":1,"featured_media":0,"parent":0,"menu_order":0,"comment_status":"closed","ping_status":"closed","template":"","meta":{"_acf_changed":false,"footnotes":""},"class_list":["post-24491","page","type-page","status-publish","hentry"],"acf":[],"_links":{"self":[{"href":"https:\/\/www.tornum.com\/ro\/wp-json\/wp\/v2\/pages\/24491","targetHints":{"allow":["GET"]}}],"collection":[{"href":"https:\/\/www.tornum.com\/ro\/wp-json\/wp\/v2\/pages"}],"about":[{"href":"https:\/\/www.tornum.com\/ro\/wp-json\/wp\/v2\/types\/page"}],"author":[{"embeddable":true,"href":"https:\/\/www.tornum.com\/ro\/wp-json\/wp\/v2\/users\/1"}],"replies":[{"embeddable":true,"href":"https:\/\/www.tornum.com\/ro\/wp-json\/wp\/v2\/comments?post=24491"}],"version-history":[{"count":16,"href":"https:\/\/www.tornum.com\/ro\/wp-json\/wp\/v2\/pages\/24491\/revisions"}],"predecessor-version":[{"id":48426,"href":"https:\/\/www.tornum.com\/ro\/wp-json\/wp\/v2\/pages\/24491\/revisions\/48426"}],"wp:attachment":[{"href":"https:\/\/www.tornum.com\/ro\/wp-json\/wp\/v2\/media?parent=24491"}],"curies":[{"name":"wp","href":"https:\/\/api.w.org\/{rel}","templated":true}]}}