{"id":35844,"date":"2023-05-02T20:20:00","date_gmt":"2023-05-02T20:20:00","guid":{"rendered":"https:\/\/www.tornum.com\/reference-grain\/"},"modified":"2024-06-17T09:58:33","modified_gmt":"2024-06-17T09:58:33","slug":"referinte-pentru-cereale","status":"publish","type":"page","link":"https:\/\/www.tornum.com\/ro\/referinte-pentru-cereale\/","title":{"rendered":"Referin\u021be pentru cereale"},"content":{"rendered":"\t\t<div data-elementor-type=\"wp-page\" data-elementor-id=\"35844\" class=\"elementor elementor-35844 elementor-9938\" data-elementor-settings=\"{&quot;ha_cmc_init_switcher&quot;:&quot;no&quot;}\" data-elementor-post-type=\"page\">\n\t\t\t\t\t\t<section class=\"elementor-section elementor-top-section elementor-element elementor-element-5df3f8e elementor-section-boxed elementor-section-height-default elementor-section-height-default\" data-id=\"5df3f8e\" data-element_type=\"section\" data-settings=\"{&quot;_ha_eqh_enable&quot;:false}\">\n\t\t\t\t\t\t<div class=\"elementor-container elementor-column-gap-default\">\n\t\t\t\t\t<div class=\"elementor-column elementor-col-100 elementor-top-column elementor-element elementor-element-7042104\" data-id=\"7042104\" data-element_type=\"column\">\n\t\t\t<div class=\"elementor-widget-wrap elementor-element-populated\">\n\t\t\t\t\t\t<div class=\"elementor-element elementor-element-c8daad6 elementor-widget elementor-widget-spacer\" data-id=\"c8daad6\" data-element_type=\"widget\" data-widget_type=\"spacer.default\">\n\t\t\t\t<div class=\"elementor-widget-container\">\n\t\t\t\t\t\t\t<div class=\"elementor-spacer\">\n\t\t\t<div class=\"elementor-spacer-inner\"><\/div>\n\t\t<\/div>\n\t\t\t\t\t\t<\/div>\n\t\t\t\t<\/div>\n\t\t\t\t<div class=\"elementor-element elementor-element-6a41d1f elementor-widget elementor-widget-heading\" data-id=\"6a41d1f\" data-element_type=\"widget\" data-widget_type=\"heading.default\">\n\t\t\t\t<div class=\"elementor-widget-container\">\n\t\t\t\t\t<h2 class=\"elementor-heading-title elementor-size-default\">Referin\u021be pentru cereale<\/h2>\t\t\t\t<\/div>\n\t\t\t\t<\/div>\n\t\t\t\t<div class=\"elementor-element elementor-element-e70d4ed elementor-widget elementor-widget-spacer\" data-id=\"e70d4ed\" data-element_type=\"widget\" data-widget_type=\"spacer.default\">\n\t\t\t\t<div class=\"elementor-widget-container\">\n\t\t\t\t\t\t\t<div class=\"elementor-spacer\">\n\t\t\t<div class=\"elementor-spacer-inner\"><\/div>\n\t\t<\/div>\n\t\t\t\t\t\t<\/div>\n\t\t\t\t<\/div>\n\t\t\t\t<div class=\"elementor-element elementor-element-1c443b9 elementor-widget elementor-widget-text-editor\" data-id=\"1c443b9\" data-element_type=\"widget\" data-widget_type=\"text-editor.default\">\n\t\t\t\t<div class=\"elementor-widget-container\">\n\t\t\t\t\t\t\t\t\t<p>Descoperi\u021bi re\u021beaua extins\u0103 de facilit\u0103\u021bi Tornum de ultim\u0103 genera\u021bie pentru cereale la nivel mondial. Aceste facilit\u0103\u021bi se \u00eentind pe diverse continente, reprezent\u00e2nd solu\u021bii eficiente pentru manipularea, depozitarea \u0219i transportul cerealelor. De la opera\u021biuni agricole la scar\u0103 larg\u0103 p\u00e2n\u0103 la afaceri mici de familie, solu\u021biile noastre scalabile r\u0103spund diverselor volume de produc\u021bie, oferind rezultate prompte \u0219i rentabile.<\/p>\t\t\t\t\t\t\t\t<\/div>\n\t\t\t\t<\/div>\n\t\t\t\t<div class=\"elementor-element elementor-element-4032e4b elementor-widget elementor-widget-spacer\" data-id=\"4032e4b\" data-element_type=\"widget\" data-widget_type=\"spacer.default\">\n\t\t\t\t<div class=\"elementor-widget-container\">\n\t\t\t\t\t\t\t<div class=\"elementor-spacer\">\n\t\t\t<div class=\"elementor-spacer-inner\"><\/div>\n\t\t<\/div>\n\t\t\t\t\t\t<\/div>\n\t\t\t\t<\/div>\n\t\t\t\t\t<\/div>\n\t\t<\/div>\n\t\t\t\t\t<\/div>\n\t\t<\/section>\n\t\t\t\t<section class=\"elementor-section elementor-top-section elementor-element elementor-element-049f290 elementor-section-boxed elementor-section-height-default elementor-section-height-default\" data-id=\"049f290\" data-element_type=\"section\" data-settings=\"{&quot;background_background&quot;:&quot;classic&quot;,&quot;_ha_eqh_enable&quot;:false}\">\n\t\t\t\t\t\t<div class=\"elementor-container elementor-column-gap-default\">\n\t\t\t\t\t<div class=\"elementor-column elementor-col-100 elementor-top-column elementor-element elementor-element-ebe39cb\" data-id=\"ebe39cb\" data-element_type=\"column\">\n\t\t\t<div class=\"elementor-widget-wrap elementor-element-populated\">\n\t\t\t\t\t\t\t<\/div>\n\t\t<\/div>\n\t\t\t\t\t<\/div>\n\t\t<\/section>\n\t\t\t\t<section class=\"elementor-section elementor-top-section elementor-element elementor-element-35d2c15 elementor-section-boxed elementor-section-height-default elementor-section-height-default\" data-id=\"35d2c15\" data-element_type=\"section\" data-settings=\"{&quot;_ha_eqh_enable&quot;:false}\">\n\t\t\t\t\t\t<div class=\"elementor-container elementor-column-gap-default\">\n\t\t\t\t\t<div class=\"elementor-column elementor-col-100 elementor-top-column elementor-element elementor-element-62a9423\" data-id=\"62a9423\" data-element_type=\"column\">\n\t\t\t<div class=\"elementor-widget-wrap elementor-element-populated\">\n\t\t\t\t\t\t<div class=\"elementor-element elementor-element-bc9701a elementor-widget elementor-widget-spacer\" data-id=\"bc9701a\" data-element_type=\"widget\" data-widget_type=\"spacer.default\">\n\t\t\t\t<div class=\"elementor-widget-container\">\n\t\t\t\t\t\t\t<div class=\"elementor-spacer\">\n\t\t\t<div class=\"elementor-spacer-inner\"><\/div>\n\t\t<\/div>\n\t\t\t\t\t\t<\/div>\n\t\t\t\t<\/div>\n\t\t\t\t\t<\/div>\n\t\t<\/div>\n\t\t\t\t\t<\/div>\n\t\t<\/section>\n\t\t\t\t<\/div>\n\t\t","protected":false},"excerpt":{"rendered":"<p>Referin\u021be pentru cereale Descoperi\u021bi re\u021beaua extins\u0103 de facilit\u0103\u021bi Tornum de ultim\u0103 genera\u021bie pentru cereale la nivel mondial. Aceste facilit\u0103\u021bi se \u00eentind pe diverse continente, reprezent\u00e2nd solu\u021bii eficiente pentru manipularea, depozitarea \u0219i transportul cerealelor. De la opera\u021biuni agricole la scar\u0103 larg\u0103 p\u00e2n\u0103 la afaceri mici de familie, solu\u021biile noastre scalabile r\u0103spund diverselor volume de produc\u021bie, oferind&hellip;<\/p>\n","protected":false},"author":1,"featured_media":0,"parent":0,"menu_order":0,"comment_status":"closed","ping_status":"closed","template":"","meta":{"_acf_changed":false,"footnotes":""},"class_list":["post-35844","page","type-page","status-publish","hentry"],"acf":[],"_links":{"self":[{"href":"https:\/\/www.tornum.com\/ro\/wp-json\/wp\/v2\/pages\/35844","targetHints":{"allow":["GET"]}}],"collection":[{"href":"https:\/\/www.tornum.com\/ro\/wp-json\/wp\/v2\/pages"}],"about":[{"href":"https:\/\/www.tornum.com\/ro\/wp-json\/wp\/v2\/types\/page"}],"author":[{"embeddable":true,"href":"https:\/\/www.tornum.com\/ro\/wp-json\/wp\/v2\/users\/1"}],"replies":[{"embeddable":true,"href":"https:\/\/www.tornum.com\/ro\/wp-json\/wp\/v2\/comments?post=35844"}],"version-history":[{"count":4,"href":"https:\/\/www.tornum.com\/ro\/wp-json\/wp\/v2\/pages\/35844\/revisions"}],"predecessor-version":[{"id":35848,"href":"https:\/\/www.tornum.com\/ro\/wp-json\/wp\/v2\/pages\/35844\/revisions\/35848"}],"wp:attachment":[{"href":"https:\/\/www.tornum.com\/ro\/wp-json\/wp\/v2\/media?parent=35844"}],"curies":[{"name":"wp","href":"https:\/\/api.w.org\/{rel}","templated":true}]}}