{"id":48421,"date":"2025-05-15T09:08:13","date_gmt":"2025-05-15T09:08:13","guid":{"rendered":"https:\/\/www.tornum.com\/?page_id=48421"},"modified":"2025-05-24T15:57:44","modified_gmt":"2025-05-24T15:57:44","slug":"lpt","status":"publish","type":"page","link":"https:\/\/www.tornum.com\/ro\/lpt\/","title":{"rendered":"LPT"},"content":{"rendered":"\t\t<div data-elementor-type=\"wp-page\" data-elementor-id=\"48421\" class=\"elementor elementor-48421 elementor-48372\" data-elementor-settings=\"{&quot;ha_cmc_init_switcher&quot;:&quot;no&quot;}\" data-elementor-post-type=\"page\">\n\t\t\t\t\t\t<section class=\"elementor-section elementor-top-section elementor-element elementor-element-b0df5a1 elementor-section-boxed elementor-section-height-default elementor-section-height-default\" data-id=\"b0df5a1\" data-element_type=\"section\" data-settings=\"{&quot;_ha_eqh_enable&quot;:false}\">\n\t\t\t\t\t\t<div class=\"elementor-container elementor-column-gap-default\">\n\t\t\t\t\t<div class=\"elementor-column elementor-col-100 elementor-top-column elementor-element elementor-element-e435765\" data-id=\"e435765\" data-element_type=\"column\">\n\t\t\t<div class=\"elementor-widget-wrap\">\n\t\t\t\t\t\t\t<\/div>\n\t\t<\/div>\n\t\t\t\t\t<\/div>\n\t\t<\/section>\n\t\t\t\t<section class=\"elementor-section elementor-top-section elementor-element elementor-element-91e0499 elementor-section-stretched elementor-section-full_width abt-header elementor-section-height-default elementor-section-height-default\" data-id=\"91e0499\" data-element_type=\"section\" data-settings=\"{&quot;stretch_section&quot;:&quot;section-stretched&quot;,&quot;_ha_eqh_enable&quot;:false}\">\n\t\t\t\t\t\t<div class=\"elementor-container elementor-column-gap-default\">\n\t\t\t\t\t<div class=\"elementor-column elementor-col-50 elementor-top-column elementor-element elementor-element-690b4fd dj-left-con\" data-id=\"690b4fd\" data-element_type=\"column\">\n\t\t\t<div class=\"elementor-widget-wrap elementor-element-populated\">\n\t\t\t\t\t\t<div class=\"elementor-element elementor-element-9a1b5cc elementor-hidden-desktop elementor-hidden-tablet elementor-widget elementor-widget-spacer\" data-id=\"9a1b5cc\" data-element_type=\"widget\" data-widget_type=\"spacer.default\">\n\t\t\t\t<div class=\"elementor-widget-container\">\n\t\t\t\t\t\t\t<div class=\"elementor-spacer\">\n\t\t\t<div class=\"elementor-spacer-inner\"><\/div>\n\t\t<\/div>\n\t\t\t\t\t\t<\/div>\n\t\t\t\t<\/div>\n\t\t\t\t<div class=\"elementor-element elementor-element-0e1de5f elementor-widget elementor-widget-heading\" data-id=\"0e1de5f\" data-element_type=\"widget\" data-widget_type=\"heading.default\">\n\t\t\t\t<div class=\"elementor-widget-container\">\n\t\t\t\t\t<h1 class=\"elementor-heading-title elementor-size-default\"><font color=\"#224585\">LPT<\/font><\/h1>\t\t\t\t<\/div>\n\t\t\t\t<\/div>\n\t\t\t\t<div class=\"elementor-element elementor-element-61d3e9e elementor-hidden-tablet elementor-hidden-mobile elementor-widget elementor-widget-heading\" data-id=\"61d3e9e\" data-element_type=\"widget\" data-widget_type=\"heading.default\">\n\t\t\t\t<div class=\"elementor-widget-container\">\n\t\t\t\t\t<h6 class=\"elementor-heading-title elementor-size-default\"><font color=\"#224585\">Servicii pentru cea mai important\u0103 industrie din lume<\/font>\n\n<\/h6>\t\t\t\t<\/div>\n\t\t\t\t<\/div>\n\t\t\t\t<div class=\"elementor-element elementor-element-10d5e8f elementor-widget elementor-widget-text-editor\" data-id=\"10d5e8f\" data-element_type=\"widget\" data-widget_type=\"text-editor.default\">\n\t\t\t\t<div class=\"elementor-widget-container\">\n\t\t\t\t\t\t\t\t\t<p>Din aprilie 2015, Lidk\u00f6pings Pl\u00e5tteknik AB este o filial\u0103 de\u021binut\u0103 integral de Tornum AB din Kv\u00e4num \u0219i reprezint\u0103 un complement perfect la gama larg\u0103 de echipamente Tornum pentru uscarea \u0219i depozitarea cerealelor. Achizi\u021bia Lidk\u00f6pings Pl\u00e5tteknik face parte din investi\u021bia Tornum \u00een industria suedez\u0103 a cerealelor. <\/p>\n<p>LPT ofer\u0103 servicii, reconstruc\u021bii, extinderi \u0219i construc\u021bii noi de instala\u021bii pentru cereale destinate industriilor de furaje \u0219i cereale \u0219i, prin mul\u021bi ani de experien\u021b\u0103, a devenit un partener de top pentru aceste industrii din Suedia. Montatorii no\u0219tri experimenta\u021bi \u0219tiu ce este necesar pentru a efectua service \u0219i reconstruc\u021bii \u0219i au experien\u021b\u0103 direct\u0103 \u00een cerin\u021bele impuse de o instala\u021bie modern\u0103 pentru cereale. <\/p>\n<p>Pe l\u00e2ng\u0103 serviciile \u0219i lucr\u0103rile de montaj obi\u0219nuite, LPT ofer\u0103 elevatoruri, transportoare \u0219i echipamente auxiliare special proiectate, dimensionate de tehnicienii no\u0219tri \u0219i fabricate \u00een propriul atelier.<\/p>\n\t\t\t\t\t\t\t\t<\/div>\n\t\t\t\t<\/div>\n\t\t\t\t\t<\/div>\n\t\t<\/div>\n\t\t\t\t<div class=\"elementor-column elementor-col-50 elementor-top-column elementor-element elementor-element-831b69e\" data-id=\"831b69e\" data-element_type=\"column\" data-settings=\"{&quot;background_background&quot;:&quot;classic&quot;}\">\n\t\t\t<div class=\"elementor-widget-wrap elementor-element-populated\">\n\t\t\t\t\t\t<div class=\"elementor-element elementor-element-b9045cb elementor-widget elementor-widget-image\" data-id=\"b9045cb\" data-element_type=\"widget\" data-widget_type=\"image.default\">\n\t\t\t\t<div class=\"elementor-widget-container\">\n\t\t\t\t\t\t\t\t\t\t\t\t\t\t\t<img fetchpriority=\"high\" decoding=\"async\" width=\"1024\" height=\"568\" src=\"https:\/\/www.tornum.com\/wp-content\/uploads\/2025\/03\/tmep_picture_1-3-1024x568.png\" class=\"attachment-large size-large wp-image-46955\" alt=\"\" srcset=\"https:\/\/www.tornum.com\/wp-content\/uploads\/2025\/03\/tmep_picture_1-3-1024x568.png 1024w, https:\/\/www.tornum.com\/wp-content\/uploads\/2025\/03\/tmep_picture_1-3-300x166.png 300w, https:\/\/www.tornum.com\/wp-content\/uploads\/2025\/03\/tmep_picture_1-3-768x426.png 768w, https:\/\/www.tornum.com\/wp-content\/uploads\/2025\/03\/tmep_picture_1-3-24x13.png 24w, https:\/\/www.tornum.com\/wp-content\/uploads\/2025\/03\/tmep_picture_1-3-36x20.png 36w, https:\/\/www.tornum.com\/wp-content\/uploads\/2025\/03\/tmep_picture_1-3-48x27.png 48w, https:\/\/www.tornum.com\/wp-content\/uploads\/2025\/03\/tmep_picture_1-3.png 1305w\" sizes=\"(max-width: 1024px) 100vw, 1024px\" \/>\t\t\t\t\t\t\t\t\t\t\t\t\t\t\t<\/div>\n\t\t\t\t<\/div>\n\t\t\t\t\t<\/div>\n\t\t<\/div>\n\t\t\t\t\t<\/div>\n\t\t<\/section>\n\t\t\t\t<section class=\"elementor-section elementor-top-section elementor-element elementor-element-2e675a4 elementor-section-stretched elementor-section-full_width abt-header elementor-section-height-default elementor-section-height-default\" data-id=\"2e675a4\" data-element_type=\"section\" data-settings=\"{&quot;stretch_section&quot;:&quot;section-stretched&quot;,&quot;_ha_eqh_enable&quot;:false}\">\n\t\t\t\t\t\t<div class=\"elementor-container elementor-column-gap-default\">\n\t\t\t\t\t<div class=\"elementor-column elementor-col-50 elementor-top-column elementor-element elementor-element-fc5fdbb\" data-id=\"fc5fdbb\" data-element_type=\"column\" data-settings=\"{&quot;background_background&quot;:&quot;classic&quot;}\">\n\t\t\t<div class=\"elementor-widget-wrap elementor-element-populated\">\n\t\t\t\t\t\t<div class=\"elementor-element elementor-element-a2ccc42 elementor-widget elementor-widget-image\" data-id=\"a2ccc42\" data-element_type=\"widget\" data-widget_type=\"image.default\">\n\t\t\t\t<div class=\"elementor-widget-container\">\n\t\t\t\t\t\t\t\t\t\t\t\t\t\t\t<img decoding=\"async\" width=\"720\" height=\"405\" src=\"https:\/\/www.tornum.com\/wp-content\/uploads\/2025\/03\/tornum-lpt-tjanster-1.jpg\" class=\"attachment-large size-large wp-image-47036\" alt=\"\" srcset=\"https:\/\/www.tornum.com\/wp-content\/uploads\/2025\/03\/tornum-lpt-tjanster-1.jpg 720w, https:\/\/www.tornum.com\/wp-content\/uploads\/2025\/03\/tornum-lpt-tjanster-1-300x169.jpg 300w, https:\/\/www.tornum.com\/wp-content\/uploads\/2025\/03\/tornum-lpt-tjanster-1-24x14.jpg 24w, https:\/\/www.tornum.com\/wp-content\/uploads\/2025\/03\/tornum-lpt-tjanster-1-36x20.jpg 36w, https:\/\/www.tornum.com\/wp-content\/uploads\/2025\/03\/tornum-lpt-tjanster-1-48x27.jpg 48w, https:\/\/www.tornum.com\/wp-content\/uploads\/2025\/03\/tornum-lpt-tjanster-1-600x338.jpg 600w\" sizes=\"(max-width: 720px) 100vw, 720px\" \/>\t\t\t\t\t\t\t\t\t\t\t\t\t\t\t<\/div>\n\t\t\t\t<\/div>\n\t\t\t\t\t<\/div>\n\t\t<\/div>\n\t\t\t\t<div class=\"elementor-column elementor-col-50 elementor-top-column elementor-element elementor-element-fe1e124 dj-left-con\" data-id=\"fe1e124\" data-element_type=\"column\">\n\t\t\t<div class=\"elementor-widget-wrap elementor-element-populated\">\n\t\t\t\t\t\t<div class=\"elementor-element elementor-element-1539af4 elementor-widget elementor-widget-heading\" data-id=\"1539af4\" data-element_type=\"widget\" data-widget_type=\"heading.default\">\n\t\t\t\t<div class=\"elementor-widget-container\">\n\t\t\t\t\t<h6 class=\"elementor-heading-title elementor-size-default\"><h1 style=\"font-style: normal;font-family: Poppins, sans-serif;text-transform: none;letter-spacing: normal\"><h1 style=\"font-style: normal;font-family: Poppins, sans-serif;text-transform: none;letter-spacing: normal\"><a>Servicii<\/a><\/h1><\/h1><\/h6>\t\t\t\t<\/div>\n\t\t\t\t<\/div>\n\t\t\t\t<div class=\"elementor-element elementor-element-8e97840 elementor-widget elementor-widget-text-editor\" data-id=\"8e97840\" data-element_type=\"widget\" data-widget_type=\"text-editor.default\">\n\t\t\t\t<div class=\"elementor-widget-container\">\n\t\t\t\t\t\t\t\t\t<p class=\"p2\"><b>Lidk\u00f6pings Pl\u00e5tteknik ofer\u0103 toate serviciile de \u00eentre\u021binere, mentenan\u021b\u0103 \u0219i montaj pentru industriile de cereale \u0219i furaje. Cuno\u0219tin\u021bele \u0219i experien\u021ba noastr\u0103 ne-au f\u0103cut un partener apreciat de principalii juc\u0103tori din Suedia. <\/b><\/p>\n<p class=\"p2\">Face\u021bi clic pe titluri pentru mai multe informa\u021bii despre diferitele servicii.<\/p>\n<p class=\"p2\"><span class=\"s1\"><a href=\"https:\/\/www2.tornum.com\/sv\/lpts-tjanster-projektinstallation\/\"><b>Instalare proiect<\/b><\/a><\/span><br \/>Construc\u021bia nou\u0103 necesit\u0103 o planificare atent\u0103 \u0219i un partener de \u00eencredere care s\u0103 te ajute pe tot parcursul procesului. De la \u00eenceput, LPT a realizat construc\u021bii noi at\u00e2t pentru structuri din o\u021bel, c\u00e2t \u0219i pentru instalarea de echipamente noi pentru industria cerealelor din toat\u0103 Suedia. <\/p>\n<p class=\"p2\"><span class=\"s1\"><a href=\"https:\/\/www2.tornum.com\/sv\/lpts-tjanster-underhall\/\"><b>\u00centre\u021binere preventiv\u0103<\/b><\/a><\/span><br \/>Serviciile oferite pot varia de la lucr\u0103ri de service ocazionale p\u00e2n\u0103 la contracte de service \u0219i interven\u021bii pe termen lung. Toate lucr\u0103rile sunt efectuate de personalul nostru experimentat, care de\u021bine cuno\u0219tin\u021be tehnice solide \u0219i \u00een\u021belege cerin\u021bele impuse unei industrii moderne suedeze de cereale. <\/p>\n<p class=\"p2\"><span class=\"s1\"><a href=\"https:\/\/www2.tornum.com\/sv\/lpts-tjanster-ombyggnation\/\"><b>Reamenajare<\/b><\/a><\/span><br \/>LPT ofer\u0103 toate tipurile de reamenaj\u0103ri pentru silozuri, transportoare, elevatoruri, filtre de aspira\u021bie etc., pentru a eficientiza consumul de energie \u0219i a cre\u0219te randamentul instala\u021biei.<\/p>\n<p class=\"p2\"><span class=\"s1\"><a href=\"https:\/\/www2.tornum.com\/sv\/lpts-tjanster-silorengoring\/\"><b>Cur\u0103\u021barea silozurilor<\/b><\/a><\/span><br \/>LPT efectueaz\u0103 cur\u0103\u021barea silozurilor \u00eentr-un mod profesionist \u0219i sigur, \u00een perioadele potrivite ale anului, pentru a deranja c\u00e2t mai pu\u021bin posibil func\u021bionarea.<\/p>\n\t\t\t\t\t\t\t\t<\/div>\n\t\t\t\t<\/div>\n\t\t\t\t\t<\/div>\n\t\t<\/div>\n\t\t\t\t\t<\/div>\n\t\t<\/section>\n\t\t\t\t<section class=\"elementor-section elementor-top-section elementor-element elementor-element-53d26cb elementor-section-stretched elementor-section-full_width abt-header elementor-section-height-default elementor-section-height-default\" data-id=\"53d26cb\" data-element_type=\"section\" data-settings=\"{&quot;stretch_section&quot;:&quot;section-stretched&quot;,&quot;_ha_eqh_enable&quot;:false}\">\n\t\t\t\t\t\t<div class=\"elementor-container elementor-column-gap-default\">\n\t\t\t\t\t<div class=\"elementor-column elementor-col-50 elementor-top-column elementor-element elementor-element-28253eb dj-left-con\" data-id=\"28253eb\" data-element_type=\"column\">\n\t\t\t<div class=\"elementor-widget-wrap elementor-element-populated\">\n\t\t\t\t\t\t<div class=\"elementor-element elementor-element-654fe23 elementor-hidden-desktop elementor-hidden-tablet elementor-widget elementor-widget-spacer\" data-id=\"654fe23\" data-element_type=\"widget\" data-widget_type=\"spacer.default\">\n\t\t\t\t<div class=\"elementor-widget-container\">\n\t\t\t\t\t\t\t<div class=\"elementor-spacer\">\n\t\t\t<div class=\"elementor-spacer-inner\"><\/div>\n\t\t<\/div>\n\t\t\t\t\t\t<\/div>\n\t\t\t\t<\/div>\n\t\t\t\t<div class=\"elementor-element elementor-element-11cf90b elementor-widget elementor-widget-heading\" data-id=\"11cf90b\" data-element_type=\"widget\" data-widget_type=\"heading.default\">\n\t\t\t\t<div class=\"elementor-widget-container\">\n\t\t\t\t\t<h1 class=\"elementor-heading-title elementor-size-default\"><a>Sortiment<\/a><\/h1>\t\t\t\t<\/div>\n\t\t\t\t<\/div>\n\t\t\t\t<div class=\"elementor-element elementor-element-b8f9ad9 elementor-hidden-tablet elementor-hidden-mobile elementor-widget elementor-widget-heading\" data-id=\"b8f9ad9\" data-element_type=\"widget\" data-widget_type=\"heading.default\">\n\t\t\t\t<div class=\"elementor-widget-container\">\n\t\t\t\t\t<h6 class=\"elementor-heading-title elementor-size-default\"><p class=\"p2\" style=\"font-size: 16px\"><span style=\"font-weight: 700\">LPT ofer\u0103 totul, de la piese de schimb individuale p\u00e2n\u0103 la elevatoruri personalizate, transportoare \u0219i sisteme complete de aspira\u021bie. Toate produsele din sortiment pot fi montate de montatorii no\u0219tri experimenta\u021bi \u0219i bine preg\u0103ti\u021bi. <\/span><\/p><ul class=\"ul1\" style=\"margin-bottom: 10px;font-size: 16px\"><li class=\"li2\"><span class=\"s1\"><a href=\"https:\/\/www2.tornum.com\/sv\/lpts-produkter\/\"><span class=\"s2\"><b>\u021aevi \u0219i distribuitoare pentru cereale<\/b><\/span><\/a><\/span><\/li><li class=\"li2\"><span class=\"s1\"><a href=\"https:\/\/www2.tornum.com\/sv\/lpts-produkter-2\/\"><span class=\"s2\"><b>Elevatoare<\/b><\/span><\/a><\/span><\/li><li class=\"li2\"><span class=\"s1\"><a href=\"https:\/\/www2.tornum.com\/sv\/lpts-produkter-3\/\"><span class=\"s2\"><b>Transportoare<\/b><\/span><\/a><\/span><\/li><li class=\"li2\"><span class=\"s1\"><a href=\"https:\/\/www2.tornum.com\/sv\/lpts-produkter-4\/\"><span class=\"s2\"><b>Sisteme de aspira\u021bie<\/b><\/span><\/a><\/span><\/li><\/ul><\/h6>\t\t\t\t<\/div>\n\t\t\t\t<\/div>\n\t\t\t\t\t<\/div>\n\t\t<\/div>\n\t\t\t\t<div class=\"elementor-column elementor-col-50 elementor-top-column elementor-element elementor-element-52d458b\" data-id=\"52d458b\" data-element_type=\"column\" data-settings=\"{&quot;background_background&quot;:&quot;classic&quot;}\">\n\t\t\t<div class=\"elementor-widget-wrap elementor-element-populated\">\n\t\t\t\t\t\t<div class=\"elementor-element elementor-element-86e45e2 elementor-widget elementor-widget-image\" data-id=\"86e45e2\" data-element_type=\"widget\" data-widget_type=\"image.default\">\n\t\t\t\t<div class=\"elementor-widget-container\">\n\t\t\t\t\t\t\t\t\t\t\t\t\t\t\t<img decoding=\"async\" width=\"747\" height=\"420\" src=\"https:\/\/www.tornum.com\/wp-content\/uploads\/2025\/03\/lpt-jacob-spannmalsror-thumbnails.png\" class=\"attachment-large size-large wp-image-47047\" alt=\"\" srcset=\"https:\/\/www.tornum.com\/wp-content\/uploads\/2025\/03\/lpt-jacob-spannmalsror-thumbnails.png 747w, https:\/\/www.tornum.com\/wp-content\/uploads\/2025\/03\/lpt-jacob-spannmalsror-thumbnails-300x169.png 300w, https:\/\/www.tornum.com\/wp-content\/uploads\/2025\/03\/lpt-jacob-spannmalsror-thumbnails-24x13.png 24w, https:\/\/www.tornum.com\/wp-content\/uploads\/2025\/03\/lpt-jacob-spannmalsror-thumbnails-36x20.png 36w, https:\/\/www.tornum.com\/wp-content\/uploads\/2025\/03\/lpt-jacob-spannmalsror-thumbnails-48x27.png 48w, https:\/\/www.tornum.com\/wp-content\/uploads\/2025\/03\/lpt-jacob-spannmalsror-thumbnails-600x337.png 600w\" sizes=\"(max-width: 747px) 100vw, 747px\" \/>\t\t\t\t\t\t\t\t\t\t\t\t\t\t\t<\/div>\n\t\t\t\t<\/div>\n\t\t\t\t\t<\/div>\n\t\t<\/div>\n\t\t\t\t\t<\/div>\n\t\t<\/section>\n\t\t\t\t<section class=\"elementor-section elementor-top-section elementor-element elementor-element-e2b295d elementor-section-stretched elementor-section-full_width abt-header elementor-section-height-default elementor-section-height-default\" data-id=\"e2b295d\" data-element_type=\"section\" data-settings=\"{&quot;stretch_section&quot;:&quot;section-stretched&quot;,&quot;_ha_eqh_enable&quot;:false}\">\n\t\t\t\t\t\t<div class=\"elementor-container elementor-column-gap-default\">\n\t\t\t\t\t<div class=\"elementor-column elementor-col-50 elementor-top-column elementor-element elementor-element-5ba5b52\" data-id=\"5ba5b52\" data-element_type=\"column\" data-settings=\"{&quot;background_background&quot;:&quot;classic&quot;}\">\n\t\t\t<div class=\"elementor-widget-wrap elementor-element-populated\">\n\t\t\t\t\t\t<div class=\"elementor-element elementor-element-2b96108 elementor-widget elementor-widget-image\" data-id=\"2b96108\" data-element_type=\"widget\" data-widget_type=\"image.default\">\n\t\t\t\t<div class=\"elementor-widget-container\">\n\t\t\t\t\t\t\t\t\t\t\t\t\t\t\t<img loading=\"lazy\" decoding=\"async\" width=\"1024\" height=\"640\" src=\"https:\/\/www.tornum.com\/wp-content\/uploads\/2024\/08\/nidera-1024x640-1.jpg\" class=\"attachment-large size-large wp-image-42317\" alt=\"\" srcset=\"https:\/\/www.tornum.com\/wp-content\/uploads\/2024\/08\/nidera-1024x640-1.jpg 1024w, https:\/\/www.tornum.com\/wp-content\/uploads\/2024\/08\/nidera-1024x640-1-300x188.jpg 300w, https:\/\/www.tornum.com\/wp-content\/uploads\/2024\/08\/nidera-1024x640-1-768x480.jpg 768w, https:\/\/www.tornum.com\/wp-content\/uploads\/2024\/08\/nidera-1024x640-1-24x15.jpg 24w, https:\/\/www.tornum.com\/wp-content\/uploads\/2024\/08\/nidera-1024x640-1-36x23.jpg 36w, https:\/\/www.tornum.com\/wp-content\/uploads\/2024\/08\/nidera-1024x640-1-48x30.jpg 48w, https:\/\/www.tornum.com\/wp-content\/uploads\/2024\/08\/nidera-1024x640-1-600x375.jpg 600w\" sizes=\"(max-width: 1024px) 100vw, 1024px\" \/>\t\t\t\t\t\t\t\t\t\t\t\t\t\t\t<\/div>\n\t\t\t\t<\/div>\n\t\t\t\t\t<\/div>\n\t\t<\/div>\n\t\t\t\t<div class=\"elementor-column elementor-col-50 elementor-top-column elementor-element elementor-element-0d31128 dj-left-con\" data-id=\"0d31128\" data-element_type=\"column\">\n\t\t\t<div class=\"elementor-widget-wrap elementor-element-populated\">\n\t\t\t\t\t\t<div class=\"elementor-element elementor-element-fe662a4 elementor-widget elementor-widget-heading\" data-id=\"fe662a4\" data-element_type=\"widget\" data-widget_type=\"heading.default\">\n\t\t\t\t<div class=\"elementor-widget-container\">\n\t\t\t\t\t<h1 class=\"elementor-heading-title elementor-size-default\"><a>Referin\u021be<\/a><\/h1>\t\t\t\t<\/div>\n\t\t\t\t<\/div>\n\t\t\t\t<div class=\"elementor-element elementor-element-306a99b elementor-widget elementor-widget-text-editor\" data-id=\"306a99b\" data-element_type=\"widget\" data-widget_type=\"text-editor.default\">\n\t\t\t\t<div class=\"elementor-widget-container\">\n\t\t\t\t\t\t\t\t\t<p class=\"p1\" style=\"margin-bottom: 10px;\"><span class=\"s1\"><a href=\"https:\/\/www2.tornum.com\/reference\/lantmannen-energi-kvanum\/\"><span style=\"font-weight: bold;\">Lantm\u00e4nnen Energi Kv\u00e4num<\/span><\/a><\/span><br \/>\u2013Aspirator pentru containerele de evacuare<\/p>\n<p class=\"p1\" style=\"margin-bottom: 10px;\"><span class=\"s1\"><a href=\"https:\/\/www2.tornum.com\/reference\/lantmannen-lidkoping\/\"><span style=\"font-weight: bold;\">Lantm\u00e4nnen Lidk\u00f6ping<\/span><\/a><\/span><br \/>\u2013 Construc\u021bie nou\u0103 a cl\u0103dirii terminalului de c\u00e2nt\u0103rire<br \/>\u2013 Montaj co\u0219 de fum pentru r\u0103citor pe pele\u021bi<br \/>\u2013 Amortizoare de zgomot noi pentru ventilatorul de uscare<br \/>\u2013 <a href=\"https:\/\/www2.tornum.com\/sv\/reference\/vakumsystem-for-foderblandningar\/\"><span class=\"s1\">Sistem nou de vid<\/span><\/a><\/p>\n<p class=\"p1\" style=\"margin-bottom: 10px;\"><span class=\"s1\"><a href=\"https:\/\/www2.tornum.com\/reference\/lantmannen-vasteras\/\"><span style=\"font-weight: bold;\">Lantm\u00e4nnen V\u00e4ster\u00e5s<\/span><\/a><\/span><br \/>\u2013 Filtre de blocare noi pentru r\u0103citorul de pele\u021bi<\/p>\n<p class=\"p1\" style=\"margin-bottom: 10px;\"><span class=\"s1\"><a href=\"https:\/\/www2.tornum.com\/reference\/lantmannen-ahus\/\"><span style=\"font-weight: bold;\">Lantm\u00e4nnen \u00c5hus<\/span><\/a><\/span><br \/>\u2013 \u00d6vertrycksfilter till Pelletskyl<\/p>\n<p class=\"p1\"><span class=\"s1\"><a href=\"https:\/\/www2.tornum.com\/reference\/reppe-kvarn-lidkoping\/\"><span style=\"font-weight: bold;\">Reppe Kvarn Lidk\u00f6ping<\/span><\/a><\/span><br \/>\u2013 Montajul noilor scaune cu role<\/p>\n\t\t\t\t\t\t\t\t<\/div>\n\t\t\t\t<\/div>\n\t\t\t\t\t<\/div>\n\t\t<\/div>\n\t\t\t\t\t<\/div>\n\t\t<\/section>\n\t\t\t\t<section class=\"elementor-section elementor-top-section elementor-element elementor-element-37b6ec7 elementor-section-stretched elementor-section-full_width abt-header elementor-section-height-default elementor-section-height-default\" data-id=\"37b6ec7\" data-element_type=\"section\" data-settings=\"{&quot;stretch_section&quot;:&quot;section-stretched&quot;,&quot;_ha_eqh_enable&quot;:false}\">\n\t\t\t\t\t\t<div class=\"elementor-container elementor-column-gap-default\">\n\t\t\t\t\t<div class=\"elementor-column elementor-col-50 elementor-top-column elementor-element elementor-element-2f88dff dj-left-con\" data-id=\"2f88dff\" data-element_type=\"column\">\n\t\t\t<div class=\"elementor-widget-wrap elementor-element-populated\">\n\t\t\t\t\t\t<div class=\"elementor-element elementor-element-b5b72d5 elementor-hidden-desktop elementor-hidden-tablet elementor-widget elementor-widget-spacer\" data-id=\"b5b72d5\" data-element_type=\"widget\" data-widget_type=\"spacer.default\">\n\t\t\t\t<div class=\"elementor-widget-container\">\n\t\t\t\t\t\t\t<div class=\"elementor-spacer\">\n\t\t\t<div class=\"elementor-spacer-inner\"><\/div>\n\t\t<\/div>\n\t\t\t\t\t\t<\/div>\n\t\t\t\t<\/div>\n\t\t\t\t<div class=\"elementor-element elementor-element-d1f49e9 elementor-widget elementor-widget-heading\" data-id=\"d1f49e9\" data-element_type=\"widget\" data-widget_type=\"heading.default\">\n\t\t\t\t<div class=\"elementor-widget-container\">\n\t\t\t\t\t<h1 class=\"elementor-heading-title elementor-size-default\"><a>Contact<\/a><\/h1>\t\t\t\t<\/div>\n\t\t\t\t<\/div>\n\t\t\t\t<div class=\"elementor-element elementor-element-bcdb519 elementor-widget elementor-widget-text-editor\" data-id=\"bcdb519\" data-element_type=\"widget\" data-widget_type=\"text-editor.default\">\n\t\t\t\t<div class=\"elementor-widget-container\">\n\t\t\t\t\t\t\t\t\t<h5 class=\"p1\">Inge Johansson<\/h5>\n<h5 class=\"p1\">0708-40 16 61<\/h5>\n<h5 class=\"p1\">inge.johansson@lpt.se<\/h5>\n<h5 class=\"p1\">Lidk\u00f6pings Pl\u00e5tteknik AB<\/h5>\n<h5 class=\"p1\">Fabriksgatan 2<\/h5>\n<h5 class=\"p1\">SE-531 30 Lidk\u00f6ping<\/h5>\n<h5 class=\"p1\">E-post: info@lpt.se<\/h5>\t\t\t\t\t\t\t\t<\/div>\n\t\t\t\t<\/div>\n\t\t\t\t\t<\/div>\n\t\t<\/div>\n\t\t\t\t<div class=\"elementor-column elementor-col-50 elementor-top-column elementor-element elementor-element-4b72bea\" data-id=\"4b72bea\" data-element_type=\"column\" data-settings=\"{&quot;background_background&quot;:&quot;classic&quot;}\">\n\t\t\t<div class=\"elementor-widget-wrap elementor-element-populated\">\n\t\t\t\t\t\t<div class=\"elementor-element elementor-element-547fa94 elementor-widget elementor-widget-image\" data-id=\"547fa94\" data-element_type=\"widget\" data-widget_type=\"image.default\">\n\t\t\t\t<div class=\"elementor-widget-container\">\n\t\t\t\t\t\t\t\t\t\t\t\t\t\t\t<img loading=\"lazy\" decoding=\"async\" width=\"637\" height=\"358\" src=\"https:\/\/www.tornum.com\/wp-content\/uploads\/2025\/03\/tornum-lpt-lidkopings-hamn-anlaggning-1.jpg\" class=\"attachment-large size-large wp-image-47097\" alt=\"\" srcset=\"https:\/\/www.tornum.com\/wp-content\/uploads\/2025\/03\/tornum-lpt-lidkopings-hamn-anlaggning-1.jpg 637w, https:\/\/www.tornum.com\/wp-content\/uploads\/2025\/03\/tornum-lpt-lidkopings-hamn-anlaggning-1-300x169.jpg 300w, https:\/\/www.tornum.com\/wp-content\/uploads\/2025\/03\/tornum-lpt-lidkopings-hamn-anlaggning-1-24x13.jpg 24w, https:\/\/www.tornum.com\/wp-content\/uploads\/2025\/03\/tornum-lpt-lidkopings-hamn-anlaggning-1-36x20.jpg 36w, https:\/\/www.tornum.com\/wp-content\/uploads\/2025\/03\/tornum-lpt-lidkopings-hamn-anlaggning-1-48x27.jpg 48w, https:\/\/www.tornum.com\/wp-content\/uploads\/2025\/03\/tornum-lpt-lidkopings-hamn-anlaggning-1-600x337.jpg 600w\" sizes=\"(max-width: 637px) 100vw, 637px\" \/>\t\t\t\t\t\t\t\t\t\t\t\t\t\t\t<\/div>\n\t\t\t\t<\/div>\n\t\t\t\t\t<\/div>\n\t\t<\/div>\n\t\t\t\t\t<\/div>\n\t\t<\/section>\n\t\t\t\t<\/div>\n\t\t","protected":false},"excerpt":{"rendered":"<p>LPT Servicii pentru cea mai important\u0103 industrie din lume Din aprilie 2015, Lidk\u00f6pings Pl\u00e5tteknik AB este o filial\u0103 de\u021binut\u0103 integral de Tornum AB din Kv\u00e4num \u0219i reprezint\u0103 un complement perfect la gama larg\u0103 de echipamente Tornum pentru uscarea \u0219i depozitarea cerealelor. Achizi\u021bia Lidk\u00f6pings Pl\u00e5tteknik face parte din investi\u021bia Tornum \u00een industria suedez\u0103 a cerealelor. LPT&hellip;<\/p>\n","protected":false},"author":9,"featured_media":0,"parent":0,"menu_order":0,"comment_status":"closed","ping_status":"closed","template":"elementor_header_footer","meta":{"_acf_changed":false,"footnotes":""},"class_list":["post-48421","page","type-page","status-publish","hentry"],"acf":[],"_links":{"self":[{"href":"https:\/\/www.tornum.com\/ro\/wp-json\/wp\/v2\/pages\/48421","targetHints":{"allow":["GET"]}}],"collection":[{"href":"https:\/\/www.tornum.com\/ro\/wp-json\/wp\/v2\/pages"}],"about":[{"href":"https:\/\/www.tornum.com\/ro\/wp-json\/wp\/v2\/types\/page"}],"author":[{"embeddable":true,"href":"https:\/\/www.tornum.com\/ro\/wp-json\/wp\/v2\/users\/9"}],"replies":[{"embeddable":true,"href":"https:\/\/www.tornum.com\/ro\/wp-json\/wp\/v2\/comments?post=48421"}],"version-history":[{"count":5,"href":"https:\/\/www.tornum.com\/ro\/wp-json\/wp\/v2\/pages\/48421\/revisions"}],"predecessor-version":[{"id":48622,"href":"https:\/\/www.tornum.com\/ro\/wp-json\/wp\/v2\/pages\/48421\/revisions\/48622"}],"wp:attachment":[{"href":"https:\/\/www.tornum.com\/ro\/wp-json\/wp\/v2\/media?parent=48421"}],"curies":[{"name":"wp","href":"https:\/\/api.w.org\/{rel}","templated":true}]}}