{"id":48462,"date":"2023-09-06T21:55:23","date_gmt":"2023-09-06T21:55:23","guid":{"rendered":"https:\/\/www.tornum.com\/cookies-policy\/"},"modified":"2025-05-22T08:40:23","modified_gmt":"2025-05-22T08:40:23","slug":"cookies-policy","status":"publish","type":"page","link":"https:\/\/www.tornum.com\/ro\/cookies-policy\/","title":{"rendered":"Cookies Policy"},"content":{"rendered":"\t\t<div data-elementor-type=\"wp-page\" data-elementor-id=\"48462\" class=\"elementor elementor-48462 elementor-16822\" data-elementor-settings=\"{&quot;ha_cmc_init_switcher&quot;:&quot;no&quot;}\" data-elementor-post-type=\"page\">\n\t\t\t\t\t\t<section class=\"elementor-section elementor-top-section elementor-element elementor-element-abaac7d elementor-section-boxed elementor-section-height-default elementor-section-height-default\" data-id=\"abaac7d\" data-element_type=\"section\" data-settings=\"{&quot;_ha_eqh_enable&quot;:false}\">\n\t\t\t\t\t\t<div class=\"elementor-container elementor-column-gap-default\">\n\t\t\t\t\t<div class=\"elementor-column elementor-col-100 elementor-top-column elementor-element elementor-element-3b05e14\" data-id=\"3b05e14\" data-element_type=\"column\">\n\t\t\t<div class=\"elementor-widget-wrap elementor-element-populated\">\n\t\t\t\t\t\t<div class=\"elementor-element elementor-element-63258a3 elementor-widget elementor-widget-spacer\" data-id=\"63258a3\" data-element_type=\"widget\" data-widget_type=\"spacer.default\">\n\t\t\t\t<div class=\"elementor-widget-container\">\n\t\t\t\t\t\t\t<div class=\"elementor-spacer\">\n\t\t\t<div class=\"elementor-spacer-inner\"><\/div>\n\t\t<\/div>\n\t\t\t\t\t\t<\/div>\n\t\t\t\t<\/div>\n\t\t\t\t\t<\/div>\n\t\t<\/div>\n\t\t\t\t\t<\/div>\n\t\t<\/section>\n\t\t\t\t<section class=\"elementor-section elementor-top-section elementor-element elementor-element-1f696030 elementor-section-boxed elementor-section-height-default elementor-section-height-default\" data-id=\"1f696030\" data-element_type=\"section\" data-settings=\"{&quot;_ha_eqh_enable&quot;:false}\">\n\t\t\t\t\t\t<div class=\"elementor-container elementor-column-gap-default\">\n\t\t\t\t\t<div class=\"elementor-column elementor-col-100 elementor-top-column elementor-element elementor-element-4a74929\" data-id=\"4a74929\" data-element_type=\"column\">\n\t\t\t<div class=\"elementor-widget-wrap elementor-element-populated\">\n\t\t\t\t\t\t<div class=\"elementor-element elementor-element-1f31462b elementor-widget elementor-widget-text-editor\" data-id=\"1f31462b\" data-element_type=\"widget\" data-widget_type=\"text-editor.default\">\n\t\t\t\t<div class=\"elementor-widget-container\">\n\t\t\t\t\t\t\t\t\t<h3><strong>Cookies Policy<\/strong><\/h3>\n<p>Acest site folose\u0219te cookie-uri \u2013 fi\u0219iere text mici care sunt plasate pe dispozitivul t\u0103u pentru a ajuta site-ul s\u0103 ofere o experien\u021b\u0103 mai bun\u0103 utilizatorilor. \u00cen general, cookie-urile sunt utilizate pentru a re\u021bine preferin\u021bele utilizatorilor, pentru a stoca informa\u021bii precum cele din co\u0219ul de cump\u0103r\u0103turi \u0219i pentru a furniza date de urm\u0103rire anonime c\u0103tre aplica\u021bii ter\u021be, cum ar fi Google Analytics. De regul\u0103, cookie-urile \u00ee\u021bi vor \u00eembun\u0103t\u0103\u021bi experien\u021ba de navigare. Cu toate acestea, po\u021bi alege s\u0103 dezactivezi cookie-urile pe acest site \u0219i pe altele. Cea mai eficient\u0103 metod\u0103 de a face acest lucru este s\u0103 dezactivezi cookie-urile din browserul t\u0103u. \u00ce\u021bi recomand\u0103m s\u0103 consul\u021bi sec\u021biunea de Ajutor a browserului sau s\u0103 vizitezi site-ul <a href=\"http:\/\/www.aboutcookies.org\/\" target=\"_blank\" rel=\"noopener noreferrer\">About Cookies<\/a> care ofer\u0103 ghiduri pentru toate browserele moderne.     <\/p>\n\t\t\t\t\t\t\t\t<\/div>\n\t\t\t\t<\/div>\n\t\t\t\t<div class=\"elementor-element elementor-element-5e8e5a9 elementor-widget elementor-widget-spacer\" data-id=\"5e8e5a9\" data-element_type=\"widget\" data-widget_type=\"spacer.default\">\n\t\t\t\t<div class=\"elementor-widget-container\">\n\t\t\t\t\t\t\t<div class=\"elementor-spacer\">\n\t\t\t<div class=\"elementor-spacer-inner\"><\/div>\n\t\t<\/div>\n\t\t\t\t\t\t<\/div>\n\t\t\t\t<\/div>\n\t\t\t\t\t<\/div>\n\t\t<\/div>\n\t\t\t\t\t<\/div>\n\t\t<\/section>\n\t\t\t\t<\/div>\n\t\t","protected":false},"excerpt":{"rendered":"<p>Cookies Policy Acest site folose\u0219te cookie-uri \u2013 fi\u0219iere text mici care sunt plasate pe dispozitivul t\u0103u pentru a ajuta site-ul s\u0103 ofere o experien\u021b\u0103 mai bun\u0103 utilizatorilor. \u00cen general, cookie-urile sunt utilizate pentru a re\u021bine preferin\u021bele utilizatorilor, pentru a stoca informa\u021bii precum cele din co\u0219ul de cump\u0103r\u0103turi \u0219i pentru a furniza date de urm\u0103rire anonime&hellip;<\/p>\n","protected":false},"author":1,"featured_media":0,"parent":0,"menu_order":0,"comment_status":"closed","ping_status":"closed","template":"elementor_header_footer","meta":{"_acf_changed":false,"footnotes":""},"class_list":["post-48462","page","type-page","status-publish","hentry"],"acf":[],"_links":{"self":[{"href":"https:\/\/www.tornum.com\/ro\/wp-json\/wp\/v2\/pages\/48462","targetHints":{"allow":["GET"]}}],"collection":[{"href":"https:\/\/www.tornum.com\/ro\/wp-json\/wp\/v2\/pages"}],"about":[{"href":"https:\/\/www.tornum.com\/ro\/wp-json\/wp\/v2\/types\/page"}],"author":[{"embeddable":true,"href":"https:\/\/www.tornum.com\/ro\/wp-json\/wp\/v2\/users\/1"}],"replies":[{"embeddable":true,"href":"https:\/\/www.tornum.com\/ro\/wp-json\/wp\/v2\/comments?post=48462"}],"version-history":[{"count":1,"href":"https:\/\/www.tornum.com\/ro\/wp-json\/wp\/v2\/pages\/48462\/revisions"}],"predecessor-version":[{"id":48463,"href":"https:\/\/www.tornum.com\/ro\/wp-json\/wp\/v2\/pages\/48462\/revisions\/48463"}],"wp:attachment":[{"href":"https:\/\/www.tornum.com\/ro\/wp-json\/wp\/v2\/media?parent=48462"}],"curies":[{"name":"wp","href":"https:\/\/api.w.org\/{rel}","templated":true}]}}