{"id":23899,"date":"2023-05-17T13:04:39","date_gmt":"2023-05-17T13:04:39","guid":{"rendered":"https:\/\/www.tornum.com\/product\/alfaflame-bioheating-systems-2\/"},"modified":"2025-07-30T06:28:59","modified_gmt":"2025-07-30T06:28:59","slug":"alfaflame-sisteme-de-bioincalzire","status":"publish","type":"product","link":"https:\/\/www.tornum.com\/ro\/produs\/alfaflame-sisteme-de-bioincalzire\/","title":{"rendered":"ALFAFLAME &#8211; SISTEME DE BIO\u00ceNC\u0102LZIRE"},"content":{"rendered":"\t\t<div data-elementor-type=\"product-post\" data-elementor-id=\"23899\" class=\"elementor elementor-23899 elementor-11838\" data-elementor-settings=\"{&quot;ha_cmc_init_switcher&quot;:&quot;no&quot;}\" data-elementor-post-type=\"product\">\n\t\t\t\t\t\t<section class=\"elementor-section elementor-top-section elementor-element elementor-element-532b129 elementor-section-boxed elementor-section-height-default elementor-section-height-default\" data-id=\"532b129\" data-element_type=\"section\" data-settings=\"{&quot;_ha_eqh_enable&quot;:false}\">\n\t\t\t\t\t\t<div class=\"elementor-container elementor-column-gap-default\">\n\t\t\t\t\t<div class=\"elementor-column elementor-col-100 elementor-top-column elementor-element elementor-element-67db0c1b\" data-id=\"67db0c1b\" data-element_type=\"column\">\n\t\t\t<div class=\"elementor-widget-wrap elementor-element-populated\">\n\t\t\t\t\t\t<div class=\"elementor-element elementor-element-16129989 elementor-widget elementor-widget-text-editor\" data-id=\"16129989\" data-element_type=\"widget\" data-widget_type=\"text-editor.default\">\n\t\t\t\t<div class=\"elementor-widget-container\">\n\t\t\t\t\t\t\t\t\t<p>Arz\u0103torul pe baz\u0103 de biomas\u0103 AlfaFlame de 800 kW, disponibil \u00een configura\u021bii simple de 800 kW \u0219i duble (2\u00d7800 kW), este proiectat pentru a satisface o gam\u0103 larg\u0103 de aplica\u021bii, inclusiv usc\u0103toare de cereale, instala\u021bii industriale, sere \u0219i orice mediu care necesit\u0103 c\u0103ldur\u0103 abundent\u0103 \u0219i aer uscat. Cuptorul este proiectat s\u0103 func\u021bioneze la niveluri de suprapresiune. \u00cen plus, o op\u021biune de sistem cu dou\u0103 cazane permite utilizarea cazanelor fie \u00een tandem, fie independent.<\/p>\t\t\t\t\t\t\t\t<\/div>\n\t\t\t\t<\/div>\n\t\t\t\t\t<\/div>\n\t\t<\/div>\n\t\t\t\t\t<\/div>\n\t\t<\/section>\n\t\t\t\t<\/div>\n\t\t","protected":false},"excerpt":{"rendered":"<p>Arz\u0103torul pe baz\u0103 de biomas\u0103 AlfaFlame de 800 kW este versatil, fiind potrivit pentru aplica\u021bii precum uscarea cerealelor, utilizarea industrial\u0103 \u0219i \u00eenc\u0103lzirea serelor. Acesta func\u021bioneaz\u0103 la niveluri de suprapresiune \u0219i ofer\u0103 op\u021biunea unui sistem cu dou\u0103 cazane pentru utilizare independent\u0103 sau \u00een tandem.<\/p>\n","protected":false},"featured_media":21420,"comment_status":"open","ping_status":"closed","template":"","meta":{"_acf_changed":false},"product_brand":[],"product_cat":[514,515,516,517,518],"product_tag":[519,520,521,522],"class_list":{"0":"post-23899","1":"product","2":"type-product","3":"status-publish","4":"has-post-thumbnail","6":"product_cat-all-products-ro","7":"product_cat-food-2-ro","8":"product_cat-grain-ro","9":"product_cat-conditioning-ro","10":"product_cat-heat-sources-ro","11":"product_tag-burner-ro","12":"product_tag-dryer-ro","13":"product_tag-dryer-tkr-ro","14":"product_tag-tecflam-ro","16":"first","17":"instock","18":"shipping-taxable","19":"product-type-simple"},"acf":[],"_links":{"self":[{"href":"https:\/\/www.tornum.com\/ro\/wp-json\/wp\/v2\/product\/23899","targetHints":{"allow":["GET"]}}],"collection":[{"href":"https:\/\/www.tornum.com\/ro\/wp-json\/wp\/v2\/product"}],"about":[{"href":"https:\/\/www.tornum.com\/ro\/wp-json\/wp\/v2\/types\/product"}],"replies":[{"embeddable":true,"href":"https:\/\/www.tornum.com\/ro\/wp-json\/wp\/v2\/comments?post=23899"}],"version-history":[{"count":6,"href":"https:\/\/www.tornum.com\/ro\/wp-json\/wp\/v2\/product\/23899\/revisions"}],"predecessor-version":[{"id":29840,"href":"https:\/\/www.tornum.com\/ro\/wp-json\/wp\/v2\/product\/23899\/revisions\/29840"}],"wp:featuredmedia":[{"embeddable":true,"href":"https:\/\/www.tornum.com\/ro\/wp-json\/wp\/v2\/media\/21420"}],"wp:attachment":[{"href":"https:\/\/www.tornum.com\/ro\/wp-json\/wp\/v2\/media?parent=23899"}],"wp:term":[{"taxonomy":"product_brand","embeddable":true,"href":"https:\/\/www.tornum.com\/ro\/wp-json\/wp\/v2\/product_brand?post=23899"},{"taxonomy":"product_cat","embeddable":true,"href":"https:\/\/www.tornum.com\/ro\/wp-json\/wp\/v2\/product_cat?post=23899"},{"taxonomy":"product_tag","embeddable":true,"href":"https:\/\/www.tornum.com\/ro\/wp-json\/wp\/v2\/product_tag?post=23899"}],"curies":[{"name":"wp","href":"https:\/\/api.w.org\/{rel}","templated":true}]}}