{"id":23906,"date":"2023-05-14T21:39:02","date_gmt":"2023-05-14T21:39:02","guid":{"rendered":"https:\/\/www.tornum.com\/product\/aspiration-filtersystem\/"},"modified":"2025-07-30T06:56:30","modified_gmt":"2025-07-30T06:56:30","slug":"sistem-de-aspirare-filtrare","status":"publish","type":"product","link":"https:\/\/www.tornum.com\/ro\/produs\/sistem-de-aspirare-filtrare\/","title":{"rendered":"SISTEM DE ASPIRARE \/ FILTRARE"},"content":{"rendered":"<div class=\"wpb-content-wrapper\"><p>[vc_row][vc_column width=&#8221;2\/3&#8243;][vc_column_text]Sistemele de aspirare Tornum sunt concepute pentru gropi de recep\u021bie \u0219i echipamente de transport. Crearea unui vid \u00een sistem previne scurgerile praf \u00een mediul \u00eenconjur\u0103tor.<\/p>\n<p>Tornum proiecteaz\u0103 solu\u021bii personalizate pentru a satisface cerin\u021bele clien\u021bilor individuali. Echipamentele noastre minimizeaz\u0103 dispersia prafului \u0219i optimizeaz\u0103 mediul de lucru.<\/p>\n<p>Capacitatea filtrului depinde de mai mul\u021bi parametri.[\/vc_column_text][\/vc_column][vc_column width=&#8221;1\/3&#8243;][vc_column_text]<strong>Cei mai importan\u021bi factori sunt:<\/strong><br \/>\n\u2022 Tipul de produs<br \/>\n\u2022 Densitatea produsului<br \/>\n\u2022 Aplica\u021bia<br \/>\n\u2022 Mediul \u00eenconjur\u0103tor (temperatura \u0219i umiditatea aerului)<br \/>\n\u2022 Materialul filtrului<br \/>\n\u2022 Designul filtrului[\/vc_column_text][\/vc_column][\/vc_row]<\/p>\n<\/div>","protected":false},"excerpt":{"rendered":"<div class=\"flex flex-grow flex-col gap-3 max-w-full\">\n<div class=\"min-h-[20px] flex flex-col items-start gap-3 overflow-x-auto whitespace-pre-wrap break-words\">\n<div class=\"markdown prose w-full break-words dark:prose-invert light\">\n<p>Tornum ofer\u0103 sisteme de aspirare adaptate pentru gropile de recep\u021bie \u0219i echipamentele de transport, asigur\u00e2nd izolarea prafului \u0219i \u00eempiedic\u00e2nd eliberarea acestuia \u00een mediul \u00eenconjur\u0103tor prin crearea unui vid \u00een cadrul sistemului. Aceste solu\u021bii personalizate sunt concepute pentru a satisface cerin\u021bele specifice ale clien\u021bilor, minimiz\u00e2nd \u00een mod eficient dispersia prafului \u0219i \u00eembun\u0103t\u0103\u021bind mediul de lucru general.<\/p>\n<\/div>\n<\/div>\n<\/div>\n","protected":false},"featured_media":21248,"comment_status":"open","ping_status":"closed","template":"","meta":{"_acf_changed":false},"product_brand":[],"product_cat":[514,523,515,516,524,525],"product_tag":[526,527,528,529],"class_list":{"0":"post-23906","1":"product","2":"type-product","3":"status-publish","4":"has-post-thumbnail","6":"product_cat-all-products-ro","7":"product_cat-feed-ro","8":"product_cat-food-2-ro","9":"product_cat-grain-ro","10":"product_cat-material-handling-ro","11":"product_cat-dust-separation-ro","12":"product_tag-conditioning-ro","13":"product_tag-dust-ro","14":"product_tag-fan-ro","15":"product_tag-separation-ro","16":"description-off","18":"first","19":"instock","20":"shipping-taxable","21":"product-type-simple"},"acf":[],"_links":{"self":[{"href":"https:\/\/www.tornum.com\/ro\/wp-json\/wp\/v2\/product\/23906","targetHints":{"allow":["GET"]}}],"collection":[{"href":"https:\/\/www.tornum.com\/ro\/wp-json\/wp\/v2\/product"}],"about":[{"href":"https:\/\/www.tornum.com\/ro\/wp-json\/wp\/v2\/types\/product"}],"replies":[{"embeddable":true,"href":"https:\/\/www.tornum.com\/ro\/wp-json\/wp\/v2\/comments?post=23906"}],"version-history":[{"count":2,"href":"https:\/\/www.tornum.com\/ro\/wp-json\/wp\/v2\/product\/23906\/revisions"}],"predecessor-version":[{"id":23908,"href":"https:\/\/www.tornum.com\/ro\/wp-json\/wp\/v2\/product\/23906\/revisions\/23908"}],"wp:featuredmedia":[{"embeddable":true,"href":"https:\/\/www.tornum.com\/ro\/wp-json\/wp\/v2\/media\/21248"}],"wp:attachment":[{"href":"https:\/\/www.tornum.com\/ro\/wp-json\/wp\/v2\/media?parent=23906"}],"wp:term":[{"taxonomy":"product_brand","embeddable":true,"href":"https:\/\/www.tornum.com\/ro\/wp-json\/wp\/v2\/product_brand?post=23906"},{"taxonomy":"product_cat","embeddable":true,"href":"https:\/\/www.tornum.com\/ro\/wp-json\/wp\/v2\/product_cat?post=23906"},{"taxonomy":"product_tag","embeddable":true,"href":"https:\/\/www.tornum.com\/ro\/wp-json\/wp\/v2\/product_tag?post=23906"}],"curies":[{"name":"wp","href":"https:\/\/api.w.org\/{rel}","templated":true}]}}