{"id":23910,"date":"2023-05-14T21:52:41","date_gmt":"2023-05-14T21:52:41","guid":{"rendered":"https:\/\/www.tornum.com\/product\/aspirator-2\/"},"modified":"2025-07-30T07:03:41","modified_gmt":"2025-07-30T07:03:41","slug":"aspirator","status":"publish","type":"product","link":"https:\/\/www.tornum.com\/ro\/produs\/aspirator\/","title":{"rendered":"ASPIRATOR"},"content":{"rendered":"<div class=\"wpb-content-wrapper\"><p>[vc_row][vc_column width=&#8221;2\/3&#8243;][vc_column_text]Aspiratorul Tornum este destinat separ\u0103rii prafului de cereale \u0219i alte materiale granulare, av\u00e2nd o capacitate mare \u00een ciuda dimensiunilor sale mici.[\/vc_column_text][\/vc_column][vc_column width=&#8221;1\/3&#8243;][vc_column_text]<strong>CARACTERISTICI <\/strong><br \/>\n\u2022 Fabricat din tabl\u0103 acoperit\u0103 cu pulbere<br \/>\n\u2022 Disponibil \u00een trei dimensiuni<br \/>\n\u2022 Echipat cu lame radiale drepte<br \/>\n\u2022 Un aspirator de 25 de tone poate transporta de\u0219euri de cereale pe o distan\u021b\u0103 de aproximativ 24 de metri, iar aspiratorul de 60 de tone pe 21 de metri<br \/>\n\u2022 Putere de aspirare reglabil\u0103 pentru o eficien\u021b\u0103 maxim\u0103 a cur\u0103\u021b\u0103rii[\/vc_column_text][\/vc_column][\/vc_row]<\/p>\n<\/div>","protected":false},"excerpt":{"rendered":"<div class=\"flex flex-grow flex-col gap-3 max-w-full\">\n<div class=\"min-h-[20px] flex flex-col items-start gap-3 overflow-x-auto whitespace-pre-wrap break-words\">\n<div class=\"markdown prose w-full break-words dark:prose-invert light\">\n<p style=\"margin: 0in; background: white;\"><span style=\"font-family: 'Arial',sans-serif; color: #545559;\">Aspiratorul Tornum ofer\u0103 o separare eficient\u0103 \u0219i de \u00eenalt\u0103 calitate a prafului \u00een cazul manipul\u0103rii cerealelor \u0219i a materialelor granulare, \u00een ciuda dimensiunilor sale compacte. Acesta are o construc\u021bie din tabl\u0103 acoperit\u0103 cu pulbere, este disponibil \u00een trei op\u021biuni de dimensiuni \u0219i este echipat cu lame radiale drepte.<\/span><\/p>\n<\/div>\n<\/div>\n<\/div>\n","protected":false},"featured_media":21286,"comment_status":"open","ping_status":"closed","template":"","meta":{"_acf_changed":false},"product_brand":[],"product_cat":[514,516,524,525],"product_tag":[530,526,531,529],"class_list":{"0":"post-23910","1":"product","2":"type-product","3":"status-publish","4":"has-post-thumbnail","6":"product_cat-all-products-ro","7":"product_cat-grain-ro","8":"product_cat-material-handling-ro","9":"product_cat-dust-separation-ro","10":"product_tag-axial-ro","11":"product_tag-conditioning-ro","12":"product_tag-conditioning-laterals-ro","13":"product_tag-separation-ro","14":"description-off","16":"first","17":"instock","18":"shipping-taxable","19":"product-type-simple"},"acf":[],"_links":{"self":[{"href":"https:\/\/www.tornum.com\/ro\/wp-json\/wp\/v2\/product\/23910","targetHints":{"allow":["GET"]}}],"collection":[{"href":"https:\/\/www.tornum.com\/ro\/wp-json\/wp\/v2\/product"}],"about":[{"href":"https:\/\/www.tornum.com\/ro\/wp-json\/wp\/v2\/types\/product"}],"replies":[{"embeddable":true,"href":"https:\/\/www.tornum.com\/ro\/wp-json\/wp\/v2\/comments?post=23910"}],"version-history":[{"count":2,"href":"https:\/\/www.tornum.com\/ro\/wp-json\/wp\/v2\/product\/23910\/revisions"}],"predecessor-version":[{"id":23912,"href":"https:\/\/www.tornum.com\/ro\/wp-json\/wp\/v2\/product\/23910\/revisions\/23912"}],"wp:featuredmedia":[{"embeddable":true,"href":"https:\/\/www.tornum.com\/ro\/wp-json\/wp\/v2\/media\/21286"}],"wp:attachment":[{"href":"https:\/\/www.tornum.com\/ro\/wp-json\/wp\/v2\/media?parent=23910"}],"wp:term":[{"taxonomy":"product_brand","embeddable":true,"href":"https:\/\/www.tornum.com\/ro\/wp-json\/wp\/v2\/product_brand?post=23910"},{"taxonomy":"product_cat","embeddable":true,"href":"https:\/\/www.tornum.com\/ro\/wp-json\/wp\/v2\/product_cat?post=23910"},{"taxonomy":"product_tag","embeddable":true,"href":"https:\/\/www.tornum.com\/ro\/wp-json\/wp\/v2\/product_tag?post=23910"}],"curies":[{"name":"wp","href":"https:\/\/api.w.org\/{rel}","templated":true}]}}