{"id":23922,"date":"2023-04-03T11:57:24","date_gmt":"2023-04-03T11:57:24","guid":{"rendered":"https:\/\/www.tornum.com\/product\/axial-fan\/"},"modified":"2025-07-14T09:12:05","modified_gmt":"2025-07-14T09:12:05","slug":"ventilator-axial","status":"publish","type":"product","link":"https:\/\/www.tornum.com\/ro\/produs\/ventilator-axial\/","title":{"rendered":"VENTILATOR AXIAL"},"content":{"rendered":"<div class=\"wpb-content-wrapper\"><p>[vc_row gap=&#8221;35&#8243;][vc_column width=&#8221;2\/3&#8243;][vc_column_text]Ventilatoarele axiale Tornum sunt utilizate \u00een principal ca ventilatoare de aspirare \u00een usc\u0103toarele continue, dar pot fi utilizate \u0219i ca ventilatoare de condi\u021bionare \u00een silozurile noastre de condi\u021bionare LT. \u0218asiul este fabricat din tabl\u0103 grea de o\u021bel zincat la cald \u0219i este disponibil \u00een trei diametre &#8211; 500, 630 mm \u0219i 1130 mm &#8211; \u0219i cu puteri \u00eentre 2,2 \u0219i 22 kW. Atunci c\u00e2nd este instalat pe un usc\u0103tor, v\u0103 recomand\u0103m s\u0103 ad\u0103uga\u021bi un amortizor de zgomot pentru a reduce nivelul de zgomot extern.[\/vc_column_text][\/vc_column][vc_column width=&#8221;1\/3&#8243;][vc_column_text]<strong>CARACTERISTICI <\/strong><br \/>\n\u2022 \u0218asiul ventilatorului este galvanizat la cald pentru o protec\u021bie excelent\u0103 \u00eempotriva coroziunii<br \/>\n\u2022 Amortizoarele ventilatorului sunt disponibile ca accesorii. Designul dublu al amortizorului asigur\u0103 o performan\u021b\u0103 mai bun\u0103 dec\u00e2t modelele conven\u021bionale.<br \/>\n\u2022 Rotoarele sunt echilibrate at\u00e2t static, c\u00e2t \u0219i dinamic.<br \/>\n\u2022 Dimensiunile \u00d8 500 mm \u0219i \u00d8 630 mm au rotoare din aluminiu turnat dintr-o singur\u0103 bucat\u0103, \u00een timp ce dimensiunea \u00d8 1130 mm are palete din plastic pe un butuc din aluminiu.[\/vc_column_text][\/vc_column][\/vc_row]<\/p>\n<\/div>","protected":false},"excerpt":{"rendered":"<p style=\"margin: 0in; background: white;\"><span style=\"font-family: 'Arial',sans-serif; color: #545559;\">Ventilatoarele axiale Tornum servesc ca ventilatoare de aspirare \u00een usc\u0103toarele continue \u0219i pot func\u021biona, de asemenea, ca ventilatoare de condi\u021bionare \u00een silozurile de condi\u021bionare LT. Acestea sunt disponibile \u00een trei diametre (500 mm, 630 mm \u0219i 1130 mm), cu puteri cuprinse \u00eentre 2,2 kW \u0219i 22 kW.<\/span><\/p>\n","protected":false},"featured_media":20790,"comment_status":"open","ping_status":"closed","template":"","meta":{"_acf_changed":false},"product_brand":[],"product_cat":[514,516,517,538],"product_tag":[530,526,520,528],"class_list":{"0":"post-23922","1":"product","2":"type-product","3":"status-publish","4":"has-post-thumbnail","6":"product_cat-all-products-ro","7":"product_cat-grain-ro","8":"product_cat-conditioning-ro","9":"product_cat-axial-fan-ro-conditioning-ro","10":"product_tag-axial-ro","11":"product_tag-conditioning-ro","12":"product_tag-dryer-ro","13":"product_tag-fan-ro","14":"pa_products-type-grain-ro","15":"description-off","17":"first","18":"instock","19":"shipping-taxable","20":"product-type-simple"},"acf":[],"_links":{"self":[{"href":"https:\/\/www.tornum.com\/ro\/wp-json\/wp\/v2\/product\/23922","targetHints":{"allow":["GET"]}}],"collection":[{"href":"https:\/\/www.tornum.com\/ro\/wp-json\/wp\/v2\/product"}],"about":[{"href":"https:\/\/www.tornum.com\/ro\/wp-json\/wp\/v2\/types\/product"}],"replies":[{"embeddable":true,"href":"https:\/\/www.tornum.com\/ro\/wp-json\/wp\/v2\/comments?post=23922"}],"version-history":[{"count":2,"href":"https:\/\/www.tornum.com\/ro\/wp-json\/wp\/v2\/product\/23922\/revisions"}],"predecessor-version":[{"id":23924,"href":"https:\/\/www.tornum.com\/ro\/wp-json\/wp\/v2\/product\/23922\/revisions\/23924"}],"wp:featuredmedia":[{"embeddable":true,"href":"https:\/\/www.tornum.com\/ro\/wp-json\/wp\/v2\/media\/20790"}],"wp:attachment":[{"href":"https:\/\/www.tornum.com\/ro\/wp-json\/wp\/v2\/media?parent=23922"}],"wp:term":[{"taxonomy":"product_brand","embeddable":true,"href":"https:\/\/www.tornum.com\/ro\/wp-json\/wp\/v2\/product_brand?post=23922"},{"taxonomy":"product_cat","embeddable":true,"href":"https:\/\/www.tornum.com\/ro\/wp-json\/wp\/v2\/product_cat?post=23922"},{"taxonomy":"product_tag","embeddable":true,"href":"https:\/\/www.tornum.com\/ro\/wp-json\/wp\/v2\/product_tag?post=23922"}],"curies":[{"name":"wp","href":"https:\/\/api.w.org\/{rel}","templated":true}]}}