{"id":23926,"date":"2023-05-04T09:40:05","date_gmt":"2023-05-04T09:40:05","guid":{"rendered":"https:\/\/www.tornum.com\/product\/batch-dryer-ts\/"},"modified":"2025-07-11T09:17:20","modified_gmt":"2025-07-11T09:17:20","slug":"uscator-in-sarja-ts","status":"publish","type":"product","link":"https:\/\/www.tornum.com\/ro\/produs\/uscator-in-sarja-ts\/","title":{"rendered":"USC\u0102TOR \u00ceN \u0218ARJ\u0102 TS"},"content":{"rendered":"<div class=\"wpb-content-wrapper\"><p>[vc_row][vc_column width=&#8221;2\/3&#8243;][vc_column_text]Usc\u0103torul \u00een \u0219arj\u0103 TS de la Tornum poate fi adaptat la diferite cerin\u021be de capacitate \u0219i este echipat cu obloane reglabile pentru uscarea loturilor mici.<\/p>\n<p>Exist\u0103 o sec\u021biune de desc\u0103rcare \u00eentre sec\u021biunile de uscare \u0219i bunc\u0103rul de desc\u0103rcare, ceea ce face posibil\u0103 recircularea \u0219arjei f\u0103r\u0103 a fi necesar\u0103 golirea \u00eentregii unit\u0103\u021bi. Acest lucru ajut\u0103 la asigurarea unei usc\u0103ri uniforme, a unui produs final de \u00eenalt\u0103 calitate \u0219i a unei bune economii de c\u0103ldur\u0103.<\/p>\n<p>Toate usc\u0103toarele noastre de cereale sunt fabricate din o\u021bel galvanizat la cald.[\/vc_column_text][\/vc_column][vc_column width=&#8221;1\/3&#8243;][vc_column_text]<strong>INCLUSE <\/strong><br \/>\n\u2022 Indicator de nivel<br \/>\n\u2022 Conduct\u0103 de aer umed<br \/>\n\u2022 Sec\u021biunea de desc\u0103rcare<br \/>\n\u2022 Zona tampon<\/p>\n<p><strong>OP\u021aIUNI <\/strong><br \/>\n\u2022 Sistem de detectare a incendiilor<br \/>\n\u2022 Sc\u0103ri \u0219i platforme<br \/>\n\u2022 Extinderea zonei tampon<br \/>\n\u2022 Control &#8211; con\u021binut de umiditate sau temperatur\u0103<br \/>\n\u2022 Evacuare &#8211; interval[\/vc_column_text][\/vc_column][\/vc_row]<\/p>\n<\/div>","protected":false},"excerpt":{"rendered":"<p style=\"margin: 0in; background: white;\"><span style=\"font-family: 'Arial',sans-serif; color: #545559;\">Usc\u0103torul \u00een \u0219arj\u0103 TS de la Tornum poate fi personalizat pentru diferite nevoi de capacitate \u0219i dispune de obloane reglabile pentru uscarea loturilor mici.<\/span><\/p>\n","protected":false},"featured_media":21556,"comment_status":"open","ping_status":"closed","template":"","meta":{"_acf_changed":false},"product_brand":[],"product_cat":[514,516,540],"product_tag":[520,541,521,542],"class_list":{"0":"post-23926","1":"product","2":"type-product","3":"status-publish","4":"has-post-thumbnail","6":"product_cat-all-products-ro","7":"product_cat-grain-ro","8":"product_cat-grain-dryers-ro","9":"product_tag-dryer-ro","10":"product_tag-dryer-tk-ro","11":"product_tag-dryer-tkr-ro","12":"product_tag-hr-ro","13":"description-off","15":"first","16":"instock","17":"shipping-taxable","18":"product-type-simple"},"acf":[],"_links":{"self":[{"href":"https:\/\/www.tornum.com\/ro\/wp-json\/wp\/v2\/product\/23926","targetHints":{"allow":["GET"]}}],"collection":[{"href":"https:\/\/www.tornum.com\/ro\/wp-json\/wp\/v2\/product"}],"about":[{"href":"https:\/\/www.tornum.com\/ro\/wp-json\/wp\/v2\/types\/product"}],"replies":[{"embeddable":true,"href":"https:\/\/www.tornum.com\/ro\/wp-json\/wp\/v2\/comments?post=23926"}],"version-history":[{"count":3,"href":"https:\/\/www.tornum.com\/ro\/wp-json\/wp\/v2\/product\/23926\/revisions"}],"predecessor-version":[{"id":30985,"href":"https:\/\/www.tornum.com\/ro\/wp-json\/wp\/v2\/product\/23926\/revisions\/30985"}],"wp:featuredmedia":[{"embeddable":true,"href":"https:\/\/www.tornum.com\/ro\/wp-json\/wp\/v2\/media\/21556"}],"wp:attachment":[{"href":"https:\/\/www.tornum.com\/ro\/wp-json\/wp\/v2\/media?parent=23926"}],"wp:term":[{"taxonomy":"product_brand","embeddable":true,"href":"https:\/\/www.tornum.com\/ro\/wp-json\/wp\/v2\/product_brand?post=23926"},{"taxonomy":"product_cat","embeddable":true,"href":"https:\/\/www.tornum.com\/ro\/wp-json\/wp\/v2\/product_cat?post=23926"},{"taxonomy":"product_tag","embeddable":true,"href":"https:\/\/www.tornum.com\/ro\/wp-json\/wp\/v2\/product_tag?post=23926"}],"curies":[{"name":"wp","href":"https:\/\/api.w.org\/{rel}","templated":true}]}}