{"id":23930,"date":"2023-05-14T20:21:14","date_gmt":"2023-05-14T20:21:14","guid":{"rendered":"https:\/\/www.tornum.com\/product\/belt-conveyor-bti\/"},"modified":"2025-07-14T08:55:40","modified_gmt":"2025-07-14T08:55:40","slug":"transportor-cu-banda-bti","status":"publish","type":"product","link":"https:\/\/www.tornum.com\/ro\/produs\/transportor-cu-banda-bti\/","title":{"rendered":"TRANSPORTOR CU BAND\u0102 BTI"},"content":{"rendered":"<p><strong>TRANSPORT MAI BUN<\/strong><br \/>\nAt\u00e2t l\u0103\u021bimea benzii, c\u00e2t \u0219i l\u0103\u021bimea tamburului \u0219i a ro\u021bii libere sunt standardizate ISO \u0219i sunt stabilite \u00een conformitate cu cele mai bune practici \u00een raport cu capacitatea. Cerealele au suficient spa\u021biu, iar banda are o bun\u0103 deplasare lateral\u0103. \u00cen mod firesc, viteza benzii este, de asemenea, setat\u0103 conform celor mai bune practici \u0219i, \u00een plus, transportoarele cu o lungime de 20 de metri sau mai mult sunt echipate cu seturi de role de urm\u0103rire care asigur\u0103 un control \u00eembun\u0103t\u0103\u021bit al benzii pe sec\u021biunea de \u00eentoarcere. \u00cen plus, \u00eenc\u0103rc\u0103torul central este etan\u0219at cu o band\u0103 PUR. Cu alte cuvinte, nu se produce nicio scurgere \u0219i transportul cerealelor este mai stabil.<\/p>\n<p><strong>REGLARE<\/strong> <strong>MAI SIMPL\u0102 <\/strong><br \/>\nPartea din spate are o curs\u0103 de reglare generoas\u0103, ceea ce reduce necesitatea de a revulcaniza cureaua dup\u0103 o perioad\u0103 de \u00eentindere. \u00cen plus, l\u0103\u021bimea dispozitivului de deplasare face ca banda transportoare s\u0103 fie mai pu\u021bin sensibil\u0103 la precizia vulcaniz\u0103rii propriu-zise. Seturile de role libere de transport centreaz\u0103 cureaua prin intermediul alinierii decalate, iar pozi\u021bia ambelor role libere de transport poate fi ajustat\u0103 individual pentru reglarea mai precis\u0103 a cursei curelei \u0219i pentru a regla alinierea decalat\u0103 pentru o func\u021bionare reversibil\u0103.<\/p>\n<p><strong>ASAMBLARE U\u0218OAR\u0102 <\/strong><br \/>\nCa \u00eentotdeauna, ne-am asigurat c\u0103 asamblarea este simpl\u0103 \u0219i f\u0103r\u0103 probleme. La fel ca toate produsele Skandia Elevator, BTI face parte dintr-un sistem modular. Acest lucru faciliteaz\u0103 asamblarea \u0219i adaptarea datorit\u0103 proceselor controlate \u0219i a unei bune adapt\u0103ri. Asamblarea simpl\u0103, \u00eempreun\u0103 cu tehnologia noastr\u0103 de produc\u021bie, ajut\u0103 la crearea unei ma\u0219ini mai drepte \u0219i mai stabile \u00eenc\u0103 de la \u00eenceput, lucru care a fost foarte solicitat de pia\u021b\u0103.<\/p>\n<p><strong>FLEXIBILITATE<\/strong><br \/>\nBTI este proiectat pentru toate mediile \u0219i instala\u021biile posibile, at\u00e2t \u00een exterior, c\u00e2t \u0219i \u00een interior. Lungimea autoportant\u0103 este de p\u00e2n\u0103 la 6 metri. BTI este disponibil \u00een trei modele diferite \u0219i fiecare model are dou\u0103 capacit\u0103\u021bi diferite. Astfel, indiferent de dimensiuni, fiecare instala\u021bie poate avea un transportor cu band\u0103 care se potrive\u0219te perfect \u0219i care nu consum\u0103 mai mult\u0103 energie dec\u00e2t este necesar.<\/p>\n<p><strong>CALITATE INEGALABIL\u0102 <\/strong><br \/>\nSkandia Elevator nu face niciodat\u0103 compromisuri \u00een ceea ce prive\u0219te calitatea. Sunt folosite doar cele mai bune materiale \u0219i componente. Acest lucru duce la o func\u021bionare mai fiabil\u0103, la o durat\u0103 de via\u021b\u0103 mai mare \u0219i la costuri de repara\u021bii mai mici.<\/p>\n","protected":false},"excerpt":{"rendered":"<p style=\"margin: 0in; background: white;\"><span style=\"font-family: 'Arial',sans-serif; color: #545559;\">Transportatorul cu band\u0103 Skandia BTI este proiectat pentru transportul eficient \u0219i fiabil al cerealelor, cu accent pe prevenirea scurgerilor. Ofer\u0103 o reglare \u0219i o asamblare simplificate, reduc\u00e2nd necesitatea de revulcanizare a benzii \u0219i asigur\u00e2nd un utilaj mai drept \u0219i mai stabil, \u00een timp ce flexibilitatea sa permite utilizarea \u00een diverse medii \u0219i instala\u021bii.<\/span><\/p>\n","protected":false},"featured_media":21170,"comment_status":"open","ping_status":"closed","template":"","meta":{"_acf_changed":false},"product_brand":[],"product_cat":[514,523,515,516,524,543],"product_tag":[544,545,520,546],"class_list":{"0":"post-23930","1":"product","2":"type-product","3":"status-publish","4":"has-post-thumbnail","6":"product_cat-all-products-ro","7":"product_cat-feed-ro","8":"product_cat-food-2-ro","9":"product_cat-grain-ro","10":"product_cat-material-handling-ro","11":"product_cat-belt-conveyors-ro","12":"product_tag-bin-ro","13":"product_tag-conveyor-ro","14":"product_tag-dryer-ro","15":"product_tag-transport-ro","16":"description-off","18":"first","19":"instock","20":"shipping-taxable","21":"product-type-simple"},"acf":[],"_links":{"self":[{"href":"https:\/\/www.tornum.com\/ro\/wp-json\/wp\/v2\/product\/23930","targetHints":{"allow":["GET"]}}],"collection":[{"href":"https:\/\/www.tornum.com\/ro\/wp-json\/wp\/v2\/product"}],"about":[{"href":"https:\/\/www.tornum.com\/ro\/wp-json\/wp\/v2\/types\/product"}],"replies":[{"embeddable":true,"href":"https:\/\/www.tornum.com\/ro\/wp-json\/wp\/v2\/comments?post=23930"}],"version-history":[{"count":3,"href":"https:\/\/www.tornum.com\/ro\/wp-json\/wp\/v2\/product\/23930\/revisions"}],"predecessor-version":[{"id":30480,"href":"https:\/\/www.tornum.com\/ro\/wp-json\/wp\/v2\/product\/23930\/revisions\/30480"}],"wp:featuredmedia":[{"embeddable":true,"href":"https:\/\/www.tornum.com\/ro\/wp-json\/wp\/v2\/media\/21170"}],"wp:attachment":[{"href":"https:\/\/www.tornum.com\/ro\/wp-json\/wp\/v2\/media?parent=23930"}],"wp:term":[{"taxonomy":"product_brand","embeddable":true,"href":"https:\/\/www.tornum.com\/ro\/wp-json\/wp\/v2\/product_brand?post=23930"},{"taxonomy":"product_cat","embeddable":true,"href":"https:\/\/www.tornum.com\/ro\/wp-json\/wp\/v2\/product_cat?post=23930"},{"taxonomy":"product_tag","embeddable":true,"href":"https:\/\/www.tornum.com\/ro\/wp-json\/wp\/v2\/product_tag?post=23930"}],"curies":[{"name":"wp","href":"https:\/\/api.w.org\/{rel}","templated":true}]}}