{"id":23934,"date":"2023-05-14T20:23:45","date_gmt":"2023-05-14T20:23:45","guid":{"rendered":"https:\/\/www.tornum.com\/product\/belt-conveyor-jema\/"},"modified":"2025-07-30T07:22:12","modified_gmt":"2025-07-30T07:22:12","slug":"transportor-cu-banda-jema","status":"publish","type":"product","link":"https:\/\/www.tornum.com\/ro\/produs\/transportor-cu-banda-jema\/","title":{"rendered":"TRANSPORTOR CU BAND\u0102 JEMA"},"content":{"rendered":"<div class=\"wpb-content-wrapper\"><p>[vc_row][vc_column width=&#8221;2\/3&#8243;][vc_column_text]Tornum ofer\u0103 transportoare cu band\u0103, destinate \u00een primul r\u00e2nd fabricilor de cereale \u0219i ulei.<br \/>\nAcestea vin \u00een form\u0103 modular\u0103 \u0219i sunt fabricate din o\u021bel galvanizat la cald. Rolele \u00eenclinate ale benzilor transportoare asigur\u0103 un transport sigur \u0219i eficient din punct de vedere energetic.<\/p>\n<p>Transportoarele cu band\u0103 Tornum sunt disponibile \u00een lungimi de p\u00e2n\u0103 la 100 de metri, cu capacit\u0103\u021bi de la 60 la 300 de tone\/or\u0103. Acestea sunt disponibile pentru func\u021bionare reversibil\u0103 \u0219i\/sau \u00eenclinat\u0103. Benzile rezistente la ulei sunt DOTARE STANDARD.[\/vc_column_text][\/vc_column][vc_column width=&#8221;1\/3&#8243;][vc_column_text]<strong>OP\u021aIUNI<br \/>\n<\/strong>\u2022 C\u0103rucior manual sau motorizat cu distribuitor \u00eencorporat<br \/>\n\u2022 Protec\u021bie \u00eempotriva intemperiilor pentru amplasarea \u00een exterior<br \/>\n\u2022 Mai multe tipuri de cuve de admisie \u0219i evacuare[\/vc_column_text][\/vc_column][\/vc_row]<\/p>\n<\/div>","protected":false},"excerpt":{"rendered":"<div class=\"flex flex-grow flex-col gap-3 max-w-full\">\n<div class=\"min-h-[20px] flex flex-col items-start gap-3 overflow-x-auto whitespace-pre-wrap break-words\">\n<div class=\"markdown prose w-full break-words dark:prose-invert light\">\n<p style=\"margin: 0in; background: white;\"><span style=\"font-family: 'Arial',sans-serif; color: #545559;\">Tornum ofer\u0103 benzi transportoare modulare din o\u021bel galvanizat la cald, concepute \u00een principal pentru utilizare \u00een fabricile de cereale \u0219i ulei. Transportatoarele cu band\u0103 ofer\u0103 un transport sigur \u0219i eficient din punct de vedere energetic, cu role de transport \u00eenclinate \u0219i flexibilitate \u00een lungimi de p\u00e2n\u0103 la 100 de metri \u0219i capacit\u0103\u021bi cuprinse \u00eentre 60 \u0219i 300 de tone\/or\u0103.<\/span><\/p>\n<\/div>\n<\/div>\n<\/div>\n","protected":false},"featured_media":21174,"comment_status":"open","ping_status":"closed","template":"","meta":{"_acf_changed":false},"product_brand":[],"product_cat":[514,523,515,516,524,543],"product_tag":[544,545,520,546],"class_list":{"0":"post-23934","1":"product","2":"type-product","3":"status-publish","4":"has-post-thumbnail","6":"product_cat-all-products-ro","7":"product_cat-feed-ro","8":"product_cat-food-2-ro","9":"product_cat-grain-ro","10":"product_cat-material-handling-ro","11":"product_cat-belt-conveyors-ro","12":"product_tag-bin-ro","13":"product_tag-conveyor-ro","14":"product_tag-dryer-ro","15":"product_tag-transport-ro","16":"description-off","18":"first","19":"instock","20":"shipping-taxable","21":"product-type-simple"},"acf":[],"_links":{"self":[{"href":"https:\/\/www.tornum.com\/ro\/wp-json\/wp\/v2\/product\/23934","targetHints":{"allow":["GET"]}}],"collection":[{"href":"https:\/\/www.tornum.com\/ro\/wp-json\/wp\/v2\/product"}],"about":[{"href":"https:\/\/www.tornum.com\/ro\/wp-json\/wp\/v2\/types\/product"}],"replies":[{"embeddable":true,"href":"https:\/\/www.tornum.com\/ro\/wp-json\/wp\/v2\/comments?post=23934"}],"version-history":[{"count":2,"href":"https:\/\/www.tornum.com\/ro\/wp-json\/wp\/v2\/product\/23934\/revisions"}],"predecessor-version":[{"id":23936,"href":"https:\/\/www.tornum.com\/ro\/wp-json\/wp\/v2\/product\/23934\/revisions\/23936"}],"wp:featuredmedia":[{"embeddable":true,"href":"https:\/\/www.tornum.com\/ro\/wp-json\/wp\/v2\/media\/21174"}],"wp:attachment":[{"href":"https:\/\/www.tornum.com\/ro\/wp-json\/wp\/v2\/media?parent=23934"}],"wp:term":[{"taxonomy":"product_brand","embeddable":true,"href":"https:\/\/www.tornum.com\/ro\/wp-json\/wp\/v2\/product_brand?post=23934"},{"taxonomy":"product_cat","embeddable":true,"href":"https:\/\/www.tornum.com\/ro\/wp-json\/wp\/v2\/product_cat?post=23934"},{"taxonomy":"product_tag","embeddable":true,"href":"https:\/\/www.tornum.com\/ro\/wp-json\/wp\/v2\/product_tag?post=23934"}],"curies":[{"name":"wp","href":"https:\/\/api.w.org\/{rel}","templated":true}]}}