{"id":23938,"date":"2023-04-03T12:49:18","date_gmt":"2023-04-03T12:49:18","guid":{"rendered":"https:\/\/www.tornum.com\/product\/bucket-and-chain-elevator-pits\/"},"modified":"2025-07-30T07:29:20","modified_gmt":"2025-07-30T07:29:20","slug":"buncar-de-receptie-cu-elevatoare-cu-cupe-si-lanturi","status":"publish","type":"product","link":"https:\/\/www.tornum.com\/ro\/produs\/buncar-de-receptie-cu-elevatoare-cu-cupe-si-lanturi\/","title":{"rendered":"BUNC\u0102R DE RECEPTIE CU ELEVATOARE CU CUPE \u0218I LAN\u021aURI"},"content":{"rendered":"<div class=\"wpb-content-wrapper\"><p>[vc_row gap=&#8221;35&#8243;][vc_column width=&#8221;1\/2&#8243;][vc_column_text]Bunc\u0103rele de recep\u021bie cu elevatoare cu cupe \u0219i lan\u021b Tornum se descarc\u0103 singure. Func\u021bionarea acestora se bazeaz\u0103 pe faptul c\u0103 sec\u021biunea de recep\u021bie se gole\u0219te \u00een elevator cu ajutorul gravita\u021biei. Ambele sunt potrivite pentru \u00eenglobarea permanent\u0103 \u00eentr-o baz\u0103 de beton. Ad\u00e2ncimea mare a fosei elevatoare cu cup\u0103 este adesea un avantaj, deoarece se poate utiliza \u0219i efectul de c\u0103dere natural\u0103 de la containere \u0219i usc\u0103tor la elevator. Sec\u021biunea de admisie a fosei elevatoare cu lan\u021b poate fi \u00eenchis\u0103 cu un oblon, astfel \u00eenc\u00e2t elevatorul cu cupe si lan\u021b s\u0103 poat\u0103 fi utilizat pentru a goli usc\u0103torul.[\/vc_column_text][\/vc_column][vc_column width=&#8221;1\/2&#8243;][vc_column_text]<strong>CARACTERISTICI <\/strong><br \/>\n\u2022 Vopsea de baz\u0103 \u0219i strat de acoperire pentru o bun\u0103 protec\u021bie \u00eempotriva coroziunii<br \/>\n\u2022 Echipate cu grinzi si rulmen\u021bi robu\u0219ti pentru \u0219ine de rulare<br \/>\n\u2022 Bunc\u0103rul are un interior neted pentru o bun\u0103 igien\u0103 \u0219i o cur\u0103\u021bare minim\u0103<br \/>\n\u2022 Sec\u021biunea elevatorului poate fi acoperit\u0103<\/p>\n<p><strong>OP\u021aIUNI <\/strong><br \/>\n\u2022 Grilaje rutiere<br \/>\n\u2022 Protec\u021bie lateral\u0103 pentru bunc\u0103rul de recep\u021bie<br \/>\n\u2022 Indicator de nivel[\/vc_column_text][\/vc_column][\/vc_row]<\/p>\n<\/div>","protected":false},"excerpt":{"rendered":"<p style=\"margin: 0in; background: white;\"><span style=\"font-family: 'Arial',sans-serif; color: #545559;\">Bunc\u0103rele Tornum cu autodesc\u0103rcare cu elevatoare cu cupe \u0219i lan\u021buri folosesc gravita\u021bia pentru a goli sec\u021biunea de primire, ceea ce le face ideale pentru instalarea permanent\u0103 \u00een baze de beton.<\/span><\/p>\n","protected":false},"featured_media":20802,"comment_status":"open","ping_status":"closed","template":"","meta":{"_acf_changed":false},"product_brand":[],"product_cat":[514,523,515,516,524,547,548],"product_tag":[549,550,520,551],"class_list":{"0":"post-23938","1":"product","2":"type-product","3":"status-publish","4":"has-post-thumbnail","6":"product_cat-all-products-ro","7":"product_cat-feed-ro","8":"product_cat-food-2-ro","9":"product_cat-grain-ro","10":"product_cat-material-handling-ro","11":"product_cat-intake-pit-ro","12":"product_cat-intake-pit-storage-ro","13":"product_tag-bucket-ro","14":"product_tag-chain-ro","15":"product_tag-dryer-ro","16":"product_tag-elevator-ro","17":"pa_products-type-feed-ro","18":"description-off","20":"first","21":"instock","22":"shipping-taxable","23":"product-type-simple"},"acf":[],"_links":{"self":[{"href":"https:\/\/www.tornum.com\/ro\/wp-json\/wp\/v2\/product\/23938","targetHints":{"allow":["GET"]}}],"collection":[{"href":"https:\/\/www.tornum.com\/ro\/wp-json\/wp\/v2\/product"}],"about":[{"href":"https:\/\/www.tornum.com\/ro\/wp-json\/wp\/v2\/types\/product"}],"replies":[{"embeddable":true,"href":"https:\/\/www.tornum.com\/ro\/wp-json\/wp\/v2\/comments?post=23938"}],"version-history":[{"count":2,"href":"https:\/\/www.tornum.com\/ro\/wp-json\/wp\/v2\/product\/23938\/revisions"}],"predecessor-version":[{"id":23940,"href":"https:\/\/www.tornum.com\/ro\/wp-json\/wp\/v2\/product\/23938\/revisions\/23940"}],"wp:featuredmedia":[{"embeddable":true,"href":"https:\/\/www.tornum.com\/ro\/wp-json\/wp\/v2\/media\/20802"}],"wp:attachment":[{"href":"https:\/\/www.tornum.com\/ro\/wp-json\/wp\/v2\/media?parent=23938"}],"wp:term":[{"taxonomy":"product_brand","embeddable":true,"href":"https:\/\/www.tornum.com\/ro\/wp-json\/wp\/v2\/product_brand?post=23938"},{"taxonomy":"product_cat","embeddable":true,"href":"https:\/\/www.tornum.com\/ro\/wp-json\/wp\/v2\/product_cat?post=23938"},{"taxonomy":"product_tag","embeddable":true,"href":"https:\/\/www.tornum.com\/ro\/wp-json\/wp\/v2\/product_tag?post=23938"}],"curies":[{"name":"wp","href":"https:\/\/api.w.org\/{rel}","templated":true}]}}