{"id":23943,"date":"2023-01-29T20:07:08","date_gmt":"2023-01-29T20:07:08","guid":{"rendered":"https:\/\/www.tornum.com\/product\/buhler-grainplus-laga\/"},"modified":"2025-07-30T08:06:04","modified_gmt":"2025-07-30T08:06:04","slug":"buhler-grainplus-laga","status":"publish","type":"product","link":"https:\/\/www.tornum.com\/ro\/produs\/buhler-grainplus-laga\/","title":{"rendered":"B\u00dcHLER GRAINPLUS\u2122 &#8211; LAGA"},"content":{"rendered":"<div class=\"wpb-content-wrapper\"><p>[vc_row][vc_column width=&#8221;2\/3&#8243;][vc_column_text]GrainPLUS\u2122 este o ma\u0219in\u0103 de cur\u0103\u021bare universal\u0103 accesibil\u0103 din punct de vedere al pre\u021bului, conceput\u0103 pentru cur\u0103\u021barea cerealelor la recep\u021bie, dar este potrivit\u0103 \u0219i pentru cur\u0103\u021barea fin\u0103 \u0219i sortarea orzului. GrainPLUS\u2122 se adreseaz\u0103 industriilor cu cerin\u021be de capacitate mai mici, dar cu timpi de func\u021bionare lungi \u0219i cerin\u021be de func\u021bionare f\u0103r\u0103 probleme. Designul robust garanteaz\u0103 o durat\u0103 de via\u021b\u0103 lung\u0103. GrainPLUS\u2122 este disponibil\u0103 \u00een 3 modele cu capacit\u0103\u021bi de la 12 la 50 de tone\/or\u0103.[\/vc_column_text][\/vc_column][vc_column width=&#8221;1\/3&#8243;][vc_column_text]<strong>CARACTERISTICI<br \/>\n<\/strong>\u2022 Cutia sitelor oscilant\u0103 asigur\u0103 o func\u021bionare lin\u0103, f\u0103r\u0103 vibra\u021bii<br \/>\n\u2022 Proiectat\u0103 pentru solicit\u0103ri minime la funda\u021bii<br \/>\n\u2022 Casete sitelor din o\u021bel cu cur\u0103\u021bare cu bile<br \/>\n\u2022 Cutia sitelor complet \u00eenchis\u0103 pentru un mediu f\u0103r\u0103 praf<br \/>\n\u2022 Sec\u021biune de ie\u0219ire cu conduct\u0103 de aer ascendent<\/p>\n<p><strong>OP\u021aIUNI <\/strong><br \/>\n\u2022 Sec\u021biune de intrare cu aspirare \u0219i rol\u0103 de alimentare<br \/>\n\u2022 Cuv\u0103 de ie\u0219ire cu magnet<br \/>\n\u2022\u00a0<a href=\"https:\/\/www.tornum.com\/product\/cyclone\/\" target=\"_blank\" rel=\"noopener\">Ciclon<\/a><br \/>\n\u2022 Ventilator<br \/>\n\u2022 Filtru[\/vc_column_text][\/vc_column][\/vc_row]<\/p>\n<\/div>","protected":false},"excerpt":{"rendered":"<p style=\"margin: 0in; background: white;\"><span style=\"font-family: 'Arial',sans-serif; color: #545559;\">Utilajul GrainPLUS\u2122 este o ma\u0219in\u0103 de cur\u0103\u021bare universal\u0103 eficient\u0103 din punct de vedere al costurilor, proiectat\u0103 \u00een principal pentru cur\u0103\u021barea cerealelor la recep\u021bie, cu capacitatea suplimentar\u0103 de cur\u0103\u021bare fin\u0103 \u0219i sortarea orzului.<\/span><\/p>\n","protected":false},"featured_media":22077,"comment_status":"open","ping_status":"closed","template":"","meta":{"_acf_changed":false},"product_brand":[],"product_cat":[514,523,515,516,524,553],"product_tag":[554,555,527,529],"class_list":{"0":"post-23943","1":"product","2":"type-product","3":"status-publish","4":"has-post-thumbnail","6":"product_cat-all-products-ro","7":"product_cat-feed-ro","8":"product_cat-food-2-ro","9":"product_cat-grain-ro","10":"product_cat-material-handling-ro","11":"product_cat-cleaning-machines-ro-material-handling-ro","12":"product_tag-cleaning-ro","13":"product_tag-dc-remover-ro","14":"product_tag-dust-ro","15":"product_tag-separation-ro","16":"pa_products-type-all-products-ro","17":"pa_products-type-feed-ro","18":"description-off","20":"first","21":"instock","22":"shipping-taxable","23":"product-type-simple"},"acf":[],"_links":{"self":[{"href":"https:\/\/www.tornum.com\/ro\/wp-json\/wp\/v2\/product\/23943","targetHints":{"allow":["GET"]}}],"collection":[{"href":"https:\/\/www.tornum.com\/ro\/wp-json\/wp\/v2\/product"}],"about":[{"href":"https:\/\/www.tornum.com\/ro\/wp-json\/wp\/v2\/types\/product"}],"replies":[{"embeddable":true,"href":"https:\/\/www.tornum.com\/ro\/wp-json\/wp\/v2\/comments?post=23943"}],"version-history":[{"count":2,"href":"https:\/\/www.tornum.com\/ro\/wp-json\/wp\/v2\/product\/23943\/revisions"}],"predecessor-version":[{"id":23945,"href":"https:\/\/www.tornum.com\/ro\/wp-json\/wp\/v2\/product\/23943\/revisions\/23945"}],"wp:featuredmedia":[{"embeddable":true,"href":"https:\/\/www.tornum.com\/ro\/wp-json\/wp\/v2\/media\/22077"}],"wp:attachment":[{"href":"https:\/\/www.tornum.com\/ro\/wp-json\/wp\/v2\/media?parent=23943"}],"wp:term":[{"taxonomy":"product_brand","embeddable":true,"href":"https:\/\/www.tornum.com\/ro\/wp-json\/wp\/v2\/product_brand?post=23943"},{"taxonomy":"product_cat","embeddable":true,"href":"https:\/\/www.tornum.com\/ro\/wp-json\/wp\/v2\/product_cat?post=23943"},{"taxonomy":"product_tag","embeddable":true,"href":"https:\/\/www.tornum.com\/ro\/wp-json\/wp\/v2\/product_tag?post=23943"}],"curies":[{"name":"wp","href":"https:\/\/api.w.org\/{rel}","templated":true}]}}