{"id":23947,"date":"2023-03-05T22:37:28","date_gmt":"2023-03-05T22:37:28","guid":{"rendered":"https:\/\/www.tornum.com\/product\/buhler-sma-laca\/"},"modified":"2025-07-30T08:24:07","modified_gmt":"2025-07-30T08:24:07","slug":"buhler-sma-lacb","status":"publish","type":"product","link":"https:\/\/www.tornum.com\/ro\/produs\/buhler-sma-lacb\/","title":{"rendered":"B\u00dcHLER SMA &#8211; LACB"},"content":{"rendered":"<div class=\"wpb-content-wrapper\"><p>[vc_row gap=&#8221;35&#8243;][vc_column width=&#8221;2\/3&#8243;][vc_column_text]<\/p>\n<h3><strong>MA\u0218IN\u0102 DE CUR\u0102\u021aAT UNIVERSAL\u0102 B\u00dcHLER LACB SMA 203-3 \/ 206-6<\/strong><\/h3>\n<p>SMA este o ma\u0219in\u0103 de cur\u0103\u021bare universal\u0103 accesibil\u0103, conceput\u0103 pentru cur\u0103\u021barea cerealelor, dar potrivit\u0103 \u0219i pentru cur\u0103\u021barea fin\u0103 \u0219i sortarea orzului. Designul robust garanteaz\u0103 o durat\u0103 de via\u021b\u0103 lung\u0103 \u0219i o func\u021bionare f\u0103r\u0103 probleme. SMA este disponibil\u0103 \u00een 5 modele cu capacit\u0103\u021bi de la 12 la 220 tone\/or\u0103.[\/vc_column_text][\/vc_column][vc_column width=&#8221;1\/3&#8243;][vc_column_text]<\/p>\n<p style=\"margin: 0in; background: white;\"><strong><span style=\"font-family: 'Arial',sans-serif; color: black;\">CARACTERISTICI<br \/>\n<\/span><\/strong>\u2022 Cutia sitelor oscilant\u0103 asigur\u0103 o func\u021bionare lin\u0103, f\u0103r\u0103 vibra\u021bii<br \/>\n\u2022 Proiectat\u0103 pentru solicit\u0103ri minime la funda\u021bii<br \/>\n\u2022 Casetele sitelor din o\u021bel cu cur\u0103\u021bare cu bile<br \/>\n\u2022 Cutiea sitelor complet \u00eenchis\u0103 pentru un mediu f\u0103r\u0103 praf<br \/>\n\u2022 Sec\u021biune de ie\u0219ire cu conduct\u0103 de aer ascendent<br \/>\n\u2022 Sec\u021biune de intrare cu aspirare \u0219i rol\u0103 de alimentare (modelele 203 \u0219i 206)<\/p>\n<p><strong><br \/>\n<\/strong><strong>OP\u021aIUNI <\/strong><br \/>\n\u2022 Cuva de ie\u0219ire cu magnet<br \/>\n\u2022 Ventilator<br \/>\n\u2022 Ciclon<br \/>\n\u2022 Filtru[\/vc_column_text][\/vc_column][\/vc_row]<\/p>\n<\/div>","protected":false},"excerpt":{"rendered":"<div class=\"flex flex-grow flex-col gap-3 max-w-full\">\n<div class=\"min-h-[20px] flex flex-col items-start gap-3 overflow-x-auto whitespace-pre-wrap break-words\">\n<div class=\"markdown prose w-full break-words dark:prose-invert light\">\n<p>SMA este o ma\u0219in\u0103 de cur\u0103\u021bare universal\u0103, robust\u0103 \u0219i accesibil\u0103, conceput\u0103 pentru cur\u0103\u021barea cerealelor la recept\u021bie, cur\u0103\u021barea fin\u0103 \u0219i sortarea orzului, disponibil\u0103 \u00een cinci modele cu capacit\u0103\u021bi cuprinse \u00eentre 12 \u0219i 220 tone\/or\u0103, asigur\u00e2nd o func\u021bionare de lung\u0103 durat\u0103 \u0219i f\u0103r\u0103 probleme.<\/p>\n<\/div>\n<\/div>\n<\/div>\n","protected":false},"featured_media":48262,"comment_status":"open","ping_status":"closed","template":"","meta":{"_acf_changed":false},"product_brand":[],"product_cat":[514,515,516,524,553],"product_tag":[554,555,527,529],"class_list":{"0":"post-23947","1":"product","2":"type-product","3":"status-publish","4":"has-post-thumbnail","6":"product_cat-all-products-ro","7":"product_cat-food-2-ro","8":"product_cat-grain-ro","9":"product_cat-material-handling-ro","10":"product_cat-cleaning-machines-ro-material-handling-ro","11":"product_tag-cleaning-ro","12":"product_tag-dc-remover-ro","13":"product_tag-dust-ro","14":"product_tag-separation-ro","15":"pa_products-type-all-products-ro","16":"pa_products-type-grain-ro","17":"description-off","19":"first","20":"instock","21":"shipping-taxable","22":"product-type-simple"},"acf":[],"_links":{"self":[{"href":"https:\/\/www.tornum.com\/ro\/wp-json\/wp\/v2\/product\/23947","targetHints":{"allow":["GET"]}}],"collection":[{"href":"https:\/\/www.tornum.com\/ro\/wp-json\/wp\/v2\/product"}],"about":[{"href":"https:\/\/www.tornum.com\/ro\/wp-json\/wp\/v2\/types\/product"}],"replies":[{"embeddable":true,"href":"https:\/\/www.tornum.com\/ro\/wp-json\/wp\/v2\/comments?post=23947"}],"version-history":[{"count":2,"href":"https:\/\/www.tornum.com\/ro\/wp-json\/wp\/v2\/product\/23947\/revisions"}],"predecessor-version":[{"id":23949,"href":"https:\/\/www.tornum.com\/ro\/wp-json\/wp\/v2\/product\/23947\/revisions\/23949"}],"wp:featuredmedia":[{"embeddable":true,"href":"https:\/\/www.tornum.com\/ro\/wp-json\/wp\/v2\/media\/48262"}],"wp:attachment":[{"href":"https:\/\/www.tornum.com\/ro\/wp-json\/wp\/v2\/media?parent=23947"}],"wp:term":[{"taxonomy":"product_brand","embeddable":true,"href":"https:\/\/www.tornum.com\/ro\/wp-json\/wp\/v2\/product_brand?post=23947"},{"taxonomy":"product_cat","embeddable":true,"href":"https:\/\/www.tornum.com\/ro\/wp-json\/wp\/v2\/product_cat?post=23947"},{"taxonomy":"product_tag","embeddable":true,"href":"https:\/\/www.tornum.com\/ro\/wp-json\/wp\/v2\/product_tag?post=23947"}],"curies":[{"name":"wp","href":"https:\/\/api.w.org\/{rel}","templated":true}]}}