{"id":23951,"date":"2023-05-14T21:11:40","date_gmt":"2023-05-14T21:11:40","guid":{"rendered":"https:\/\/www.tornum.com\/product\/buhler-tas-laab\/"},"modified":"2025-07-30T08:39:14","modified_gmt":"2025-07-30T08:39:14","slug":"buhler-tas-laab","status":"publish","type":"product","link":"https:\/\/www.tornum.com\/ro\/produs\/buhler-tas-laab\/","title":{"rendered":"B\u00dcHLER TAS\u2122 &#8211; LAAB"},"content":{"rendered":"<div class=\"wpb-content-wrapper\"><p>[vc_row][vc_column width=&#8221;2\/3&#8243;][vc_column_text]Ma\u0219ina de cur\u0103\u021bare universal\u0103 TAS\u2122 este destinat\u0103 \u00een primul r\u00e2nd cur\u0103\u021b\u0103rii prealabile a cerealelor \u0219i a altor materiale granulare, dar poate fi utilizat\u0103 \u0219i pentru cur\u0103\u021bare fin\u0103. Un design robust garanteaz\u0103 o durat\u0103 de via\u021b\u0103 lung\u0103 \u0219i o func\u021bionare fiabil\u0103. TAS\u2122 este disponibil \u00een 8 modele pentru diverse scopuri, cu capacit\u0103\u021bi de la 60 la 250 de tone\/or\u0103.[\/vc_column_text][\/vc_column][vc_column width=&#8221;1\/3&#8243;][vc_column_text]<strong>CARACTERISTICI<\/strong><br \/>\n<strong>\u2022<\/strong> Cutia sitelor oscilant\u0103 asigur\u0103 o func\u021bionare lin\u0103, f\u0103r\u0103 vibra\u021bii<br \/>\n\u2022 Proiectat\u0103 pentru solicit\u0103ri minime la funda\u021bii<br \/>\n\u2022 Casetele sitelor din o\u021bel cu cur\u0103\u021bare cu bile<br \/>\n\u2022 Cutia sitelor complet \u00eenchis\u0103 pentru un mediu f\u0103r\u0103 praf<br \/>\n\u2022 Conducte de pre-aspirare \u0219i post-aspirare ca echipament standard<br \/>\n\u2022 Sec\u021biune de intrare cu aspirare \u0219i rol\u0103 de alimentare<br \/>\n\u2022 Sec\u021biune de ie\u0219ire cu conduct\u0103 de aer ascendent<\/p>\n<p><strong>OP\u021aIUNI <\/strong><br \/>\n\u2022 Clapet\u0103 de schimbare a sitelor pentru cur\u0103\u021bare dual\u0103<br \/>\n\u2022 Ventilator<br \/>\n\u2022 Ciclon<br \/>\n\u2022 Filtru[\/vc_column_text][\/vc_column][\/vc_row]<\/p>\n<\/div>","protected":false},"excerpt":{"rendered":"<p>Ma\u0219ina de cur\u0103\u021bare universal\u0103 TAS\u2122 este proiectat\u0103 \u00een primul r\u00e2nd pentru pre-cur\u0103\u021barea cerealelor \u0219i a materialelor granulare, dar poate fi utilizat\u0103 \u0219i pentru cur\u0103\u021barea fin\u0103 atunci c\u00e2nd este necesar.<\/p>\n","protected":false},"featured_media":21848,"comment_status":"open","ping_status":"closed","template":"","meta":{"_acf_changed":false},"product_brand":[],"product_cat":[514,515,516,524,553],"product_tag":[554,555,527,529],"class_list":{"0":"post-23951","1":"product","2":"type-product","3":"status-publish","4":"has-post-thumbnail","6":"product_cat-all-products-ro","7":"product_cat-food-2-ro","8":"product_cat-grain-ro","9":"product_cat-material-handling-ro","10":"product_cat-cleaning-machines-ro-material-handling-ro","11":"product_tag-cleaning-ro","12":"product_tag-dc-remover-ro","13":"product_tag-dust-ro","14":"product_tag-separation-ro","15":"description-off","17":"first","18":"instock","19":"shipping-taxable","20":"product-type-simple"},"acf":[],"_links":{"self":[{"href":"https:\/\/www.tornum.com\/ro\/wp-json\/wp\/v2\/product\/23951","targetHints":{"allow":["GET"]}}],"collection":[{"href":"https:\/\/www.tornum.com\/ro\/wp-json\/wp\/v2\/product"}],"about":[{"href":"https:\/\/www.tornum.com\/ro\/wp-json\/wp\/v2\/types\/product"}],"replies":[{"embeddable":true,"href":"https:\/\/www.tornum.com\/ro\/wp-json\/wp\/v2\/comments?post=23951"}],"version-history":[{"count":3,"href":"https:\/\/www.tornum.com\/ro\/wp-json\/wp\/v2\/product\/23951\/revisions"}],"predecessor-version":[{"id":50504,"href":"https:\/\/www.tornum.com\/ro\/wp-json\/wp\/v2\/product\/23951\/revisions\/50504"}],"wp:featuredmedia":[{"embeddable":true,"href":"https:\/\/www.tornum.com\/ro\/wp-json\/wp\/v2\/media\/21848"}],"wp:attachment":[{"href":"https:\/\/www.tornum.com\/ro\/wp-json\/wp\/v2\/media?parent=23951"}],"wp:term":[{"taxonomy":"product_brand","embeddable":true,"href":"https:\/\/www.tornum.com\/ro\/wp-json\/wp\/v2\/product_brand?post=23951"},{"taxonomy":"product_cat","embeddable":true,"href":"https:\/\/www.tornum.com\/ro\/wp-json\/wp\/v2\/product_cat?post=23951"},{"taxonomy":"product_tag","embeddable":true,"href":"https:\/\/www.tornum.com\/ro\/wp-json\/wp\/v2\/product_tag?post=23951"}],"curies":[{"name":"wp","href":"https:\/\/api.w.org\/{rel}","templated":true}]}}