{"id":23955,"date":"2023-05-14T21:55:41","date_gmt":"2023-05-14T21:55:41","guid":{"rendered":"https:\/\/www.tornum.com\/product\/buildings\/"},"modified":"2025-07-30T08:48:35","modified_gmt":"2025-07-30T08:48:35","slug":"cladiri","status":"publish","type":"product","link":"https:\/\/www.tornum.com\/ro\/produs\/cladiri\/","title":{"rendered":"CL\u0102DIRI"},"content":{"rendered":"<p>\u00cen \u021b\u0103rile nordice, este o practic\u0103 tradi\u021bional\u0103 ca usc\u0103toarele \u0219i depozitele de cereale s\u0103 fie p\u0103strate \u00een interior. Tornum este specializat\u0103 \u00een construc\u021bia de cl\u0103dire pentru uscare unice, adapt\u00e2nd fiecare dintre ele la nevoile \u0219i preferin\u021bele specifice ale clien\u021bilor s\u0103i.<\/p>\n<p>\u00cen plus, pentru a respecta reglement\u0103rile UE, toate produsele de construc\u021bii v\u00e2ndute pe pia\u021ba UE trebuie s\u0103 poarte marcajul CE \u00eencep\u00e2nd cu 1 iulie 2014. Tornum asigur\u0103 conformitatea cu aceste standarde, garant\u00e2nd c\u0103 usc\u0103toarele lor \u00eendeplinesc cerin\u021bele UE.<\/p>\n","protected":false},"excerpt":{"rendered":"<p style=\"margin: 0in; background: white;\"><span style=\"font-family: 'Arial',sans-serif; color: #545559;\">\u00cen \u021b\u0103rile nordice este o tradi\u021bie ca usc\u0103torul \u0219i depozitul de cereale s\u0103 fie amplasate \u00een interior. Tornum construie\u0219te incinte de uscare \u00een func\u021bie de dorin\u021bele \u0219i ideile clien\u021bilor \u0219i fiecare cl\u0103dire este unic\u0103.<\/span><\/p>\n","protected":false},"featured_media":21414,"comment_status":"open","ping_status":"closed","template":"","meta":{"_acf_changed":false},"product_brand":[],"product_cat":[514,523,515,516,557,558],"product_tag":[559,545,520,560],"class_list":{"0":"post-23955","1":"product","2":"type-product","3":"status-publish","4":"has-post-thumbnail","6":"product_cat-all-products-ro","7":"product_cat-feed-ro","8":"product_cat-food-2-ro","9":"product_cat-grain-ro","10":"product_cat-storage-ro","11":"product_cat-building-storage-ro","12":"product_tag-bins-ro","13":"product_tag-conveyor-ro","14":"product_tag-dryer-ro","15":"product_tag-storage-ro","16":"description-off","18":"first","19":"instock","20":"shipping-taxable","21":"product-type-simple"},"acf":[],"_links":{"self":[{"href":"https:\/\/www.tornum.com\/ro\/wp-json\/wp\/v2\/product\/23955","targetHints":{"allow":["GET"]}}],"collection":[{"href":"https:\/\/www.tornum.com\/ro\/wp-json\/wp\/v2\/product"}],"about":[{"href":"https:\/\/www.tornum.com\/ro\/wp-json\/wp\/v2\/types\/product"}],"replies":[{"embeddable":true,"href":"https:\/\/www.tornum.com\/ro\/wp-json\/wp\/v2\/comments?post=23955"}],"version-history":[{"count":2,"href":"https:\/\/www.tornum.com\/ro\/wp-json\/wp\/v2\/product\/23955\/revisions"}],"predecessor-version":[{"id":23957,"href":"https:\/\/www.tornum.com\/ro\/wp-json\/wp\/v2\/product\/23955\/revisions\/23957"}],"wp:featuredmedia":[{"embeddable":true,"href":"https:\/\/www.tornum.com\/ro\/wp-json\/wp\/v2\/media\/21414"}],"wp:attachment":[{"href":"https:\/\/www.tornum.com\/ro\/wp-json\/wp\/v2\/media?parent=23955"}],"wp:term":[{"taxonomy":"product_brand","embeddable":true,"href":"https:\/\/www.tornum.com\/ro\/wp-json\/wp\/v2\/product_brand?post=23955"},{"taxonomy":"product_cat","embeddable":true,"href":"https:\/\/www.tornum.com\/ro\/wp-json\/wp\/v2\/product_cat?post=23955"},{"taxonomy":"product_tag","embeddable":true,"href":"https:\/\/www.tornum.com\/ro\/wp-json\/wp\/v2\/product_tag?post=23955"}],"curies":[{"name":"wp","href":"https:\/\/api.w.org\/{rel}","templated":true}]}}