{"id":23959,"date":"2023-05-04T11:17:37","date_gmt":"2023-05-04T11:17:37","guid":{"rendered":"https:\/\/www.tornum.com\/product\/bulk-loading-bin-ut\/"},"modified":"2025-07-14T07:16:07","modified_gmt":"2025-07-14T07:16:07","slug":"siloz-de-incarcare-la-camion-ut","status":"publish","type":"product","link":"https:\/\/www.tornum.com\/ro\/produs\/siloz-de-incarcare-la-camion-ut\/","title":{"rendered":"SILOZ DE \u00ceNC\u0102RCARE LA CAMION UT"},"content":{"rendered":"<div class=\"wpb-content-wrapper\"><p>[vc_row gap=&#8221;35&#8243;][vc_column width=&#8221;2\/3&#8243;][vc_column_text]Silozul de \u00eenc\u0103rcare la camion de la Tornum, pentru depozitarea cerealelor, asigur\u0103 o \u00eenc\u0103rcare rapid\u0103 \u0219i eficient\u0103. \u00cen\u0103l\u021bimea \u0219i l\u0103\u021bimea sunt adaptate vehiculelor mari, care pot fi \u00eenc\u0103rcate cu u\u0219urin\u021b\u0103 pe m\u0103sur\u0103 ce trec pe dedesubt. Silozul are un design foarte robust, cu un cadru cu z\u0103brele cu bare rectangulare. De asemenea, silozul de \u00eenc\u0103rcare la camion este extrem de u\u0219or de instalat \u0219i este asamblat cu \u0219uruburi \u0219i piuli\u021be.[\/vc_column_text][\/vc_column][vc_column width=&#8221;1\/3&#8243;][vc_column_text]<strong>Caracteristici <\/strong><br \/>\n\u2022 Fabricat din tabl\u0103 de o\u021bel galvanizat la cald<br \/>\n\u2022 Sec\u021biunile de depozitare au o \u00een\u0103l\u021bime de 505 mm \u0219i pot fi extinse p\u00e2n\u0103 la volumul dorit<br \/>\n\u2022 Suprafe\u021be interioare netede pentru o cur\u0103\u021bare u\u0219oar\u0103<br \/>\n\u2022 Construc\u021bia permite mai multe metode de instalare, ceea ce economise\u0219te timp.<br \/>\n\u2022 Ie\u0219irea silozului este de 300 x 300 mm \u0219i este dotat\u0103 cu un siber glisant care poate fi manevrat de la nivelul podelei cu ajutorul unei tije de comand\u0103<br \/>\n\u2022 Distan\u021ba standard sub siber este de 4.620 mm<\/p>\n<p><strong>Op\u021biuni <\/strong><br \/>\n\u2022 Indicator de nivel<br \/>\n\u2022 U\u0219\u0103 de inspec\u021bie cu gril\u0103 de siguran\u021b\u0103, montat\u0103 pe podea<br \/>\n\u2022 Perete de compartimentare<br \/>\n\u2022 Siber cu control<br \/>\n\u2022 Siber motorizat<br \/>\n\u2022 Scar\u0103<br \/>\n\u2022 Balustrade[\/vc_column_text][\/vc_column][\/vc_row]<\/p>\n<\/div>","protected":false},"excerpt":{"rendered":"<p>Silozul de \u00eenc\u0103rcare la camion de la Tornum permite \u00eenc\u0103rcarea eficient\u0103 a vehiculelor de mari dimensiuni cu ajutorul cadrului s\u0103u robust cu z\u0103brele p\u0103trate. Este u\u0219or de instalat cu ajutorul unor \u0219uruburi \u0219i piuli\u021be.<\/p>\n","protected":false},"featured_media":21423,"comment_status":"open","ping_status":"closed","template":"","meta":{"_acf_changed":false},"product_brand":[],"product_cat":[514,523,515,516,557,561],"product_tag":[544,562,563,560],"class_list":{"0":"post-23959","1":"product","2":"type-product","3":"status-publish","4":"has-post-thumbnail","6":"product_cat-all-products-ro","7":"product_cat-feed-ro","8":"product_cat-food-2-ro","9":"product_cat-grain-ro","10":"product_cat-storage-ro","11":"product_cat-bulk-loading-bin-ro","12":"product_tag-bin-ro","13":"product_tag-building-ro","14":"product_tag-silo-ro","15":"product_tag-storage-ro","16":"description-off","18":"first","19":"instock","20":"shipping-taxable","21":"product-type-simple"},"acf":[],"_links":{"self":[{"href":"https:\/\/www.tornum.com\/ro\/wp-json\/wp\/v2\/product\/23959","targetHints":{"allow":["GET"]}}],"collection":[{"href":"https:\/\/www.tornum.com\/ro\/wp-json\/wp\/v2\/product"}],"about":[{"href":"https:\/\/www.tornum.com\/ro\/wp-json\/wp\/v2\/types\/product"}],"replies":[{"embeddable":true,"href":"https:\/\/www.tornum.com\/ro\/wp-json\/wp\/v2\/comments?post=23959"}],"version-history":[{"count":2,"href":"https:\/\/www.tornum.com\/ro\/wp-json\/wp\/v2\/product\/23959\/revisions"}],"predecessor-version":[{"id":23961,"href":"https:\/\/www.tornum.com\/ro\/wp-json\/wp\/v2\/product\/23959\/revisions\/23961"}],"wp:featuredmedia":[{"embeddable":true,"href":"https:\/\/www.tornum.com\/ro\/wp-json\/wp\/v2\/media\/21423"}],"wp:attachment":[{"href":"https:\/\/www.tornum.com\/ro\/wp-json\/wp\/v2\/media?parent=23959"}],"wp:term":[{"taxonomy":"product_brand","embeddable":true,"href":"https:\/\/www.tornum.com\/ro\/wp-json\/wp\/v2\/product_brand?post=23959"},{"taxonomy":"product_cat","embeddable":true,"href":"https:\/\/www.tornum.com\/ro\/wp-json\/wp\/v2\/product_cat?post=23959"},{"taxonomy":"product_tag","embeddable":true,"href":"https:\/\/www.tornum.com\/ro\/wp-json\/wp\/v2\/product_tag?post=23959"}],"curies":[{"name":"wp","href":"https:\/\/api.w.org\/{rel}","templated":true}]}}