{"id":23964,"date":"2023-05-14T20:51:26","date_gmt":"2023-05-14T20:51:26","guid":{"rendered":"https:\/\/www.tornum.com\/product\/centrifugal-fans\/"},"modified":"2025-07-30T09:03:27","modified_gmt":"2025-07-30T09:03:27","slug":"ventilatoare-centrifugale","status":"publish","type":"product","link":"https:\/\/www.tornum.com\/ro\/produs\/ventilatoare-centrifugale\/","title":{"rendered":"VENTILATOARE CENTRIFUGALE &#8211; PRESIUNE JOAS\u0102"},"content":{"rendered":"<div class=\"wpb-content-wrapper\"><p>[vc_row][vc_column width=&#8221;2\/3&#8243;][vc_column_text css=&#8221;&#8221;]Ventilatoarele centrifugale Tornum au un design robust. Capacitatea de presiune medie le face ideale pentru condi\u021bionarea cerealelor umede. De asemenea, sunt foarte potrivite pentru sisteme de aspira\u021bie cu filtre, contribuind la un mediu interior lipsit de praf. Mai multe op\u021biuni de montare le fac u\u0219or de instalat. Ventilatorul este livrat \u00eentr-o construc\u021bie solid\u0103, complet sudat\u0103, din tabl\u0103 de o\u021bel. Elicele ventilatorului sunt prev\u0103zute standard cu palete orientate spre spate, pentru o eficien\u021b\u0103 ridicat\u0103. Alternativ, pot fi comandate cu palete plate orientate spre spate, pentru a face fa\u021b\u0103 aerului cu praf. Sunt disponibile op\u021biuni pentru racorduri de intrare \u0219i ie\u0219ire pentru conducte tip spiro.[\/vc_column_text][\/vc_column][vc_column width=&#8221;1\/3&#8243;][vc_column_text css=&#8221;&#8221;]<strong>CARACTERISTICI<\/strong><br \/>\n\u2022 Debit de aer: 400 &#8211; 135.000 m\u00b3\/h<br \/>\n\u2022 Domeniu de presiune: 100 &#8211; 7.500 Pa<br \/>\n\u2022 Temperatura maxim\u0103 a aerului \u00een versiunea standard: 40\u00b0C<br \/>\n\u2022 Temperatura maxim\u0103 a aerului cu plac\u0103 de r\u0103cire: 300\u00b0C<br \/>\n\u2022 Tip elice: Radial\u0103, cu palete curbate spre spate[\/vc_column_text][\/vc_column][\/vc_row]<\/p>\n<\/div>","protected":false},"excerpt":{"rendered":"<p>Ventilatoarele centrifugale de joas\u0103 presiune de la Tornum sunt concepute pentru condi\u021bionarea, r\u0103cirea \u0219i uscarea cerealelor. Aceste ventilatoare sunt extrem de eficiente \u0219i au emisii reduse de zgomot.<\/p>\n","protected":false},"featured_media":50241,"comment_status":"open","ping_status":"closed","template":"","meta":{"_acf_changed":false},"product_brand":[],"product_cat":[514,517,564],"product_tag":[530,559,526,563],"class_list":{"0":"post-23964","1":"product","2":"type-product","3":"status-publish","4":"has-post-thumbnail","6":"product_cat-all-products-ro","7":"product_cat-conditioning-ro","8":"product_cat-centrifugal-fan-ro","9":"product_tag-axial-ro","10":"product_tag-bins-ro","11":"product_tag-conditioning-ro","12":"product_tag-silo-ro","13":"description-off","15":"first","16":"instock","17":"shipping-taxable","18":"product-type-simple"},"acf":[],"_links":{"self":[{"href":"https:\/\/www.tornum.com\/ro\/wp-json\/wp\/v2\/product\/23964","targetHints":{"allow":["GET"]}}],"collection":[{"href":"https:\/\/www.tornum.com\/ro\/wp-json\/wp\/v2\/product"}],"about":[{"href":"https:\/\/www.tornum.com\/ro\/wp-json\/wp\/v2\/types\/product"}],"replies":[{"embeddable":true,"href":"https:\/\/www.tornum.com\/ro\/wp-json\/wp\/v2\/comments?post=23964"}],"version-history":[{"count":6,"href":"https:\/\/www.tornum.com\/ro\/wp-json\/wp\/v2\/product\/23964\/revisions"}],"predecessor-version":[{"id":48582,"href":"https:\/\/www.tornum.com\/ro\/wp-json\/wp\/v2\/product\/23964\/revisions\/48582"}],"wp:featuredmedia":[{"embeddable":true,"href":"https:\/\/www.tornum.com\/ro\/wp-json\/wp\/v2\/media\/50241"}],"wp:attachment":[{"href":"https:\/\/www.tornum.com\/ro\/wp-json\/wp\/v2\/media?parent=23964"}],"wp:term":[{"taxonomy":"product_brand","embeddable":true,"href":"https:\/\/www.tornum.com\/ro\/wp-json\/wp\/v2\/product_brand?post=23964"},{"taxonomy":"product_cat","embeddable":true,"href":"https:\/\/www.tornum.com\/ro\/wp-json\/wp\/v2\/product_cat?post=23964"},{"taxonomy":"product_tag","embeddable":true,"href":"https:\/\/www.tornum.com\/ro\/wp-json\/wp\/v2\/product_tag?post=23964"}],"curies":[{"name":"wp","href":"https:\/\/api.w.org\/{rel}","templated":true}]}}