{"id":23968,"date":"2023-05-14T21:46:04","date_gmt":"2023-05-14T21:46:04","guid":{"rendered":"https:\/\/www.tornum.com\/product\/centriklon-dust-separator\/"},"modified":"2025-07-15T09:53:42","modified_gmt":"2025-07-15T09:53:42","slug":"separator-de-praf-centriklon","status":"publish","type":"product","link":"https:\/\/www.tornum.com\/ro\/produs\/separator-de-praf-centriklon\/","title":{"rendered":"SEPARATOR DE PRAF CENTRIKLON"},"content":{"rendered":"<p style=\"margin: 0in; background: white;\"><span style=\"font-family: 'Arial',sans-serif; color: black; background: white;\">Tornum Centriklon este un separator de praf foarte eficient, proiectat pentru usc\u0103toarele de cereale. Acesta ofer\u0103 o capacitate foarte mare \u00eentr-un spa\u021biu mic, oferind o fiabilitate remarcabil\u0103 cu cerin\u021be minime de \u00eentre\u021binere datorit\u0103 absen\u021bei p\u0103r\u021bilor mobile. Centriklon este disponibil \u00een mai multe dimensiuni \u0219i este dimensionat \u00een func\u021bie de nevoile specifice de volum de aer \u0219i capacitate. Aceast\u0103 solu\u021bie este o alegere excelent\u0103 pentru cei care caut\u0103 o \u00eendep\u0103rtare eficient\u0103 a prafului \u0219i a plevei \u00een procesul de uscare a cerealelor.<\/span><\/p>\n","protected":false},"excerpt":{"rendered":"<p style=\"margin: 0in; background: white;\"><span style=\"font-family: 'Arial',sans-serif; color: #545559;\">Tornum Centriklon este un separator de praf compact \u0219i fiabil pentru usc\u0103toarele de cereale, cunoscut pentru capacitatea sa mare \u0219i nevoile reduse de \u00eentre\u021binere. Acesta este disponibil \u00een diferite dimensiuni pentru a se potrivi cerin\u021belor specifice de volum de aer \u0219i capacitate, fiind ideal pentru \u00eendep\u0103rtarea eficient\u0103 a prafului \u0219i a plevei \u00een timpul usc\u0103rii cerealelor.<\/span><\/p>\n","protected":false},"featured_media":21264,"comment_status":"open","ping_status":"closed","template":"","meta":{"_acf_changed":false},"product_brand":[],"product_cat":[514,524,525],"product_tag":[527,528,565,529],"class_list":{"0":"post-23968","1":"product","2":"type-product","3":"status-publish","4":"has-post-thumbnail","6":"product_cat-all-products-ro","7":"product_cat-material-handling-ro","8":"product_cat-dust-separation-ro","9":"product_tag-dust-ro","10":"product_tag-fan-ro","11":"product_tag-radial-fan-ro","12":"product_tag-separation-ro","13":"description-off","15":"first","16":"instock","17":"shipping-taxable","18":"product-type-simple"},"acf":[],"_links":{"self":[{"href":"https:\/\/www.tornum.com\/ro\/wp-json\/wp\/v2\/product\/23968","targetHints":{"allow":["GET"]}}],"collection":[{"href":"https:\/\/www.tornum.com\/ro\/wp-json\/wp\/v2\/product"}],"about":[{"href":"https:\/\/www.tornum.com\/ro\/wp-json\/wp\/v2\/types\/product"}],"replies":[{"embeddable":true,"href":"https:\/\/www.tornum.com\/ro\/wp-json\/wp\/v2\/comments?post=23968"}],"version-history":[{"count":2,"href":"https:\/\/www.tornum.com\/ro\/wp-json\/wp\/v2\/product\/23968\/revisions"}],"predecessor-version":[{"id":23970,"href":"https:\/\/www.tornum.com\/ro\/wp-json\/wp\/v2\/product\/23968\/revisions\/23970"}],"wp:featuredmedia":[{"embeddable":true,"href":"https:\/\/www.tornum.com\/ro\/wp-json\/wp\/v2\/media\/21264"}],"wp:attachment":[{"href":"https:\/\/www.tornum.com\/ro\/wp-json\/wp\/v2\/media?parent=23968"}],"wp:term":[{"taxonomy":"product_brand","embeddable":true,"href":"https:\/\/www.tornum.com\/ro\/wp-json\/wp\/v2\/product_brand?post=23968"},{"taxonomy":"product_cat","embeddable":true,"href":"https:\/\/www.tornum.com\/ro\/wp-json\/wp\/v2\/product_cat?post=23968"},{"taxonomy":"product_tag","embeddable":true,"href":"https:\/\/www.tornum.com\/ro\/wp-json\/wp\/v2\/product_tag?post=23968"}],"curies":[{"name":"wp","href":"https:\/\/api.w.org\/{rel}","templated":true}]}}