{"id":23972,"date":"2023-05-14T21:41:21","date_gmt":"2023-05-14T21:41:21","guid":{"rendered":"https:\/\/www.tornum.com\/product\/clean-air-control\/"},"modified":"2025-07-11T09:08:05","modified_gmt":"2025-07-11T09:08:05","slug":"controlul-aerului-curat","status":"publish","type":"product","link":"https:\/\/www.tornum.com\/ro\/produs\/controlul-aerului-curat\/","title":{"rendered":"CONTROLUL AERULUI CURAT"},"content":{"rendered":"<div class=\"wpb-content-wrapper\"><p>[vc_row][vc_column width=&#8221;2\/3&#8243;][vc_column_text]Tornum Clean Air Control are o carcas\u0103 de ventilator \u0219i un rotor special concepute pentru o eficien\u021b\u0103 energetic\u0103 \u00eembun\u0103t\u0103\u021bit\u0103 \u0219i un debit de aer mai mare la contrapresiuni echivalente, \u00een compara\u021bie cu modelele anterioare. Acesta \u00eendep\u0103rteaz\u0103 95% din praf \u0219i pleava \u0219i produce mai pu\u021bine emisii de praf \u00een compara\u021bie cu un ventilator tradi\u021bional f\u0103r\u0103 separare.[\/vc_column_text][\/vc_column][vc_column width=&#8221;1\/3&#8243;][vc_column_text]<strong>CARACTERISTICI <\/strong><br \/>\n\u2022 \u0218asiu galvanizat la cald, care asigur\u0103 protec\u021bie de lung\u0103 durat\u0103 \u00eempotriva coroziunii.<br \/>\n\u2022 Disponibil pentru montare orizontal\u0103 sau vertical\u0103.<br \/>\n\u2022 Amortizoarele ventilatorului sunt disponibile \u00een partea din fa\u021b\u0103 a ventilatorului pentru reglarea individual\u0103 a fluxului de aer.<br \/>\n\u2022 Motorul ventilatorului este protejat termic \u0219i este disponibil cu orice tensiune.<br \/>\n\u2022 Carcasa ventilatorului este echipat\u0103 cu o gur\u0103 de vizitare \u0219i trape de cur\u0103\u021bare pentru a facilita \u00eentre\u021binerea \u0219i inspec\u021bia.<br \/>\n\u2022 Un rotor special conceput asigur\u0103 un debit optim \u0219i un nivel sonor minim.<\/p>\n<p><strong>OP\u021aIUNI <\/strong><br \/>\n\u2022 Recipient pentru praf<br \/>\n\u2022 Silen\u021bios<br \/>\n\u2022 Protec\u021bie \u00eempotriva \u0219ocurilor<br \/>\n\u2022 Protec\u021bie \u00eempotriva ploii[\/vc_column_text][\/vc_column][\/vc_row]<\/p>\n<\/div>","protected":false},"excerpt":{"rendered":"<p style=\"margin: 0in; background: white;\"><span style=\"font-family: 'Arial',sans-serif; color: #545559;\">Sistemul Tornum Clean Air Control dispune de o carcas\u0103 de ventilator \u0219i de un rotor cu un design unic, \u00eembun\u0103t\u0103\u021bind eficien\u021ba energetic\u0103 \u0219i ob\u021bin\u00e2nd un debit de aer mai mare \u00een condi\u021bii echivalente de contrapresiune, \u00een compara\u021bie cu modelele anterioare.<\/span><\/p>\n","protected":false},"featured_media":21262,"comment_status":"open","ping_status":"closed","template":"","meta":{"_acf_changed":false},"product_brand":[],"product_cat":[514,524,525],"product_tag":[530,520,541,521],"class_list":{"0":"post-23972","1":"product","2":"type-product","3":"status-publish","4":"has-post-thumbnail","6":"product_cat-all-products-ro","7":"product_cat-material-handling-ro","8":"product_cat-dust-separation-ro","9":"product_tag-axial-ro","10":"product_tag-dryer-ro","11":"product_tag-dryer-tk-ro","12":"product_tag-dryer-tkr-ro","13":"description-off","15":"first","16":"instock","17":"shipping-taxable","18":"product-type-simple"},"acf":[],"_links":{"self":[{"href":"https:\/\/www.tornum.com\/ro\/wp-json\/wp\/v2\/product\/23972","targetHints":{"allow":["GET"]}}],"collection":[{"href":"https:\/\/www.tornum.com\/ro\/wp-json\/wp\/v2\/product"}],"about":[{"href":"https:\/\/www.tornum.com\/ro\/wp-json\/wp\/v2\/types\/product"}],"replies":[{"embeddable":true,"href":"https:\/\/www.tornum.com\/ro\/wp-json\/wp\/v2\/comments?post=23972"}],"version-history":[{"count":2,"href":"https:\/\/www.tornum.com\/ro\/wp-json\/wp\/v2\/product\/23972\/revisions"}],"predecessor-version":[{"id":23974,"href":"https:\/\/www.tornum.com\/ro\/wp-json\/wp\/v2\/product\/23972\/revisions\/23974"}],"wp:featuredmedia":[{"embeddable":true,"href":"https:\/\/www.tornum.com\/ro\/wp-json\/wp\/v2\/media\/21262"}],"wp:attachment":[{"href":"https:\/\/www.tornum.com\/ro\/wp-json\/wp\/v2\/media?parent=23972"}],"wp:term":[{"taxonomy":"product_brand","embeddable":true,"href":"https:\/\/www.tornum.com\/ro\/wp-json\/wp\/v2\/product_brand?post=23972"},{"taxonomy":"product_cat","embeddable":true,"href":"https:\/\/www.tornum.com\/ro\/wp-json\/wp\/v2\/product_cat?post=23972"},{"taxonomy":"product_tag","embeddable":true,"href":"https:\/\/www.tornum.com\/ro\/wp-json\/wp\/v2\/product_tag?post=23972"}],"curies":[{"name":"wp","href":"https:\/\/api.w.org\/{rel}","templated":true}]}}