{"id":23976,"date":"2023-05-14T20:11:38","date_gmt":"2023-05-14T20:11:38","guid":{"rendered":"https:\/\/www.tornum.com\/product\/combi-sweep\/"},"modified":"2024-05-15T11:11:10","modified_gmt":"2024-05-15T11:11:10","slug":"combi-sweep","status":"publish","type":"product","link":"https:\/\/www.tornum.com\/ro\/produs\/combi-sweep\/","title":{"rendered":"COMBI SWEEP"},"content":{"rendered":"<div class=\"wpb-content-wrapper\"><p>[vc_row][vc_column width=&#8221;2\/3&#8243;][vc_column_text]<\/p>\n<h3><strong>TORNUM COMBI SWEEP<\/strong><\/h3>\n<p style=\"margin: 0in; background: white;\"><span style=\"font-family: 'Arial',sans-serif; color: black;\">Combi Sweep de la Tornum este un \u0219nec de desc\u0103rcare combinat cu un \u0219nec de m\u0103turare pentru desc\u0103rcarea direct\u0103 dintr-un siloz \u00eentr-un camion. Combi Sweep este format dintr-un \u0219nec de m\u0103turare orizontal \u0219i unul vertical conectate \u00eentre ele, precum \u0219i dintr-un \u0219nec de desc\u0103rcare permanent pentru desc\u0103rcarea final\u0103 a silozurilor de depozitare a cerealelor. Fiecare \u0219nec are propriul sistem de ac\u021bionare. \u0218necul de desc\u0103rcare vine \u00eentr-o serie de lungimi standard, dar este disponibil \u0219i \u00een lungimi personalizate de p\u00e2n\u0103 la un maxim de 11,6 metri \u0219i o \u00een\u0103l\u021bime maxim\u0103 de 4,7 metri. Capacitate maxim\u0103: 80 de tone\/or\u0103.<\/span><\/p>\n<p>[\/vc_column_text][\/vc_column][vc_column width=&#8221;1\/3&#8243;][vc_column_text]<strong>CARACTERISTICI <\/strong><br \/>\n\u2022 \u021aevi \u0219i sistem de ac\u021bionare din o\u021bel galvanizat, celelalte p\u0103r\u021bi sunt acoperite cu vopsea<br \/>\n\u2022 Unit\u0103\u021bi de ac\u021bionare cu tensionare automat\u0103 a lan\u021bului<br \/>\n\u2022 Dou\u0103 versiuni: orizontal\u0103 \u0219i vertical\u0103, ca \u00een imagine, sau doar orizontal\u0103[\/vc_column_text][\/vc_column][\/vc_row]<\/p>\n<\/div>","protected":false},"excerpt":{"rendered":"<p>Combi Sweep de la Tornum este un sistem integrat care combin\u0103 un \u0219nec de desc\u0103rcare cu un \u0219nec de m\u0103turare, permi\u021b\u00e2nd transferul direct al materialelor dintr-un siloz la un camion.<\/p>\n","protected":false},"featured_media":21156,"comment_status":"open","ping_status":"closed","template":"","meta":{"_acf_changed":false},"product_brand":[],"product_cat":[514,516,524,566,567],"product_tag":[545,563,560,546],"class_list":{"0":"post-23976","1":"product","2":"type-product","3":"status-publish","4":"has-post-thumbnail","6":"product_cat-all-products-ro","7":"product_cat-grain-ro","8":"product_cat-material-handling-ro","9":"product_cat-silo-discharge-ro","10":"product_cat-screw-auger-ro","11":"product_tag-conveyor-ro","12":"product_tag-silo-ro","13":"product_tag-storage-ro","14":"product_tag-transport-ro","15":"description-off","17":"first","18":"instock","19":"shipping-taxable","20":"product-type-simple"},"acf":[],"_links":{"self":[{"href":"https:\/\/www.tornum.com\/ro\/wp-json\/wp\/v2\/product\/23976","targetHints":{"allow":["GET"]}}],"collection":[{"href":"https:\/\/www.tornum.com\/ro\/wp-json\/wp\/v2\/product"}],"about":[{"href":"https:\/\/www.tornum.com\/ro\/wp-json\/wp\/v2\/types\/product"}],"replies":[{"embeddable":true,"href":"https:\/\/www.tornum.com\/ro\/wp-json\/wp\/v2\/comments?post=23976"}],"version-history":[{"count":3,"href":"https:\/\/www.tornum.com\/ro\/wp-json\/wp\/v2\/product\/23976\/revisions"}],"predecessor-version":[{"id":30522,"href":"https:\/\/www.tornum.com\/ro\/wp-json\/wp\/v2\/product\/23976\/revisions\/30522"}],"wp:featuredmedia":[{"embeddable":true,"href":"https:\/\/www.tornum.com\/ro\/wp-json\/wp\/v2\/media\/21156"}],"wp:attachment":[{"href":"https:\/\/www.tornum.com\/ro\/wp-json\/wp\/v2\/media?parent=23976"}],"wp:term":[{"taxonomy":"product_brand","embeddable":true,"href":"https:\/\/www.tornum.com\/ro\/wp-json\/wp\/v2\/product_brand?post=23976"},{"taxonomy":"product_cat","embeddable":true,"href":"https:\/\/www.tornum.com\/ro\/wp-json\/wp\/v2\/product_cat?post=23976"},{"taxonomy":"product_tag","embeddable":true,"href":"https:\/\/www.tornum.com\/ro\/wp-json\/wp\/v2\/product_tag?post=23976"}],"curies":[{"name":"wp","href":"https:\/\/api.w.org\/{rel}","templated":true}]}}