{"id":23980,"date":"2023-05-04T11:22:01","date_gmt":"2023-05-04T11:22:01","guid":{"rendered":"https:\/\/www.tornum.com\/product\/conditioning-bin-lt-2\/"},"modified":"2025-07-30T09:13:20","modified_gmt":"2025-07-30T09:13:20","slug":"siloz-de-conditionare-lt","status":"publish","type":"product","link":"https:\/\/www.tornum.com\/ro\/produs\/siloz-de-conditionare-lt\/","title":{"rendered":"SILOZ DE CONDI\u021aIONARE LT"},"content":{"rendered":"<div class=\"wpb-content-wrapper\"><p>[vc_row gap=&#8221;35&#8243;][vc_column width=&#8221;2\/3&#8243;][vc_column_text]Silozul de condi\u021bionare LT este proiectat pentru r\u0103cire \u0219i ca depozit tampon \u00eenainte de uscare, precum \u0219i pentru depozitarea final\u0103 a cerealelor. Ca r\u0103spuns la cererile pie\u021bei pentru capacit\u0103\u021bi de desc\u0103rcare mai mari cu ventilatoare mai mici, TORNUM a proiectat o baz\u0103 de condi\u021bionare complet nou\u0103, cu cea mai rapid\u0103 desc\u0103rcare final\u0103 de pe pia\u021b\u0103. \u0218icanele \u0219i canalul principal reduc suprafa\u021ba de podea utilizat\u0103, asigur\u00e2nd o cantitate mai mare de aer prin placa de podea \u0219i, prin urmare, o desc\u0103rcare final\u0103 rapid\u0103. Baza de condi\u021bionare, combinat\u0103 cu interiorul neted, face ca bunc\u0103rul s\u0103 fie ideal pentru gestionarea semin\u021belor. Sec\u021biunea inferioar\u0103 a silozului de condi\u021bionare are un canal principal \u00eencorporat cu obturator, permi\u021b\u00e2nd \u00eembinarea mai multor silozuri.<\/p>\n<p><strong>STRUCTUR\u0102 \u0218I FUNC\u021aIONARE <\/strong><br \/>\n\u2022 Fabricat din tabl\u0103 zincat\u0103 la cald<br \/>\n\u2022 Sec\u021biunile montate pe sec\u021biunea inferioar\u0103 au o \u00een\u0103l\u021bime vertical\u0103 de 505 mm<br \/>\n\u2022 Un interior neted pentru o cur\u0103\u021bare u\u0219oar\u0103<br \/>\n\u2022 Construc\u021bia permite mai multe metode de asamblare, ceea ce economise\u0219te timp<br \/>\n\u2022 Silozul este disponibil cu desc\u0103rcare central\u0103 sau lateral\u0103<br \/>\n\u2022 Livrat cu siber de ie\u0219ire \u0219i gur\u0103 de vizitare \u00een sec\u021biune<br \/>\n\u2022 Cea mai rapid\u0103 desc\u0103rcare final\u0103 de pe pia\u021b\u0103[\/vc_column_text][\/vc_column][vc_column width=&#8221;1\/3&#8243;][vc_column_text]<strong>OP\u021aIUNI <\/strong><br \/>\n\u2022 Indicator de nivel<br \/>\n\u2022 Monitorizarea temperaturii<br \/>\n\u2022 U\u0219\u0103 de inspec\u021bie cu gril\u0103 de siguran\u021b\u0103, montat\u0103 pe podea<br \/>\n\u2022 Conector de ie\u0219ire[\/vc_column_text][\/vc_column][\/vc_row]<\/p>\n<\/div>","protected":false},"excerpt":{"rendered":"<div class=\"flex flex-grow flex-col gap-3 max-w-full\">\n<div class=\"min-h-[20px] flex flex-col items-start gap-3 overflow-x-auto whitespace-pre-wrap break-words\">\n<div class=\"markdown prose w-full break-words dark:prose-invert light\">\n<p style=\"margin: 0in; background: white;\"><span style=\"font-family: 'Arial',sans-serif; color: #545559;\">Silozul de condi\u021bionare LT este o solu\u021bie versatil\u0103 pentru r\u0103cire, tamponare \u00eenainte de uscare \u0219i depozitare final\u0103 a cerealelor. Tornum a dezvoltat o nou\u0103 baz\u0103 de condi\u021bionare pentru a satisface cererile pie\u021bei pentru capacit\u0103\u021bi de desc\u0103rcare mai mari cu ventilatoare mai mici, oferind cea mai rapid\u0103 rat\u0103 de desc\u0103rcare final\u0103 disponibil\u0103.<\/span><\/p>\n<\/div>\n<\/div>\n<\/div>\n<div class=\"flex justify-between lg:block\">\n<div class=\"text-gray-400 flex self-end lg:self-center justify-center mt-2 gap-2 md:gap-3 lg:gap-1 lg:absolute lg:top-0 lg:translate-x-full lg:right-0 lg:mt-0 lg:pl-2 visible\"><\/div>\n<\/div>\n<div class=\"flex-1 overflow-hidden\">\n<div class=\"react-scroll-to-bottom--css-zcyaj-79elbk h-full dark:bg-gray-800\">\n<div class=\"react-scroll-to-bottom--css-zcyaj-1n7m0yu\">\n<div class=\"flex flex-col text-sm dark:bg-gray-800\">\n<div class=\"h-32 md:h-48 flex-shrink-0\"><\/div>\n<\/div>\n<\/div>\n<\/div>\n<\/div>\n<div class=\"absolute bottom-0 left-0 w-full border-t md:border-t-0 dark:border-white\/20 md:border-transparent md:dark:border-transparent md:bg-vert-light-gradient bg-white dark:bg-gray-800 md:!bg-transparent dark:md:bg-vert-dark-gradient pt-2 md:pl-2 md:w-[calc(100%-.5rem)]\">\n<form class=\"stretch mx-2 flex flex-row gap-3 last:mb-2 md:mx-4 md:last:mb-6 lg:mx-auto lg:max-w-2xl xl:max-w-3xl\">\n<div class=\"relative flex h-full flex-1 items-stretch md:flex-col\">\n<div>\n<div class=\"h-full flex ml-1 md:w-full md:m-auto md:mb-4 gap-0 md:gap-2 justify-center\">\n<div class=\"grow\"><\/div>\n<\/div>\n<\/div>\n<\/div>\n<\/form>\n<\/div>\n","protected":false},"featured_media":21363,"comment_status":"open","ping_status":"closed","template":"","meta":{"_acf_changed":false},"product_brand":[],"product_cat":[514,523,515,516,557,568],"product_tag":[544,559,563,560],"class_list":{"0":"post-23980","1":"product","2":"type-product","3":"status-publish","4":"has-post-thumbnail","6":"product_cat-all-products-ro","7":"product_cat-feed-ro","8":"product_cat-food-2-ro","9":"product_cat-grain-ro","10":"product_cat-storage-ro","11":"product_cat-conditioning-bin-ro","12":"product_tag-bin-ro","13":"product_tag-bins-ro","14":"product_tag-silo-ro","15":"product_tag-storage-ro","16":"description-off","18":"first","19":"instock","20":"shipping-taxable","21":"product-type-simple"},"acf":[],"_links":{"self":[{"href":"https:\/\/www.tornum.com\/ro\/wp-json\/wp\/v2\/product\/23980","targetHints":{"allow":["GET"]}}],"collection":[{"href":"https:\/\/www.tornum.com\/ro\/wp-json\/wp\/v2\/product"}],"about":[{"href":"https:\/\/www.tornum.com\/ro\/wp-json\/wp\/v2\/types\/product"}],"replies":[{"embeddable":true,"href":"https:\/\/www.tornum.com\/ro\/wp-json\/wp\/v2\/comments?post=23980"}],"version-history":[{"count":2,"href":"https:\/\/www.tornum.com\/ro\/wp-json\/wp\/v2\/product\/23980\/revisions"}],"predecessor-version":[{"id":23982,"href":"https:\/\/www.tornum.com\/ro\/wp-json\/wp\/v2\/product\/23980\/revisions\/23982"}],"wp:featuredmedia":[{"embeddable":true,"href":"https:\/\/www.tornum.com\/ro\/wp-json\/wp\/v2\/media\/21363"}],"wp:attachment":[{"href":"https:\/\/www.tornum.com\/ro\/wp-json\/wp\/v2\/media?parent=23980"}],"wp:term":[{"taxonomy":"product_brand","embeddable":true,"href":"https:\/\/www.tornum.com\/ro\/wp-json\/wp\/v2\/product_brand?post=23980"},{"taxonomy":"product_cat","embeddable":true,"href":"https:\/\/www.tornum.com\/ro\/wp-json\/wp\/v2\/product_cat?post=23980"},{"taxonomy":"product_tag","embeddable":true,"href":"https:\/\/www.tornum.com\/ro\/wp-json\/wp\/v2\/product_tag?post=23980"}],"curies":[{"name":"wp","href":"https:\/\/api.w.org\/{rel}","templated":true}]}}