{"id":23992,"date":"2023-01-29T22:13:53","date_gmt":"2023-01-29T22:13:53","guid":{"rendered":"https:\/\/www.tornum.com\/product\/continuous-grain-dryer-hr\/"},"modified":"2025-07-14T06:56:35","modified_gmt":"2025-07-14T06:56:35","slug":"uscator-de-cereale-in-flux-continuu-hr","status":"publish","type":"product","link":"https:\/\/www.tornum.com\/ro\/produs\/uscator-de-cereale-in-flux-continuu-hr\/","title":{"rendered":"USC\u0102TOR DE CEREALE IN FLUX CONTINUU HR"},"content":{"rendered":"<div class=\"wpb-content-wrapper\"><p>[vc_row gap=&#8221;35&#8243;][vc_column width=&#8221;2\/3&#8243;][vc_column_text]Usc\u0103torul de cereale HR (Heat Recovery) de la Tornum este rezultatul eforturilor noastre continue de a ne dezvolta gama de produse pentru a reduce consumul de energie \u0219i, prin urmare, impactul asupra mediului. Usc\u0103torul de cereale HR utilizeaz\u0103 energia care s-ar pierde \u00eentr-un usc\u0103tor de cereale tradi\u021bional. \u00cen mod normal, se recupereaz\u0103 p\u00e2n\u0103 la 30 % din c\u0103ldur\u0103. Designul unic HR asigur\u0103, de asemenea, un mediu de lucru mai silen\u021bios \u0219i mai curat. Ca toate usc\u0103toarele de cereale Tornum, seria HR este fabricat\u0103 din tabl\u0103 de o\u021bel galvanizat la cald.<\/p>\n<p><b><\/b><strong>DOTARE STANDARD <\/strong><br \/>\n\u2022 Indicator de nivel<br \/>\n\u2022 Camera de aer umed<br \/>\n\u2022 Sec\u021biune de evacuare &#8211; puls<br \/>\n\u2022 Senzor de nivel<br \/>\n\u2022 Zona tampon<br \/>\n\u2022 Sistem de detectare a incendiilor<br \/>\n\u2022 Sc\u0103ri \u0219i platforme<br \/>\n\u2022 Zona de recuperare<br \/>\n\u2022 Controlul con\u021binutului de umiditate<br \/>\n\u2022 M\u0103surarea presiunii pentru reglarea pornirii[\/vc_column_text][\/vc_column][vc_column width=&#8221;1\/3&#8243;][vc_column_text]<strong>Reduce consumul de energie cu p\u00e2n\u0103 la 30 la sut\u0103<\/strong><br \/>\nAproximativ un sfert din aerul cel mai cald dintr-un usc\u0103tor de cereale HR este recirculat. Aerul recuperat este trecut printr-o zon\u0103 de recirculare \u0219i apoi amestecat cu aerul de r\u0103cire \u00eenc\u0103lzit. Deoarece aerul reciclat este mai cald dec\u00e2t aerul ambiant, pute\u021bi reduce alimentarea cu energie a arz\u0103torului cu gaz (\u00een compara\u021bie cu utilizarea exclusiv\u0103 a aerului proasp\u0103t) \u0219i, \u00een continuare, pute\u021bi atinge temperatura de uscare dorit\u0103. Designul usc\u0103torului HR \u00eenseamn\u0103, de asemenea, c\u0103 ventilatoarele de evacuare din partea superioar\u0103 a usc\u0103torului de cereale necesit\u0103 mai pu\u021bin\u0103 energie. <strong>Urm\u0103ri\u021bi un film pe <\/strong><a href=\"https:\/\/youtu.be\/HOoipzpGT4w\"><strong>Youtube<\/strong><\/a><strong> pentru a verifica fluxul de aer din usc\u0103tor.<\/strong><\/p>\n<p>&nbsp;<\/p>\n<p><strong>OP\u021aIUNI <\/strong><br \/>\n\u2022 Zon\u0103 tampon m\u0103rit\u0103<br \/>\n\u2022 Separarea prafului, inclusiv \u0219nec de desc\u0103rcare<br \/>\n\u2022 Amortizor de zgomot[\/vc_column_text][\/vc_column][\/vc_row]<\/p>\n<\/div>","protected":false},"excerpt":{"rendered":"<p>Usc\u0103torul de cereale HR (Heat Recovery) de la Tornum este o inova\u021bie eficient\u0103 din punct de vedere energetic, care capteaz\u0103 \u0219i utilizeaz\u0103 p\u00e2n\u0103 la 30% din c\u0103ldura care ar fi pierdut\u0103 \u00een mod normal \u00eentr-un usc\u0103tor de cereale tradi\u021bional, contribuind la reducerea consumului de energie \u0219i a impactului asupra mediului.<\/p>\n","protected":false},"featured_media":20702,"comment_status":"open","ping_status":"closed","template":"","meta":{"_acf_changed":false},"product_brand":[],"product_cat":[514,523,515,516,517,540],"product_tag":[519,520,541,521],"class_list":{"0":"post-23992","1":"product","2":"type-product","3":"status-publish","4":"has-post-thumbnail","6":"product_cat-all-products-ro","7":"product_cat-feed-ro","8":"product_cat-food-2-ro","9":"product_cat-grain-ro","10":"product_cat-conditioning-ro","11":"product_cat-grain-dryers-ro","12":"product_tag-burner-ro","13":"product_tag-dryer-ro","14":"product_tag-dryer-tk-ro","15":"product_tag-dryer-tkr-ro","16":"pa_products-type-all-products-ro","17":"pa_products-type-grain-ro","18":"description-off","20":"first","21":"instock","22":"shipping-taxable","23":"product-type-simple"},"acf":[],"_links":{"self":[{"href":"https:\/\/www.tornum.com\/ro\/wp-json\/wp\/v2\/product\/23992","targetHints":{"allow":["GET"]}}],"collection":[{"href":"https:\/\/www.tornum.com\/ro\/wp-json\/wp\/v2\/product"}],"about":[{"href":"https:\/\/www.tornum.com\/ro\/wp-json\/wp\/v2\/types\/product"}],"replies":[{"embeddable":true,"href":"https:\/\/www.tornum.com\/ro\/wp-json\/wp\/v2\/comments?post=23992"}],"version-history":[{"count":2,"href":"https:\/\/www.tornum.com\/ro\/wp-json\/wp\/v2\/product\/23992\/revisions"}],"predecessor-version":[{"id":23994,"href":"https:\/\/www.tornum.com\/ro\/wp-json\/wp\/v2\/product\/23992\/revisions\/23994"}],"wp:featuredmedia":[{"embeddable":true,"href":"https:\/\/www.tornum.com\/ro\/wp-json\/wp\/v2\/media\/20702"}],"wp:attachment":[{"href":"https:\/\/www.tornum.com\/ro\/wp-json\/wp\/v2\/media?parent=23992"}],"wp:term":[{"taxonomy":"product_brand","embeddable":true,"href":"https:\/\/www.tornum.com\/ro\/wp-json\/wp\/v2\/product_brand?post=23992"},{"taxonomy":"product_cat","embeddable":true,"href":"https:\/\/www.tornum.com\/ro\/wp-json\/wp\/v2\/product_cat?post=23992"},{"taxonomy":"product_tag","embeddable":true,"href":"https:\/\/www.tornum.com\/ro\/wp-json\/wp\/v2\/product_tag?post=23992"}],"curies":[{"name":"wp","href":"https:\/\/api.w.org\/{rel}","templated":true}]}}