{"id":23996,"date":"2023-01-29T22:13:35","date_gmt":"2023-01-29T22:13:35","guid":{"rendered":"https:\/\/www.tornum.com\/product\/continuous-grain-dryer-rex\/"},"modified":"2025-07-30T09:31:14","modified_gmt":"2025-07-30T09:31:14","slug":"uscator-de-cereale-in-flux-continuu-rex","status":"publish","type":"product","link":"https:\/\/www.tornum.com\/ro\/produs\/uscator-de-cereale-in-flux-continuu-rex\/","title":{"rendered":"USC\u0102TOR DE CEREALE IN FLUX CONTINUU REX"},"content":{"rendered":"<div class=\"wpb-content-wrapper\"><p>[vc_row][vc_column width=&#8221;2\/3&#8243;][vc_column_text]TORNUM REX, urm\u0103toarea genera\u021bie de usc\u0103toare de cereale.<br \/>\nDe-a lungul ultimelor decenii, usc\u0103toarele noastre cu flux mixt continuu au dob\u00e2ndit o reputa\u021bie solid\u0103 pentru performan\u021bele \u0219i calitatea de ultim\u0103 genera\u021bie \u00een \u00eentreaga lume. Acum, facem un mare salt \u00een viitorul usc\u0103rii cu seria Tornum Rex. Anii de munc\u0103 de dezvoltare au dus la un concept mult \u00eembun\u0103t\u0103\u021bit, ad\u0103ug\u00e2nd noi caracteristici valoroase care ofer\u0103 o uscare mai bl\u00e2nd\u0103 \u0219i mai eficient\u0103, o cur\u0103\u021bare mai u\u0219oar\u0103, un consum de energie mai mic \u0219i caracteristici de mediu remarcabile. Pe scurt: urm\u0103toarea genera\u021bie, construit\u0103 pe baza a zeci de ani de experien\u021b\u0103.[\/vc_column_text][\/vc_column][vc_column width=&#8221;1\/3&#8243;][vc_column_text]<\/p>\n<ul>\n<li>Izolarea \u0219i pre\u00eenc\u0103lzirea \u00eembun\u0103t\u0103\u021besc uscarea<\/li>\n<li>Mai pu\u021bin zgomot \u0219i un aer mai curat<\/li>\n<li>Consum de combustibil cu p\u00e2n\u0103 la 30% mai mic \u00een modul HR<\/li>\n<li>Interior neted pentru o cur\u0103\u021bare u\u0219oar\u0103<\/li>\n<li>Controlul activ eficient al prafului<\/li>\n<li>Ideal pentru uscarea \u00een condi\u021bii de \u00eenghe\u021b<\/li>\n<\/ul>\n<p>[\/vc_column_text][\/vc_column][\/vc_row]<\/p>\n<\/div>","protected":false},"excerpt":{"rendered":"<p style=\"margin: 0in; background: white;\"><span style=\"font-family: 'Arial',sans-serif; color: #545559;\">Seria Tornum Rex reprezint\u0103 urm\u0103toarea genera\u021bie de usc\u0103toare de cereale, oferind caracteristici \u00eembun\u0103t\u0103\u021bite pentru o uscare mai bl\u00e2nd\u0103 \u0219i mai eficient\u0103, o cur\u0103\u021bare mai u\u0219oar\u0103, un consum mai mic de energie \u0219i caracteristici de mediu superioare, baz\u00e2ndu-se pe zeci de ani de experien\u021b\u0103 \u0219i o reputa\u021bie solid\u0103 pentru performan\u021b\u0103 \u0219i calitate.<\/span><\/p>\n","protected":false},"featured_media":20704,"comment_status":"open","ping_status":"closed","template":"","meta":{"_acf_changed":false},"product_brand":[],"product_cat":[514,523,515,516,517,540],"product_tag":[519,520,541,521],"class_list":{"0":"post-23996","1":"product","2":"type-product","3":"status-publish","4":"has-post-thumbnail","6":"product_cat-all-products-ro","7":"product_cat-feed-ro","8":"product_cat-food-2-ro","9":"product_cat-grain-ro","10":"product_cat-conditioning-ro","11":"product_cat-grain-dryers-ro","12":"product_tag-burner-ro","13":"product_tag-dryer-ro","14":"product_tag-dryer-tk-ro","15":"product_tag-dryer-tkr-ro","17":"first","18":"instock","19":"shipping-taxable","20":"product-type-simple"},"acf":[],"_links":{"self":[{"href":"https:\/\/www.tornum.com\/ro\/wp-json\/wp\/v2\/product\/23996","targetHints":{"allow":["GET"]}}],"collection":[{"href":"https:\/\/www.tornum.com\/ro\/wp-json\/wp\/v2\/product"}],"about":[{"href":"https:\/\/www.tornum.com\/ro\/wp-json\/wp\/v2\/types\/product"}],"replies":[{"embeddable":true,"href":"https:\/\/www.tornum.com\/ro\/wp-json\/wp\/v2\/comments?post=23996"}],"version-history":[{"count":2,"href":"https:\/\/www.tornum.com\/ro\/wp-json\/wp\/v2\/product\/23996\/revisions"}],"predecessor-version":[{"id":23998,"href":"https:\/\/www.tornum.com\/ro\/wp-json\/wp\/v2\/product\/23996\/revisions\/23998"}],"wp:featuredmedia":[{"embeddable":true,"href":"https:\/\/www.tornum.com\/ro\/wp-json\/wp\/v2\/media\/20704"}],"wp:attachment":[{"href":"https:\/\/www.tornum.com\/ro\/wp-json\/wp\/v2\/media?parent=23996"}],"wp:term":[{"taxonomy":"product_brand","embeddable":true,"href":"https:\/\/www.tornum.com\/ro\/wp-json\/wp\/v2\/product_brand?post=23996"},{"taxonomy":"product_cat","embeddable":true,"href":"https:\/\/www.tornum.com\/ro\/wp-json\/wp\/v2\/product_cat?post=23996"},{"taxonomy":"product_tag","embeddable":true,"href":"https:\/\/www.tornum.com\/ro\/wp-json\/wp\/v2\/product_tag?post=23996"}],"curies":[{"name":"wp","href":"https:\/\/api.w.org\/{rel}","templated":true}]}}