{"id":24000,"date":"2023-03-05T22:36:52","date_gmt":"2023-03-05T22:36:52","guid":{"rendered":"https:\/\/www.tornum.com\/product\/continuous-grain-dryer-tk\/"},"modified":"2025-07-11T09:44:01","modified_gmt":"2025-07-11T09:44:01","slug":"uscator-de-cereale-in-flux-continuu-tk","status":"publish","type":"product","link":"https:\/\/www.tornum.com\/ro\/produs\/uscator-de-cereale-in-flux-continuu-tk\/","title":{"rendered":"USC\u0102TOR DE CEREALE IN FLUX CONTINUU TK"},"content":{"rendered":"<div class=\"wpb-content-wrapper\"><p>[vc_row gap=&#8221;35&#8243;][vc_column width=&#8221;2\/3&#8243;][vc_column_text]Usc\u0103torul de cereale cu flux mixt continuu TK de la Tornum este proiectat pentru a asigura o bun\u0103 economie de \u00eenc\u0103lzire \u0219i o uscare delicat\u0103 a cerealelor. Calitatea remarcabil\u0103 \u0219i caracteristicile unice de proiectare au f\u0103cut din usc\u0103torul de cereale TK un succes \u00een industria agricol\u0103.<\/p>\n<p>Usc\u0103toarele TK sunt la fel de potrivite pentru utilizare \u00een interior sau \u00een exterior \u0219i sunt construite din o\u021bel galvanizat la cald pentru a asigura o durat\u0103 de via\u021b\u0103 lung\u0103.<\/p>\n<p>Cu seria TK BIG, Tornum ofer\u0103 industriei agricole noi niveluri de performan\u021b\u0103. La putere maxim\u0103, cea mai mare versiune a noului nostru usc\u0103tor de cereale BIG, TK16-44, are o capacitate de uscare de 300 de tone pe or\u0103.<\/p>\n<p>TORNUM a construit 2 usc\u0103toare BIG cu flux mixt continuu TK12-28-4 \u00een Zhmerynka, Ucraina. Fiecare usc\u0103tor de cereale are o capacitate de stocare de 275 m<sup>3<\/sup> \u0219i o capacitate de uscare de 133 de tone pe or\u0103 pentru gr\u00e2u. Vede\u021bi mai jos videoclipul de la fa\u021ba locului.[\/vc_column_text][\/vc_column][vc_column width=&#8221;1\/3&#8243;][vc_column_text]<strong>DOTARE STANDARD <\/strong><br \/>\n\u2022 Indicator de nivel<br \/>\n\u2022 Camera de aer umed<br \/>\n\u2022 Sec\u021biunea de desc\u0103rcare &#8211; cu role sau cu impulsuri<br \/>\n\u2022 Senzor de nivel<br \/>\n\u2022 Zon\u0103 tampon<br \/>\n\u2022 Zon\u0103 de r\u0103cire variabil\u0103<\/p>\n<p><strong>OP\u021aIUNI <\/strong><br \/>\n\u2022 Sc\u0103ri \u0219i platforme<br \/>\n\u2022 Sistem de detectare a incendiilor<br \/>\n\u2022 Amortizor de zgomot<br \/>\n\u2022 Zon\u0103 tampon m\u0103rit\u0103<br \/>\n\u2022 Control &#8211; umiditate sau temperatur\u0103[\/vc_column_text][\/vc_column][\/vc_row]<\/p>\n<\/div>","protected":false},"excerpt":{"rendered":"<p style=\"margin: 0in; background: white;\"><span style=\"font-family: 'Arial',sans-serif; color: #545559;\">Usc\u0103torul de cereale \u00een flux continuu mixt TK de la Tornum ofer\u0103 o \u00eenc\u0103lzire eficient\u0103 \u0219i o uscare delicat\u0103 a cerealelor, c\u00e2\u0219tig\u00e2nd succes \u00een industria agricol\u0103 datorit\u0103 calit\u0103\u021bii sale remarcabile \u0219i a caracteristicilor unice de proiectare. <\/span><\/p>\n","protected":false},"featured_media":20700,"comment_status":"open","ping_status":"closed","template":"","meta":{"_acf_changed":false},"product_brand":[],"product_cat":[514,523,515,516,517,540],"product_tag":[519,520,570,521],"class_list":{"0":"post-24000","1":"product","2":"type-product","3":"status-publish","4":"has-post-thumbnail","6":"product_cat-all-products-ro","7":"product_cat-feed-ro","8":"product_cat-food-2-ro","9":"product_cat-grain-ro","10":"product_cat-conditioning-ro","11":"product_cat-grain-dryers-ro","12":"product_tag-burner-ro","13":"product_tag-dryer-ro","14":"product_tag-dryer-rex-ro","15":"product_tag-dryer-tkr-ro","16":"pa_products-type-all-products-ro","17":"pa_products-type-grain-ro","19":"first","20":"instock","21":"shipping-taxable","22":"product-type-simple"},"acf":[],"_links":{"self":[{"href":"https:\/\/www.tornum.com\/ro\/wp-json\/wp\/v2\/product\/24000","targetHints":{"allow":["GET"]}}],"collection":[{"href":"https:\/\/www.tornum.com\/ro\/wp-json\/wp\/v2\/product"}],"about":[{"href":"https:\/\/www.tornum.com\/ro\/wp-json\/wp\/v2\/types\/product"}],"replies":[{"embeddable":true,"href":"https:\/\/www.tornum.com\/ro\/wp-json\/wp\/v2\/comments?post=24000"}],"version-history":[{"count":2,"href":"https:\/\/www.tornum.com\/ro\/wp-json\/wp\/v2\/product\/24000\/revisions"}],"predecessor-version":[{"id":24002,"href":"https:\/\/www.tornum.com\/ro\/wp-json\/wp\/v2\/product\/24000\/revisions\/24002"}],"wp:featuredmedia":[{"embeddable":true,"href":"https:\/\/www.tornum.com\/ro\/wp-json\/wp\/v2\/media\/20700"}],"wp:attachment":[{"href":"https:\/\/www.tornum.com\/ro\/wp-json\/wp\/v2\/media?parent=24000"}],"wp:term":[{"taxonomy":"product_brand","embeddable":true,"href":"https:\/\/www.tornum.com\/ro\/wp-json\/wp\/v2\/product_brand?post=24000"},{"taxonomy":"product_cat","embeddable":true,"href":"https:\/\/www.tornum.com\/ro\/wp-json\/wp\/v2\/product_cat?post=24000"},{"taxonomy":"product_tag","embeddable":true,"href":"https:\/\/www.tornum.com\/ro\/wp-json\/wp\/v2\/product_tag?post=24000"}],"curies":[{"name":"wp","href":"https:\/\/api.w.org\/{rel}","templated":true}]}}