{"id":24004,"date":"2023-04-03T09:35:26","date_gmt":"2023-04-03T09:35:26","guid":{"rendered":"https:\/\/www.tornum.com\/product\/continuous-grain-dryer-tkr\/"},"modified":"2025-07-30T09:40:43","modified_gmt":"2025-07-30T09:40:43","slug":"uscator-de-cereale-in-flux-continuu-tkr","status":"publish","type":"product","link":"https:\/\/www.tornum.com\/ro\/produs\/uscator-de-cereale-in-flux-continuu-tkr\/","title":{"rendered":"USC\u0102TOR DE CEREALE IN FLUX CONTINUU TKR"},"content":{"rendered":"<div class=\"wpb-content-wrapper\"><p>[vc_row][vc_column width=&#8221;2\/3&#8243;][vc_column_text]Usc\u0103torul de cereale TKR de la Tornum este un usc\u0103tor cu recirculare \u0219i recuperare de c\u0103ldur\u0103. Dup\u0103 ce aerul a trecut prin cereale \u00een zona de r\u0103cire a usc\u0103torului de cereale \u0219i a fost astfel \u00eenc\u0103lzit, acesta este re\u00eenc\u0103lzit \u00een schimbatorul de c\u0103ldura inferior \u00eenainte de a trece prin zona de uscare inferioar\u0103.<\/p>\n<p>Aerul u\u0219or r\u0103cit \u0219i umidificat este apoi amestecat cu aer proasp\u0103t pre\u00eenc\u0103lzit de la un schimb\u0103tor de c\u0103ldur\u0103 suplimentar din partea inferioar\u0103 a conductei superioare de aer cald. Aerul este \u00eenc\u0103lzit \u00eenc\u0103 o dat\u0103 atunci c\u00e2nd trece prin schimb\u0103torul de c\u0103ldur\u0103 \u00a0superior. Acum \u00eenc\u0103lzit pentru a doua oar\u0103, aerul trece prin cereale \u00een zona superioar\u0103 de uscare \u00eenainte de a p\u0103r\u0103si usc\u0103torul de cereale.<\/p>\n<p>Acest design asigur\u0103 economii de energie de 15-20%, \u00een func\u021bie de temperatura de uscare, de con\u021binutul de umiditate la intrare \u0219i la ie\u0219ire \u0219i de temperatura mediului ambiant.<br \/>\nControlul temperaturii se realizeaz\u0103 cu ajutorul unui controler care regleaz\u0103 supapa de deriva\u021bie.<\/p>\n<p>At\u00e2t camera de aer cald, c\u00e2t \u0219i cea de evacuare a aerului sunt echipate cu u\u0219i de inspec\u021bie care pot fi accesate printr-o scar\u0103 extern\u0103, platforme de inspec\u021bie sau grinzi. \u00cen interiorul u\u0219ii exist\u0103 un grilaj de podea \u0219i sc\u0103ri pentru inspec\u021bia intern\u0103.[\/vc_column_text][\/vc_column][vc_column width=&#8221;1\/3&#8243;][vc_column_text]<strong>CARACTERISTICI <\/strong><br \/>\n\u2022 Recircularea aerului<br \/>\n\u2022 Reducerea debitului de aer cu 35-45%<br \/>\n\u2022 Reducerea consumului de energie cu 15-20%<br \/>\n\u2022 Schimb\u0103toare de c\u0103ldura ap\u0103 &#8211; aer<br \/>\n\u2022 Zone cu temperaturi diferite<\/p>\n<p><strong>OP\u021aIUNI <\/strong><br \/>\n\u2022 Indicator de nivel<br \/>\n\u2022 Sistem de detectare a incendiilor[\/vc_column_text][\/vc_column][\/vc_row]<\/p>\n<\/div>","protected":false},"excerpt":{"rendered":"<div class=\"flex flex-grow flex-col gap-3 max-w-full\">\n<div class=\"min-h-[20px] flex flex-col items-start gap-3 overflow-x-auto whitespace-pre-wrap break-words\">\n<div class=\"markdown prose w-full break-words dark:prose-invert light\">\n<p style=\"margin: 0in; background: white;\"><span style=\"font-family: 'Arial',sans-serif; color: #545559;\">Usc\u0103torul de cereale TKR de la Tornum este un usc\u0103tor continuu care economise\u0219te energie, cu un design de recirculare de ultim\u0103 genera\u021bie. Acesta nu doar usuc\u0103 cerealele, ci optimizeaz\u0103 fiecare etap\u0103, ceea ce duce la economii de energie de p\u00e2n\u0103 la 15-20% prin mai multe etape de \u00eenc\u0103lzire a aerului.<\/span><\/p>\n<\/div>\n<\/div>\n<\/div>\n","protected":false},"featured_media":20780,"comment_status":"open","ping_status":"closed","template":"","meta":{"_acf_changed":false},"product_brand":[],"product_cat":[514,523,515,516,517,540],"product_tag":[520,570,541,521],"class_list":{"0":"post-24004","1":"product","2":"type-product","3":"status-publish","4":"has-post-thumbnail","6":"product_cat-all-products-ro","7":"product_cat-feed-ro","8":"product_cat-food-2-ro","9":"product_cat-grain-ro","10":"product_cat-conditioning-ro","11":"product_cat-grain-dryers-ro","12":"product_tag-dryer-ro","13":"product_tag-dryer-rex-ro","14":"product_tag-dryer-tk-ro","15":"product_tag-dryer-tkr-ro","16":"pa_products-type-grain-ro","17":"description-off","19":"first","20":"instock","21":"shipping-taxable","22":"product-type-simple"},"acf":[],"_links":{"self":[{"href":"https:\/\/www.tornum.com\/ro\/wp-json\/wp\/v2\/product\/24004","targetHints":{"allow":["GET"]}}],"collection":[{"href":"https:\/\/www.tornum.com\/ro\/wp-json\/wp\/v2\/product"}],"about":[{"href":"https:\/\/www.tornum.com\/ro\/wp-json\/wp\/v2\/types\/product"}],"replies":[{"embeddable":true,"href":"https:\/\/www.tornum.com\/ro\/wp-json\/wp\/v2\/comments?post=24004"}],"version-history":[{"count":2,"href":"https:\/\/www.tornum.com\/ro\/wp-json\/wp\/v2\/product\/24004\/revisions"}],"predecessor-version":[{"id":24006,"href":"https:\/\/www.tornum.com\/ro\/wp-json\/wp\/v2\/product\/24004\/revisions\/24006"}],"wp:featuredmedia":[{"embeddable":true,"href":"https:\/\/www.tornum.com\/ro\/wp-json\/wp\/v2\/media\/20780"}],"wp:attachment":[{"href":"https:\/\/www.tornum.com\/ro\/wp-json\/wp\/v2\/media?parent=24004"}],"wp:term":[{"taxonomy":"product_brand","embeddable":true,"href":"https:\/\/www.tornum.com\/ro\/wp-json\/wp\/v2\/product_brand?post=24004"},{"taxonomy":"product_cat","embeddable":true,"href":"https:\/\/www.tornum.com\/ro\/wp-json\/wp\/v2\/product_cat?post=24004"},{"taxonomy":"product_tag","embeddable":true,"href":"https:\/\/www.tornum.com\/ro\/wp-json\/wp\/v2\/product_tag?post=24004"}],"curies":[{"name":"wp","href":"https:\/\/api.w.org\/{rel}","templated":true}]}}