{"id":24012,"date":"2023-05-14T21:15:17","date_gmt":"2023-05-14T21:15:17","guid":{"rendered":"https:\/\/www.tornum.com\/product\/damas-omega\/"},"modified":"2025-07-30T09:54:00","modified_gmt":"2025-07-30T09:54:00","slug":"damas-omega","status":"publish","type":"product","link":"https:\/\/www.tornum.com\/ro\/produs\/damas-omega\/","title":{"rendered":"DAMAS OMEGA"},"content":{"rendered":"<div class=\"wpb-content-wrapper\"><p>[vc_row][vc_column width=&#8221;2\/3&#8243;][vc_column_text]Omega este foarte flexibil \u0219i poate fi utilizat pentru toate sarcinile de cur\u0103\u021bare \u0219i sortare, de la pre-cur\u0103\u021bare la cur\u0103\u021bare fin\u0103. Omega poate fi furnizat cu sau f\u0103r\u0103 recirculare a aerului pentru a se adapta cerin\u021belor locale privind consumul de aer, recuperarea c\u0103ldurii etc. Sistemele de aer pentru preaspirare \u0219i postaspirare sunt complet separate, ceea ce permite set\u0103ri independente pentru o operare mai u\u0219oar\u0103, combinat\u0103 cu o eficien\u021b\u0103 \u00eembun\u0103t\u0103\u021bit\u0103 a cur\u0103\u021b\u0103rii.[\/vc_column_text][\/vc_column][vc_column width=&#8221;1\/3&#8243;][vc_column_text]<strong>CARACTERISTICI <\/strong><br \/>\n\u2022 \u00cencapsulat pentru un nivel de zgomot mai mic<br \/>\n\u2022 Cutiile sitelor sunt fabricate din WISAform rezistent, care este aprobat pentru utilizarea cu produse alimentare<br \/>\n\u2022 Cur\u0103\u021barea sitelor cu bile de cauciuc speciale<br \/>\n\u2022 Control variabil al aliment\u0103rii ca echipament standard<br \/>\n\u2022 Distribu\u021bia materialului pe site se realizeaz\u0103 cu ajutorul unui \u0219urub (op\u021bional la unele modele)<\/p>\n<p><strong>OP\u021aIUNI <\/strong><br \/>\n\u2022 Sistem electronic de monitorizare[\/vc_column_text][\/vc_column][\/vc_row]<\/p>\n<\/div>","protected":false},"excerpt":{"rendered":"<p style=\"margin: 0in; background: white;\"><span style=\"font-family: 'Arial',sans-serif; color: #545559;\">Ma\u0219ina de cur\u0103\u021bare Omega este versatil\u0103, potrivit\u0103 pentru o gam\u0103 larg\u0103 de sarcini de cur\u0103\u021bare \u0219i clasificare, cu recirculare op\u021bional\u0103 a aerului pentru a se adapta la nevoile locale \u00een ceea ce prive\u0219te consumul de aer \u0219i recuperarea c\u0103ldurii.<\/span><\/p>\n","protected":false},"featured_media":22645,"comment_status":"open","ping_status":"closed","template":"","meta":{"_acf_changed":false},"product_brand":[],"product_cat":[514,523,515,516,524,553],"product_tag":[554,555,527,529],"class_list":{"0":"post-24012","1":"product","2":"type-product","3":"status-publish","4":"has-post-thumbnail","6":"product_cat-all-products-ro","7":"product_cat-feed-ro","8":"product_cat-food-2-ro","9":"product_cat-grain-ro","10":"product_cat-material-handling-ro","11":"product_cat-cleaning-machines-ro-material-handling-ro","12":"product_tag-cleaning-ro","13":"product_tag-dc-remover-ro","14":"product_tag-dust-ro","15":"product_tag-separation-ro","16":"description-off","18":"first","19":"instock","20":"shipping-taxable","21":"product-type-simple"},"acf":[],"_links":{"self":[{"href":"https:\/\/www.tornum.com\/ro\/wp-json\/wp\/v2\/product\/24012","targetHints":{"allow":["GET"]}}],"collection":[{"href":"https:\/\/www.tornum.com\/ro\/wp-json\/wp\/v2\/product"}],"about":[{"href":"https:\/\/www.tornum.com\/ro\/wp-json\/wp\/v2\/types\/product"}],"replies":[{"embeddable":true,"href":"https:\/\/www.tornum.com\/ro\/wp-json\/wp\/v2\/comments?post=24012"}],"version-history":[{"count":2,"href":"https:\/\/www.tornum.com\/ro\/wp-json\/wp\/v2\/product\/24012\/revisions"}],"predecessor-version":[{"id":24014,"href":"https:\/\/www.tornum.com\/ro\/wp-json\/wp\/v2\/product\/24012\/revisions\/24014"}],"wp:featuredmedia":[{"embeddable":true,"href":"https:\/\/www.tornum.com\/ro\/wp-json\/wp\/v2\/media\/22645"}],"wp:attachment":[{"href":"https:\/\/www.tornum.com\/ro\/wp-json\/wp\/v2\/media?parent=24012"}],"wp:term":[{"taxonomy":"product_brand","embeddable":true,"href":"https:\/\/www.tornum.com\/ro\/wp-json\/wp\/v2\/product_brand?post=24012"},{"taxonomy":"product_cat","embeddable":true,"href":"https:\/\/www.tornum.com\/ro\/wp-json\/wp\/v2\/product_cat?post=24012"},{"taxonomy":"product_tag","embeddable":true,"href":"https:\/\/www.tornum.com\/ro\/wp-json\/wp\/v2\/product_tag?post=24012"}],"curies":[{"name":"wp","href":"https:\/\/api.w.org\/{rel}","templated":true}]}}