{"id":24018,"date":"2023-05-14T21:18:40","date_gmt":"2023-05-14T21:18:40","guid":{"rendered":"https:\/\/www.tornum.com\/product\/damas-pulco\/"},"modified":"2025-07-30T10:00:07","modified_gmt":"2025-07-30T10:00:07","slug":"damas-pulco","status":"publish","type":"product","link":"https:\/\/www.tornum.com\/ro\/produs\/damas-pulco\/","title":{"rendered":"DAMAS PULCO"},"content":{"rendered":"<p><strong>Aspirator eficient <\/strong><\/p>\n<p>Pulco separ\u0103 eficient at\u00e2t boabele u\u0219oare, c\u00e2t \u0219i cele grele prin aer.<\/p>\n<p>Aspiratorul poate fi utilizat \u00een orice instala\u021bie, exact acolo unde va fi cel mai util. Acesta poate fi pentru pre-cur\u0103\u021barea la recep\u021bie, pentru cur\u0103\u021barea suplimentar\u0103 a aerului \u00eentr-un proces de cur\u0103\u021bare fin\u0103, pentru boabele de cereale \u00eenainte de a fi tratate, pentru cur\u0103\u021barea industrial\u0103 sau pentru mal\u021b la desc\u0103rcare.<\/p>\n<p>Pulco este conceput pentru a realiza cea mai bun\u0103 cur\u0103\u021bare posibil\u0103 \u00een orice condi\u021bii. De asemenea, poate fi utilizat pentru a frac\u021biona prin intermediul unei camere de separare pentru boabe.<\/p>\n<p>Pulco este o construc\u021bie simpl\u0103, compatibil\u0103 cu mediul \u00eenconjur\u0103tor \u0219i este u\u0219or de utilizat. Poate fi prev\u0103zut cu telecomand\u0103.<\/p>\n<ul>\n<li>Pulco se autocur\u0103\u021b\u0103 \u0219i are un flux de aer perfect datorit\u0103 distribu\u021biei ideale a materialului.<\/li>\n<li>Nu produce vibra\u021bii \u0219i necesit\u0103 un spa\u021biu foarte mic \u00een raport cu capacitatea sa.<\/li>\n<li>Pulco este silen\u021bios, necesit\u0103 pu\u021bin\u0103 energie \u0219i este compatibil cu mediul \u00eenconjur\u0103tor.<\/li>\n<li>Un program cuprinz\u0103tor de accesorii \u00een module asigur\u0103 posibilitatea de a satisface cerin\u021bele prezente \u0219i viitoare.<\/li>\n<\/ul>\n","protected":false},"excerpt":{"rendered":"<p style=\"margin: 0in; background: white;\"><span style=\"font-family: 'Arial',sans-serif; color: #545559;\">Pulco este un aspirator eficient care separ\u0103 culturile u\u0219oare \u0219i grele prin aer, adaptabil pentru diverse aplica\u021bii, inclusiv pre-cur\u0103\u021barea, cur\u0103\u021barea fin\u0103, tratarea semin\u021belor, cur\u0103\u021barea industrial\u0103 \u0219i prelucrarea mal\u021bului.<\/span><\/p>\n","protected":false},"featured_media":21232,"comment_status":"open","ping_status":"closed","template":"","meta":{"_acf_changed":false},"product_brand":[],"product_cat":[514,516,524,553],"product_tag":[554,555,527,529],"class_list":{"0":"post-24018","1":"product","2":"type-product","3":"status-publish","4":"has-post-thumbnail","6":"product_cat-all-products-ro","7":"product_cat-grain-ro","8":"product_cat-material-handling-ro","9":"product_cat-cleaning-machines-ro-material-handling-ro","10":"product_tag-cleaning-ro","11":"product_tag-dc-remover-ro","12":"product_tag-dust-ro","13":"product_tag-separation-ro","14":"description-off","16":"first","17":"instock","18":"shipping-taxable","19":"product-type-simple"},"acf":[],"_links":{"self":[{"href":"https:\/\/www.tornum.com\/ro\/wp-json\/wp\/v2\/product\/24018","targetHints":{"allow":["GET"]}}],"collection":[{"href":"https:\/\/www.tornum.com\/ro\/wp-json\/wp\/v2\/product"}],"about":[{"href":"https:\/\/www.tornum.com\/ro\/wp-json\/wp\/v2\/types\/product"}],"replies":[{"embeddable":true,"href":"https:\/\/www.tornum.com\/ro\/wp-json\/wp\/v2\/comments?post=24018"}],"version-history":[{"count":2,"href":"https:\/\/www.tornum.com\/ro\/wp-json\/wp\/v2\/product\/24018\/revisions"}],"predecessor-version":[{"id":24023,"href":"https:\/\/www.tornum.com\/ro\/wp-json\/wp\/v2\/product\/24018\/revisions\/24023"}],"wp:featuredmedia":[{"embeddable":true,"href":"https:\/\/www.tornum.com\/ro\/wp-json\/wp\/v2\/media\/21232"}],"wp:attachment":[{"href":"https:\/\/www.tornum.com\/ro\/wp-json\/wp\/v2\/media?parent=24018"}],"wp:term":[{"taxonomy":"product_brand","embeddable":true,"href":"https:\/\/www.tornum.com\/ro\/wp-json\/wp\/v2\/product_brand?post=24018"},{"taxonomy":"product_cat","embeddable":true,"href":"https:\/\/www.tornum.com\/ro\/wp-json\/wp\/v2\/product_cat?post=24018"},{"taxonomy":"product_tag","embeddable":true,"href":"https:\/\/www.tornum.com\/ro\/wp-json\/wp\/v2\/product_tag?post=24018"}],"curies":[{"name":"wp","href":"https:\/\/api.w.org\/{rel}","templated":true}]}}