{"id":24020,"date":"2023-05-14T21:13:07","date_gmt":"2023-05-14T21:13:07","guid":{"rendered":"https:\/\/www.tornum.com\/product\/damas-sigma\/"},"modified":"2025-07-16T10:00:48","modified_gmt":"2025-07-16T10:00:48","slug":"damas-sigma","status":"publish","type":"product","link":"https:\/\/www.tornum.com\/ro\/produs\/damas-sigma\/","title":{"rendered":"DAMAS SIGMA"},"content":{"rendered":"<div class=\"wpb-content-wrapper\"><p>[vc_row][vc_column width=&#8221;2\/3&#8243;][vc_column_text]Sigma este destinat \u00een primul r\u00e2nd cur\u0103\u021b\u0103rii prealabile a cerealelor \u0219i a altor materiale granulare, dar poate fi utilizat \u0219i pentru cur\u0103\u021barea fin\u0103. SIGMA dispune de site rotative verticale care, datorit\u0103 for\u021bei centrifuge, ofer\u0103 capacit\u0103\u021bi foarte mari \u00een raport cu dimensiunea ma\u0219inii.[\/vc_column_text][\/vc_column][vc_column width=&#8221;1\/3&#8243;][vc_column_text]<strong>CARACTERISTICI <\/strong><br \/>\n\u2022 Func\u021bionare rotativ\u0103 f\u0103r\u0103 vibra\u021bii<br \/>\n\u2022 Proiectat pentru solicit\u0103ri minime asupra funda\u021biilor<br \/>\n\u2022 Op\u021biune de instalare flexibil\u0103 &#8211; ie\u0219ire u\u0219or de rotit \u0219i trap\u0103 pentru ie\u0219ire<br \/>\n\u2022 Complet \u00eenchis pentru un nivel de zgomot redus \u0219i un mediu f\u0103r\u0103 praf<br \/>\n\u2022 Perii cu role autoreglabile asigur\u0103 o cur\u0103\u021bare eficient\u0103 a sitei<br \/>\n\u2022 Sec\u021biune de ie\u0219ire cu unitate de aspirare foarte eficient\u0103<\/p>\n<p><strong>OP\u021aIUNI <\/strong><br \/>\n\u2022 Sistem electronic de monitorizare[\/vc_column_text][\/vc_column][\/vc_row]<\/p>\n<\/div>","protected":false},"excerpt":{"rendered":"<p style=\"margin: 0in; background: white;\"><span style=\"font-family: 'Arial',sans-serif; color: #545559;\">Sigma este proiectat pentru pre-cur\u0103\u021barea eficient\u0103 \u0219i cur\u0103\u021barea fin\u0103 a cerealelor \u0219i a materialelor granulare, fiind prev\u0103zut cu site rotative verticale care ofer\u0103 o capacitate mare \u00een raport cu dimensiunea sa.<\/span><\/p>\n","protected":false},"featured_media":22648,"comment_status":"open","ping_status":"closed","template":"","meta":{"_acf_changed":false},"product_brand":[],"product_cat":[514,523,515,516,524,553],"product_tag":[554,572,527,529],"class_list":{"0":"post-24020","1":"product","2":"type-product","3":"status-publish","4":"has-post-thumbnail","6":"product_cat-all-products-ro","7":"product_cat-feed-ro","8":"product_cat-food-2-ro","9":"product_cat-grain-ro","10":"product_cat-material-handling-ro","11":"product_cat-cleaning-machines-ro-material-handling-ro","12":"product_tag-cleaning-ro","13":"product_tag-damas-ro","14":"product_tag-dust-ro","15":"product_tag-separation-ro","16":"description-off","18":"first","19":"instock","20":"shipping-taxable","21":"product-type-simple"},"acf":[],"_links":{"self":[{"href":"https:\/\/www.tornum.com\/ro\/wp-json\/wp\/v2\/product\/24020","targetHints":{"allow":["GET"]}}],"collection":[{"href":"https:\/\/www.tornum.com\/ro\/wp-json\/wp\/v2\/product"}],"about":[{"href":"https:\/\/www.tornum.com\/ro\/wp-json\/wp\/v2\/types\/product"}],"replies":[{"embeddable":true,"href":"https:\/\/www.tornum.com\/ro\/wp-json\/wp\/v2\/comments?post=24020"}],"version-history":[{"count":2,"href":"https:\/\/www.tornum.com\/ro\/wp-json\/wp\/v2\/product\/24020\/revisions"}],"predecessor-version":[{"id":24024,"href":"https:\/\/www.tornum.com\/ro\/wp-json\/wp\/v2\/product\/24020\/revisions\/24024"}],"wp:featuredmedia":[{"embeddable":true,"href":"https:\/\/www.tornum.com\/ro\/wp-json\/wp\/v2\/media\/22648"}],"wp:attachment":[{"href":"https:\/\/www.tornum.com\/ro\/wp-json\/wp\/v2\/media?parent=24020"}],"wp:term":[{"taxonomy":"product_brand","embeddable":true,"href":"https:\/\/www.tornum.com\/ro\/wp-json\/wp\/v2\/product_brand?post=24020"},{"taxonomy":"product_cat","embeddable":true,"href":"https:\/\/www.tornum.com\/ro\/wp-json\/wp\/v2\/product_cat?post=24020"},{"taxonomy":"product_tag","embeddable":true,"href":"https:\/\/www.tornum.com\/ro\/wp-json\/wp\/v2\/product_tag?post=24020"}],"curies":[{"name":"wp","href":"https:\/\/api.w.org\/{rel}","templated":true}]}}