{"id":24021,"date":"2023-05-14T21:17:15","date_gmt":"2023-05-14T21:17:15","guid":{"rendered":"https:\/\/www.tornum.com\/product\/damas-uniseed-duoseed\/"},"modified":"2025-07-15T11:23:26","modified_gmt":"2025-07-15T11:23:26","slug":"damas-uniseed-duoseed","status":"publish","type":"product","link":"https:\/\/www.tornum.com\/ro\/produs\/damas-uniseed-duoseed\/","title":{"rendered":"DAMAS UNISEED\/DUOSEED"},"content":{"rendered":"<div class=\"wpb-content-wrapper\"><p>[vc_row][vc_column width=&#8221;2\/3&#8243;][vc_column_text]Ma\u0219inile de cur\u0103\u021bat Damas Uniseed \u0219i Duoseed sunt special concepute pentru clasificarea \u0219i cur\u0103\u021barea cerealelor \u00een ferme, precum \u0219i pentru prelucrarea industrial\u0103 a cerealelor la scar\u0103 mic\u0103. Aceste utilaje ofer\u0103 acelea\u0219i performan\u021be \u0219i eficien\u021b\u0103 de nivel \u00eenalt care se reg\u0103sesc \u00een ma\u0219ina de cur\u0103\u021bat\/clasat Damas OMEGA de calitate industrial\u0103, dar \u00eentr-un design compact \u0219i rentabil, ceea ce le face perfecte pentru fermele care utilizeaz\u0103 cereale at\u00e2t pentru hran\u0103, c\u00e2t \u0219i pentru v\u00e2nzare.<\/p>\n<p>Damas DuoSeed, o ma\u0219in\u0103 dubl\u0103 Uniseed, optimizeaz\u0103 utilizarea spa\u021biului \u00een instala\u021bia de procesare a cerealelor. Aceste ma\u0219ini sunt disponibile \u00een diverse configura\u021bii, completate cu dispozitive op\u021bionale de alimentare si unit\u0103\u021bi de preaspirare.<\/p>\n<p>Ma\u0219inile de cur\u0103\u021bare Uniseed \u0219i Duoseed sunt deosebit de potrivite pentru rapi\u021b\u0103, gr\u00e2u, orz, porumb \u0219i multe altele.<\/p>\n<p><strong>Cum func\u021bioneaz\u0103<\/strong><\/p>\n<p>Ma\u0219inile de cur\u0103\u021bare Uniseed \u0219i Duoseed sunt construite din o\u021bel galvanizat \u0219i utilizeaz\u0103 o metod\u0103 de cur\u0103\u021bare pe platform\u0103. Ecranul superior se deplaseaz\u0103 lin \u00eentr-un model orizontal, \u00een timp ce ecranul inferior urmeaz\u0103 o mi\u0219care oblic\u0103. Acest model unic de mi\u0219care, exclusiv al cur\u0103\u021b\u0103toarelor SKIOLD Damas, asigur\u0103 o scalpare foarte eficient\u0103 pe ecranul superior \u0219i o clasificare superioar\u0103 a materialului.[\/vc_column_text][\/vc_column][vc_column width=&#8221;1\/3&#8243;][vc_column_text]<strong>CARACTERISTICI <\/strong><br \/>\n\u2022 <em>Clasificarea cerealelor la ferm\u0103<\/em>: Ma\u0219inile Uniseed \u0219i Duoseed sunt ideale pentru fermierii care \u00ee\u0219i produc propriul furaj sau \u00ee\u0219i clasific\u0103 cerealele la fa\u021ba locului. Dimensiunile lor compacte, u\u0219urin\u021ba de operare \u0219i \u00eentre\u021binerea minim\u0103 le fac o alegere excelent\u0103, chiar \u0219i pentru utilizare intermitent\u0103. \u00cen plus, materialul rezidual poate fi utilizat \u00een sobele automate, reduc\u00e2nd la minimum de\u0219eurile.<\/p>\n<p>\u2022 <em>Calitatea \u00eembun\u0103t\u0103\u021bit\u0103 a boabelor<\/em>: Aleg\u00e2nd Uniseed sau Duoseed pentru cur\u0103\u021bare, cum ar fi rapi\u021ba sau orzul pentru mal\u021b, v\u0103 pute\u021bi baza pe aceste ma\u0219ini pentru a oferi o calitate excep\u021bional\u0103, permi\u021b\u00e2ndu-v\u0103 s\u0103 ob\u021bine\u021bi pre\u021buri mai mari pentru produsele dumneavoastr\u0103. De asemenea, aceste utilaje pot elimina \u00een mod eficient majoritatea ergoturilor din cereale, p\u0103str\u00e2nd calitatea produsului dumneavoastr\u0103 final.<\/p>\n<p>\u2022 <em>Germina\u021bie \u00eembun\u0103t\u0103\u021bit\u0103 \u0219i costuri reduse<\/em>: Boabele bine cur\u0103\u021bate germineaz\u0103 mai bine, iar materialul de aoperire ader\u0103 mai eficient la fiecare boab\u0103 \u00een parte, reduc\u00e2nd pierderile de material \u0219i costurile.<\/p>\n<p>\u2022 <em>Valoare furajer\u0103 mai mare<\/em>: Atunci c\u00e2nd sunt utilizate pentru cur\u0103\u021barea\/clasificarea cerealelor furajere, ma\u0219inile Uniseed \u0219i Duoseed produc cereale de o calitate superioar\u0103 constant\u0103, f\u0103r\u0103 contaminan\u021bi nedori\u021bi, reduc\u00e2nd produc\u021bia de praf.<\/p>\n<p>\u2022 <em>Costuri de depozitare mai mici<\/em>: Cerealele sau semin\u021bele clasificate corespunz\u0103tor \u00een depozit prezint\u0103 un risc redus de degradare din cauza mucegaiului, ciupercilor, bacteriilor \u0219i acarienilor. Acest lucru \u00eenseamn\u0103 mai pu\u021bin\u0103 \u00eengrijorare cu privire la deteriorarea cerealelor \u0219i cheltuieli mai mici pentru uscarea ulterioar\u0103.<\/p>\n<p>\u2022 <em>Durata de via\u021b\u0103 extins\u0103 a echipamentului<\/em>: Cerealele bine clasificate \u00eembun\u0103t\u0103\u021besc performan\u021ba \u0219i durata de via\u021b\u0103 a echipamentelor de produc\u021bie, optimiz\u00e2nd investi\u021biile.<\/p>\n<p><em>\u2022 Design durabil: Ma\u0219inile de cur\u0103\u021bat cu platform\u0103 Uniseed \u0219i Duoseed sunt construite pentru a rezista, av\u00e2nd dulapuri din o\u021bel galvanizat \u0219i bile de cauciuc speciale pentru a men\u021bine sitele curate. Vibra\u021biile minime reduc stresul de pe podea sau de pe suspensie, prelungind durata de via\u021b\u0103 a \u00eentregii dumneavoastr\u0103 instala\u021bii.<\/em><\/p>\n<p><em>\u2022 U\u0219urin\u021ba de deservire \u0219i operare: Aceste aparate de cur\u0103\u021bare cu platform\u0103 sunt proiectate pentru schimbarea f\u0103r\u0103 probleme a sitei \u0219i opera\u021biuni zilnice simple, ceea ce le face u\u0219or de \u00eenv\u0103\u021bat \u0219i de st\u0103p\u00e2nit.<\/em><\/p>\n<p>&nbsp;<\/p>\n<p>[\/vc_column_text][\/vc_column][\/vc_row]<\/p>\n<\/div>","protected":false},"excerpt":{"rendered":"<p style=\"margin: 0in; background: white;\"><span style=\"font-family: 'Arial',sans-serif; color: #545559;\">Ma\u0219inile de cur\u0103\u021bat Damas Uniseed \u0219i Duoseed sunt concepute pentru o clasificare \u0219i cur\u0103\u021bare eficient\u0103 a cerealelor \u00een ferm\u0103. Acestea ofer\u0103 performan\u021be de nivel industrial \u00eentr-un pachet compact \u0219i eficient din punct de vedere al costurilor, potrivit pentru fermele care utilizeaz\u0103 cereale pentru hrana animalelor \u0219i pentru v\u00e2nzare. Aceste ma\u0219ini sunt ideale pentru rapi\u021b\u0103, gr\u00e2u, orz \u0219i porumb.<\/span><\/p>\n","protected":false},"featured_media":21230,"comment_status":"open","ping_status":"closed","template":"","meta":{"_acf_changed":false},"product_brand":[],"product_cat":[514,523,515,516,524,553],"product_tag":[554,572,527,529],"class_list":{"0":"post-24021","1":"product","2":"type-product","3":"status-publish","4":"has-post-thumbnail","6":"product_cat-all-products-ro","7":"product_cat-feed-ro","8":"product_cat-food-2-ro","9":"product_cat-grain-ro","10":"product_cat-material-handling-ro","11":"product_cat-cleaning-machines-ro-material-handling-ro","12":"product_tag-cleaning-ro","13":"product_tag-damas-ro","14":"product_tag-dust-ro","15":"product_tag-separation-ro","16":"description-off","18":"first","19":"instock","20":"shipping-taxable","21":"product-type-simple"},"acf":[],"_links":{"self":[{"href":"https:\/\/www.tornum.com\/ro\/wp-json\/wp\/v2\/product\/24021","targetHints":{"allow":["GET"]}}],"collection":[{"href":"https:\/\/www.tornum.com\/ro\/wp-json\/wp\/v2\/product"}],"about":[{"href":"https:\/\/www.tornum.com\/ro\/wp-json\/wp\/v2\/types\/product"}],"replies":[{"embeddable":true,"href":"https:\/\/www.tornum.com\/ro\/wp-json\/wp\/v2\/comments?post=24021"}],"version-history":[{"count":3,"href":"https:\/\/www.tornum.com\/ro\/wp-json\/wp\/v2\/product\/24021\/revisions"}],"predecessor-version":[{"id":30124,"href":"https:\/\/www.tornum.com\/ro\/wp-json\/wp\/v2\/product\/24021\/revisions\/30124"}],"wp:featuredmedia":[{"embeddable":true,"href":"https:\/\/www.tornum.com\/ro\/wp-json\/wp\/v2\/media\/21230"}],"wp:attachment":[{"href":"https:\/\/www.tornum.com\/ro\/wp-json\/wp\/v2\/media?parent=24021"}],"wp:term":[{"taxonomy":"product_brand","embeddable":true,"href":"https:\/\/www.tornum.com\/ro\/wp-json\/wp\/v2\/product_brand?post=24021"},{"taxonomy":"product_cat","embeddable":true,"href":"https:\/\/www.tornum.com\/ro\/wp-json\/wp\/v2\/product_cat?post=24021"},{"taxonomy":"product_tag","embeddable":true,"href":"https:\/\/www.tornum.com\/ro\/wp-json\/wp\/v2\/product_tag?post=24021"}],"curies":[{"name":"wp","href":"https:\/\/api.w.org\/{rel}","templated":true}]}}