{"id":24031,"date":"2023-05-04T09:56:59","date_gmt":"2023-05-04T09:56:59","guid":{"rendered":"https:\/\/www.tornum.com\/product\/dual-batch-dryer-ts-and-tshr\/"},"modified":"2025-07-30T10:09:30","modified_gmt":"2025-07-30T10:09:30","slug":"uscator-dublu-in-sarja-ts-si-tshr","status":"publish","type":"product","link":"https:\/\/www.tornum.com\/ro\/produs\/uscator-dublu-in-sarja-ts-si-tshr\/","title":{"rendered":"USC\u0102TOR DUBLU \u00ceN \u0218ARJ\u0102 TS \u0218I TSHR"},"content":{"rendered":"<div class=\"wpb-content-wrapper\"><p>[vc_row gap=&#8221;35&#8243;][vc_column width=&#8221;2\/3&#8243;][vc_column_text]Cu ajutorul cutiei de distribu\u021bie a aerului de la Tornum, pute\u021bi combina dou\u0103 usc\u0103toare \u00een \u0219arj\u0103 pentru a crea un usc\u0103tor \u00een \u0219arj\u0103 dublu. Cutia de distribu\u021bie a aerului este conectat\u0103 la sursa de c\u0103ldur\u0103 \u0219i la ventilatorul de r\u0103cire. Cu acest sistem, cerealele se usuc\u0103 \u00eentr-un usc\u0103tor \u00een timp ce al doilea este r\u0103cit, golit \u0219i reumplut. Astfel, se asigur\u0103 c\u0103 sursa de c\u0103ldur\u0103 este exploatat\u0103 pe deplin \u0219i nu trebuie s\u0103 v\u0103 face\u021bi griji cu privire la momentul \u00een care usc\u0103torul este gata.<\/p>\n<p><strong>Sistemul este format din:<\/strong><br \/>\n\u2022 Dou\u0103 <a href=\"https:\/\/www.tornum.com\/ro\/product\/uscator-in-sarja-ts\/\">usc\u0103toare \u00een \u0219arj\u0103<\/a><br \/>\n\u2022 O cutie de distribu\u021bie a aerului<br \/>\n\u2022 Un ventilator pentru r\u0103cire<br \/>\n\u2022 Poate fi automatizat cu comenzile pentru usc\u0103tor<br \/>\n\u2022 Kit de \u021bevi<br \/>\n\u2022 Obturator \u0219i senzor pentru control<\/p>\n<p>Usc\u0103torul Tornum dublu poate fi echipat cu o op\u021biune de recuperare a c\u0103ldurii pentru a reduce timpul de uscare \u0219i consumul de energie. Un senzor este instalat pentru a m\u0103sura temperatura aerului umed din usc\u0103tor, care este utilizat pentru a controla procesul. Usc\u0103torul cu dou\u0103 loturi TSHR este \u00een curs de brevetare.<\/p>\n<p><strong>Cu p\u00e2n\u0103 la 12 procente mai eficient<\/strong><\/p>\n<p>Designul usc\u0103torului nostru TSHR \u00eenseamn\u0103 c\u0103 se pot folosi doar c\u00e2teva \u0219ibere pentru a controla fluxul de aer \u00eenc\u0103lzit \u00eentre cele dou\u0103 usc\u0103toare TS. Aerul cald care a trecut deja prin cereale \u00een usc\u0103torul num\u0103rul unu poate fi reciclat \u0219i transferat \u00een usc\u0103torul num\u0103rul doi, permi\u021b\u00e2nd astfel pre\u00eenc\u0103lzirea cerealelor proasp\u0103t umplute. Conceptul TSHR se instaleaz\u0103 cel mai bine pe un usc\u0103tor dublu TS existent.[\/vc_column_text][\/vc_column][vc_column width=&#8221;1\/3&#8243;][vc_column_text]<strong>OP\u021aIUNI <\/strong><br \/>\n\u2022 Sc\u0103ri \u0219i platforme<br \/>\n\u2022 Indicator de nivel<br \/>\n\u2022 Sistem de detectare a incendiilor<br \/>\n\u2022 Zon\u0103 tampon m\u0103rit\u0103<br \/>\n\u2022 Control &#8211; con\u021binut de umiditate sau temperatur\u0103<br \/>\n\u2022 Desc\u0103rcare la interval[\/vc_column_text][\/vc_column][\/vc_row]<\/p>\n<\/div>","protected":false},"excerpt":{"rendered":"<p style=\"margin: 0in; background: white;\"><span style=\"font-family: 'Arial',sans-serif; color: #545559;\">Tornum ofer\u0103 o cutie de distribu\u021bie a aerului inovatoare care permite combinarea a dou\u0103 usc\u0103toare discontinue pentru a crea un usc\u0103tor discontinuu dublu, asigur\u00e2nd utilizarea eficient\u0103 a sursei de c\u0103ldur\u0103 \u0219i cicluri continue de uscare \u0219i r\u0103cire.<\/span><\/p>\n","protected":false},"featured_media":20944,"comment_status":"open","ping_status":"closed","template":"","meta":{"_acf_changed":false},"product_brand":[],"product_cat":[514,516,517,540],"product_tag":[520,541,521,573],"class_list":{"0":"post-24031","1":"product","2":"type-product","3":"status-publish","4":"has-post-thumbnail","6":"product_cat-all-products-ro","7":"product_cat-grain-ro","8":"product_cat-conditioning-ro","9":"product_cat-grain-dryers-ro","10":"product_tag-dryer-ro","11":"product_tag-dryer-tk-ro","12":"product_tag-dryer-tkr-ro","13":"product_tag-dryer-ts-ro","14":"description-off","16":"first","17":"instock","18":"shipping-taxable","19":"product-type-simple"},"acf":[],"_links":{"self":[{"href":"https:\/\/www.tornum.com\/ro\/wp-json\/wp\/v2\/product\/24031","targetHints":{"allow":["GET"]}}],"collection":[{"href":"https:\/\/www.tornum.com\/ro\/wp-json\/wp\/v2\/product"}],"about":[{"href":"https:\/\/www.tornum.com\/ro\/wp-json\/wp\/v2\/types\/product"}],"replies":[{"embeddable":true,"href":"https:\/\/www.tornum.com\/ro\/wp-json\/wp\/v2\/comments?post=24031"}],"version-history":[{"count":2,"href":"https:\/\/www.tornum.com\/ro\/wp-json\/wp\/v2\/product\/24031\/revisions"}],"predecessor-version":[{"id":24034,"href":"https:\/\/www.tornum.com\/ro\/wp-json\/wp\/v2\/product\/24031\/revisions\/24034"}],"wp:featuredmedia":[{"embeddable":true,"href":"https:\/\/www.tornum.com\/ro\/wp-json\/wp\/v2\/media\/20944"}],"wp:attachment":[{"href":"https:\/\/www.tornum.com\/ro\/wp-json\/wp\/v2\/media?parent=24031"}],"wp:term":[{"taxonomy":"product_brand","embeddable":true,"href":"https:\/\/www.tornum.com\/ro\/wp-json\/wp\/v2\/product_brand?post=24031"},{"taxonomy":"product_cat","embeddable":true,"href":"https:\/\/www.tornum.com\/ro\/wp-json\/wp\/v2\/product_cat?post=24031"},{"taxonomy":"product_tag","embeddable":true,"href":"https:\/\/www.tornum.com\/ro\/wp-json\/wp\/v2\/product_tag?post=24031"}],"curies":[{"name":"wp","href":"https:\/\/api.w.org\/{rel}","templated":true}]}}