{"id":24032,"date":"2023-05-14T21:49:32","date_gmt":"2023-05-14T21:49:32","guid":{"rendered":"https:\/\/www.tornum.com\/product\/dust-chaff-remover\/"},"modified":"2025-07-30T10:16:48","modified_gmt":"2025-07-30T10:16:48","slug":"sistem-de-indepartare-a-prafului-si-a-plevei","status":"publish","type":"product","link":"https:\/\/www.tornum.com\/ro\/produs\/sistem-de-indepartare-a-prafului-si-a-plevei\/","title":{"rendered":"SISTEM DE \u00ceNDEP\u0102RTARE A PRAFULUI \u0218I A PLEVEI"},"content":{"rendered":"<div class=\"wpb-content-wrapper\"><p>[vc_row][vc_column width=&#8221;2\/3&#8243;][vc_column_text]DC Remover este un sistem complet pentru cur\u0103\u021barea \u0219i separarea prafului, a plevei \u0219i a paielor mai u\u0219oare. Este o unitate de cur\u0103\u021bare compact\u0103, complet integrat\u0103, cu ventilator, motor electric \u0219i ciclon, fabricat din o\u021bel galvanizat. Cur\u0103\u021barea este cea mai eficient\u0103 la un nivel de capacitate mai mic, iar rezultatele optime de cur\u0103\u021bare se ob\u021bin numai cu sistemul complet.<\/p>\n<p>Boabele care intr\u0103 sunt \u00eempr\u0103\u0219tiate pe o sit\u0103 cu fante transversale, permi\u021b\u00e2nd cur\u0103\u021barea semin\u021belor f\u0103r\u0103 riscul ca acestea s\u0103 cad\u0103 \u0219i s\u0103 se piard\u0103. Aerul este aspirat prin sit\u0103 \u0219i fluxul de boabe este aspirat \u00een mod eficient, iar praful \u0219i paiele sunt \u00eendep\u0103rtate. Fluxul de aer poate fi ajustat pentru a se adapta la diferite cereale.<\/p>\n<p>Intrarea \u0219i ie\u0219irea sunt disponibile cu o sec\u021biune transversal\u0103 p\u0103trat\u0103 de 180, 250 sau 300 mm pentru conectarea la sistemele de conducte RK250 (120-150 tone\/or\u0103, Spiro 315). Ventilatorul poate fi rotit la 360\u00b0, ceea ce \u00eenseamn\u0103 c\u0103 deschiderea de ie\u0219ire poate fi mutat\u0103 \u00een direc\u021bia dorit\u0103, f\u0103r\u0103 a fi nevoie de conducte curbate. Praful \u0219i paiele pot fi transportate aproximativ 25 de metri \u00eentr-o linie de suflare c\u0103tre ciclon.[\/vc_column_text][\/vc_column][vc_column width=&#8221;1\/3&#8243;][vc_column_text]<strong>CARACTERISTICI <\/strong><br \/>\n\u2022 Construit din o\u021bel galvanizat de 2 mm<br \/>\n\u2022 Echipat cu o plac\u0103 de difuzie pentru distribuirea uniform\u0103 a materialului<br \/>\n\u2022 Capacitate de aspirare reglabil\u0103<br \/>\n\u2022 Pozi\u021bionare reglabil\u0103 a ventilatorului la 360\u00b0<br \/>\n\u2022 \u00cen\u0103l\u021bime de instalare redus\u0103<\/p>\n<p><strong>OP\u021aIUNI <\/strong><br \/>\n\u2022 Acoperi\u0219 de protec\u021bie \u00eempotriva intemperiilor<br \/>\n\u2022 Ciclon<br \/>\n\u2022 Container pentru praf[\/vc_column_text][\/vc_column][\/vc_row]<\/p>\n<\/div>","protected":false},"excerpt":{"rendered":"<p style=\"margin: 0in; background: white;\"><span style=\"font-family: 'Arial',sans-serif; color: #545559;\">DC Remover este un sistem compact, complet integrat de cur\u0103\u021bare a cerealelor, fabricat din o\u021bel galvanizat, conceput pentru o cur\u0103\u021bare \u0219i separare eficient\u0103 a prafului, a plevei \u0219i a paielor mai u\u0219oare.<\/span><\/p>\n","protected":false},"featured_media":21272,"comment_status":"open","ping_status":"closed","template":"","meta":{"_acf_changed":false},"product_brand":[],"product_cat":[514,516,524,525],"product_tag":[554,555,527,529],"class_list":{"0":"post-24032","1":"product","2":"type-product","3":"status-publish","4":"has-post-thumbnail","6":"product_cat-all-products-ro","7":"product_cat-grain-ro","8":"product_cat-material-handling-ro","9":"product_cat-dust-separation-ro","10":"product_tag-cleaning-ro","11":"product_tag-dc-remover-ro","12":"product_tag-dust-ro","13":"product_tag-separation-ro","14":"description-off","16":"first","17":"instock","18":"shipping-taxable","19":"product-type-simple"},"acf":[],"_links":{"self":[{"href":"https:\/\/www.tornum.com\/ro\/wp-json\/wp\/v2\/product\/24032","targetHints":{"allow":["GET"]}}],"collection":[{"href":"https:\/\/www.tornum.com\/ro\/wp-json\/wp\/v2\/product"}],"about":[{"href":"https:\/\/www.tornum.com\/ro\/wp-json\/wp\/v2\/types\/product"}],"replies":[{"embeddable":true,"href":"https:\/\/www.tornum.com\/ro\/wp-json\/wp\/v2\/comments?post=24032"}],"version-history":[{"count":3,"href":"https:\/\/www.tornum.com\/ro\/wp-json\/wp\/v2\/product\/24032\/revisions"}],"predecessor-version":[{"id":29954,"href":"https:\/\/www.tornum.com\/ro\/wp-json\/wp\/v2\/product\/24032\/revisions\/29954"}],"wp:featuredmedia":[{"embeddable":true,"href":"https:\/\/www.tornum.com\/ro\/wp-json\/wp\/v2\/media\/21272"}],"wp:attachment":[{"href":"https:\/\/www.tornum.com\/ro\/wp-json\/wp\/v2\/media?parent=24032"}],"wp:term":[{"taxonomy":"product_brand","embeddable":true,"href":"https:\/\/www.tornum.com\/ro\/wp-json\/wp\/v2\/product_brand?post=24032"},{"taxonomy":"product_cat","embeddable":true,"href":"https:\/\/www.tornum.com\/ro\/wp-json\/wp\/v2\/product_cat?post=24032"},{"taxonomy":"product_tag","embeddable":true,"href":"https:\/\/www.tornum.com\/ro\/wp-json\/wp\/v2\/product_tag?post=24032"}],"curies":[{"name":"wp","href":"https:\/\/api.w.org\/{rel}","templated":true}]}}