{"id":24039,"date":"2023-05-17T12:34:31","date_gmt":"2023-05-17T12:34:31","guid":{"rendered":"https:\/\/www.tornum.com\/product\/dust-container\/"},"modified":"2025-07-30T10:23:22","modified_gmt":"2025-07-30T10:23:22","slug":"container-pentru-praf","status":"publish","type":"product","link":"https:\/\/www.tornum.com\/ro\/produs\/container-pentru-praf\/","title":{"rendered":"CONTAINER PENTRU PRAF"},"content":{"rendered":"<div class=\"wpb-content-wrapper\"><p>[vc_row][vc_column width=&#8221;2\/3&#8243;][vc_column_text]Containerul de praf TORNUM este utilizat pentru a colecta materialul de cur\u0103\u021bare de la ma\u0219ina de cur\u0103\u021bare, aspiratorul de praf, etc. Containerul este u\u0219or de mutat cu \u00eenc\u0103rc\u0103torul frontal al tractorului. O trap\u0103 mare \u00een partea din fa\u021b\u0103 permite golirea u\u0219oar\u0103 a prafului \u0219i cur\u0103\u021barea.[\/vc_column_text][\/vc_column][vc_column width=&#8221;1\/3&#8243;][vc_column_text]<strong>Suportul \u00eenc\u0103rc\u0103torului:<\/strong><\/p>\n<ul>\n<li class=\"FFpbKc\">Euro<\/li>\n<li>BM mare<\/li>\n<li>BM mic<\/li>\n<li class=\"FFpbKc\">Trim<\/li>\n<li class=\"FFpbKc\">JCB Q-fit<\/li>\n<li class=\"FFpbKc\">Zettelmeyer<\/li>\n<li>Alte suporturi la cerere<\/li>\n<\/ul>\n<p>[\/vc_column_text][\/vc_column][\/vc_row]<\/p>\n<\/div>","protected":false},"excerpt":{"rendered":"<p>Containerul pentru praf Tornum este o solu\u021bie ecologic\u0103 pentru gestionarea prafului \u0219i a de\u0219eurilor de cereale provenite de la echipamentele de cur\u0103\u021bare, av\u00e2nd emisii de praf reduse la minimum, un capac care se poate conecta rapid pentru golirea rapid\u0103 \u0219i accesorii pentru \u00eenc\u0103rc\u0103toare pentru a satisface nevoile clien\u021bilor.<\/p>\n","protected":false},"featured_media":21348,"comment_status":"open","ping_status":"closed","template":"","meta":{"_acf_changed":false},"product_brand":[],"product_cat":[514,524,525],"product_tag":[554,527,529,560],"class_list":{"0":"post-24039","1":"product","2":"type-product","3":"status-publish","4":"has-post-thumbnail","6":"product_cat-all-products-ro","7":"product_cat-material-handling-ro","8":"product_cat-dust-separation-ro","9":"product_tag-cleaning-ro","10":"product_tag-dust-ro","11":"product_tag-separation-ro","12":"product_tag-storage-ro","13":"description-off","15":"first","16":"instock","17":"shipping-taxable","18":"product-type-simple"},"acf":[],"_links":{"self":[{"href":"https:\/\/www.tornum.com\/ro\/wp-json\/wp\/v2\/product\/24039","targetHints":{"allow":["GET"]}}],"collection":[{"href":"https:\/\/www.tornum.com\/ro\/wp-json\/wp\/v2\/product"}],"about":[{"href":"https:\/\/www.tornum.com\/ro\/wp-json\/wp\/v2\/types\/product"}],"replies":[{"embeddable":true,"href":"https:\/\/www.tornum.com\/ro\/wp-json\/wp\/v2\/comments?post=24039"}],"version-history":[{"count":2,"href":"https:\/\/www.tornum.com\/ro\/wp-json\/wp\/v2\/product\/24039\/revisions"}],"predecessor-version":[{"id":24043,"href":"https:\/\/www.tornum.com\/ro\/wp-json\/wp\/v2\/product\/24039\/revisions\/24043"}],"wp:featuredmedia":[{"embeddable":true,"href":"https:\/\/www.tornum.com\/ro\/wp-json\/wp\/v2\/media\/21348"}],"wp:attachment":[{"href":"https:\/\/www.tornum.com\/ro\/wp-json\/wp\/v2\/media?parent=24039"}],"wp:term":[{"taxonomy":"product_brand","embeddable":true,"href":"https:\/\/www.tornum.com\/ro\/wp-json\/wp\/v2\/product_brand?post=24039"},{"taxonomy":"product_cat","embeddable":true,"href":"https:\/\/www.tornum.com\/ro\/wp-json\/wp\/v2\/product_cat?post=24039"},{"taxonomy":"product_tag","embeddable":true,"href":"https:\/\/www.tornum.com\/ro\/wp-json\/wp\/v2\/product_tag?post=24039"}],"curies":[{"name":"wp","href":"https:\/\/api.w.org\/{rel}","templated":true}]}}