{"id":24040,"date":"2023-05-04T12:43:42","date_gmt":"2023-05-04T12:43:42","guid":{"rendered":"https:\/\/www.tornum.com\/product\/feed-bin-ft\/"},"modified":"2025-07-30T10:36:26","modified_gmt":"2025-07-30T10:36:26","slug":"buncarul-de-furaje-ft","status":"publish","type":"product","link":"https:\/\/www.tornum.com\/ro\/produs\/buncarul-de-furaje-ft\/","title":{"rendered":"BUNC\u0102RUL DE FURAJE FT"},"content":{"rendered":"<div class=\"wpb-content-wrapper\"><p>[vc_row gap=&#8221;35&#8243;][vc_column width=&#8221;2\/3&#8243;][vc_column_text]Un bunc\u0103r pentru furaje pentru depozitarea cerealelor, a concentratelor \u0219i a furajelor zdrobite sau m\u0103cinate.<br \/>\nCu ajutorul bunc\u0103rului pentru furaje FT de la Tornum, pute\u021bi amesteca furajele comerciale cu propriile ingrediente de la ferm\u0103. Acesta este construit pe patru picioare p\u0103trate. Sec\u021biunile pot fi ad\u0103ugate pentru a ajunge la volumul dorit, p\u00e2n\u0103 la 6 sec\u021biuni pe bunc\u0103r.[\/vc_column_text][\/vc_column][vc_column width=&#8221;1\/3&#8243;][vc_column_text]<strong>CARACTERISTICI<br \/>\n<\/strong>\u2022 Bunc\u0103rul \u0219i sec\u021biunile sunt fabricate din o\u021bel galvanizat la cald<br \/>\n\u2022 Toate sec\u021biunile montate pe bunc\u0103r au o \u00een\u0103l\u021bime vertical\u0103 de 505 mm, \u00een conformitate cu sistemul modular Tornum<br \/>\n\u2022 Toate p\u0103r\u021bile constitutive sunt \u00een\u0219urubabile pentru o asamblare \u0219i instalare u\u0219oar\u0103<br \/>\n\u2022 Ie\u0219ire de 300 x 300 mm<br \/>\n\u2022 Unghi de repaus de 60\u00b0<br \/>\n\u2022 Poate fi construit folosind de la 1 la 6 sec\u021biuni<br \/>\n\u2022 Disponibil \u00een 6 dimensiuni de la 1 x 1 metri p\u00e2n\u0103 la 3 x 3 metri<\/p>\n<p><strong>OP\u021aIUNI <\/strong><br \/>\n\u2022 U\u0219\u0103 de inspec\u021bie cu gril\u0103 de siguran\u021b\u0103, montat\u0103 pe podea<br \/>\n\u2022 Obturator<br \/>\n\u2022 Conduct\u0103 de umplere<br \/>\n\u2022 Ciclon[\/vc_column_text][\/vc_column][\/vc_row]<\/p>\n<\/div>","protected":false},"excerpt":{"rendered":"<p style=\"margin: 0in; background: white;\"><span style=\"font-family: 'Arial',sans-serif; color: #545559;\">Bunc\u0103rul de furaje FT de la Tornum este proiectat pentru depozitarea cerealelor, a concentratelor \u0219i a furajelor zdrobite sau m\u0103cinate, av\u00e2nd un design modular care permite p\u00e2n\u0103 la 6 sec\u021biuni pentru un volum personalizabil.<\/span><\/p>\n","protected":false},"featured_media":21366,"comment_status":"open","ping_status":"closed","template":"","meta":{"_acf_changed":false},"product_brand":[],"product_cat":[514,523,515,557,574],"product_tag":[544,562,563,560],"class_list":{"0":"post-24040","1":"product","2":"type-product","3":"status-publish","4":"has-post-thumbnail","6":"product_cat-all-products-ro","7":"product_cat-feed-ro","8":"product_cat-food-2-ro","9":"product_cat-storage-ro","10":"product_cat-feed-bin-ro","11":"product_tag-bin-ro","12":"product_tag-building-ro","13":"product_tag-silo-ro","14":"product_tag-storage-ro","15":"description-off","17":"first","18":"instock","19":"shipping-taxable","20":"product-type-simple"},"acf":[],"_links":{"self":[{"href":"https:\/\/www.tornum.com\/ro\/wp-json\/wp\/v2\/product\/24040","targetHints":{"allow":["GET"]}}],"collection":[{"href":"https:\/\/www.tornum.com\/ro\/wp-json\/wp\/v2\/product"}],"about":[{"href":"https:\/\/www.tornum.com\/ro\/wp-json\/wp\/v2\/types\/product"}],"replies":[{"embeddable":true,"href":"https:\/\/www.tornum.com\/ro\/wp-json\/wp\/v2\/comments?post=24040"}],"version-history":[{"count":2,"href":"https:\/\/www.tornum.com\/ro\/wp-json\/wp\/v2\/product\/24040\/revisions"}],"predecessor-version":[{"id":24045,"href":"https:\/\/www.tornum.com\/ro\/wp-json\/wp\/v2\/product\/24040\/revisions\/24045"}],"wp:featuredmedia":[{"embeddable":true,"href":"https:\/\/www.tornum.com\/ro\/wp-json\/wp\/v2\/media\/21366"}],"wp:attachment":[{"href":"https:\/\/www.tornum.com\/ro\/wp-json\/wp\/v2\/media?parent=24040"}],"wp:term":[{"taxonomy":"product_brand","embeddable":true,"href":"https:\/\/www.tornum.com\/ro\/wp-json\/wp\/v2\/product_brand?post=24040"},{"taxonomy":"product_cat","embeddable":true,"href":"https:\/\/www.tornum.com\/ro\/wp-json\/wp\/v2\/product_cat?post=24040"},{"taxonomy":"product_tag","embeddable":true,"href":"https:\/\/www.tornum.com\/ro\/wp-json\/wp\/v2\/product_tag?post=24040"}],"curies":[{"name":"wp","href":"https:\/\/api.w.org\/{rel}","templated":true}]}}