{"id":24046,"date":"2023-03-23T18:48:14","date_gmt":"2023-03-23T18:48:14","guid":{"rendered":"https:\/\/www.tornum.com\/product\/grain-cooler\/"},"modified":"2026-04-16T09:37:19","modified_gmt":"2026-04-16T09:37:19","slug":"racitor-de-cereale","status":"publish","type":"product","link":"https:\/\/www.tornum.com\/ro\/produs\/racitor-de-cereale\/","title":{"rendered":"R\u0102CITOR DE CEREALE"},"content":{"rendered":"<div class=\"wpb-content-wrapper\"><p>[vc_row gap=&#8221;35&#8243;][vc_column width=&#8221;2\/3&#8243;][vc_column_text css=&#8221;&#8221;]<\/p>\n<p data-start=\"0\" data-end=\"260\"><strong data-start=\"0\" data-end=\"42\">Solu\u021bii flexibile pentru toate nevoile<\/strong><br data-start=\"42\" data-end=\"45\" \/>R\u0103citoarele de cereale Tornum sunt disponibile \u00eentr-o gam\u0103 variat\u0103 de dimensiuni \u2013 de la instala\u021bii pentru ferme p\u00e2n\u0103 la sisteme industriale mai mari. Echipamentele sunt concepute pentru instalare \u0219i transport u\u0219or.<\/p>\n<p data-start=\"262\" data-end=\"416\"><strong data-start=\"262\" data-end=\"285\">Construc\u021bie fiabil\u0103<\/strong><br data-start=\"285\" data-end=\"288\" \/>Pentru o func\u021bionare fiabil\u0103 \u0219i pe termen lung, sistemul este construit pe o tehnologie robust\u0103, de \u00eenalt\u0103 calitate \u0219i durabil\u0103:<\/p>\n<ul>\n<li data-start=\"418\" data-end=\"697\">Dezghe\u021bare automat\u0103 cu gaz fierbinte (\u00een cazul func\u021bion\u0103rii cu compresor)<\/li>\n<li data-start=\"418\" data-end=\"697\">Tehnologie de compresor robust\u0103 \u0219i fiabil\u0103<\/li>\n<li data-start=\"418\" data-end=\"697\">Agent frigorific ecologic (R1234ze) cu valoare GWP foarte redus\u0103<\/li>\n<li data-start=\"418\" data-end=\"697\">Componente de \u00eenalt\u0103 calitate pentru durat\u0103 maxim\u0103 de via\u021b\u0103 \u0219i \u00eentre\u021binere minim\u0103<\/li>\n<\/ul>\n<p data-start=\"699\" data-end=\"921\">Valoarea redus\u0103 a GWP \u00eenseamn\u0103 un impact climatic semnificativ mai mic comparativ cu agen\u021bii frigorifici tradi\u021bionali, f\u0103c\u00e2nd sistemul o alegere preg\u0103tit\u0103 pentru viitor at\u00e2t din punct de vedere ecologic, c\u00e2t \u0219i legislativ.<\/p>\n<p data-start=\"923\" data-end=\"1052\">Construc\u021bia este dezvoltat\u0103 pentru a asigura performan\u021b\u0103 stabil\u0103 pe termen lung \u0219i depozitare sigur\u0103 \u0219i sustenabil\u0103 a cerealelor.<\/p>\n<p data-start=\"1059\" data-end=\"1153\"><strong data-start=\"1059\" data-end=\"1090\">Tratarea avansat\u0103 a aerului<\/strong><br data-start=\"1090\" data-end=\"1093\" \/>Aerul utilizat \u00een procesul de r\u0103cire este tratat cu aten\u021bie:<\/p>\n<ul>\n<li data-start=\"1155\" data-end=\"1476\">Ventilatoare radiale puternice (centrifugale) pentru un flux de aer uniform<\/li>\n<li data-start=\"1155\" data-end=\"1476\">\u00cen unele modele, ventilatoare de \u00eenalt\u0103 presiune op\u021bionale<\/li>\n<li data-start=\"1155\" data-end=\"1476\">Schimb\u0103tor de c\u0103ldur\u0103 cu tuburi din cupru \u0219i aripioare din aluminiu<\/li>\n<li data-start=\"1155\" data-end=\"1476\">Dezumidificare integrat\u0103 prin condensare<\/li>\n<li data-start=\"1155\" data-end=\"1476\">Filtre lavabile, care \u00een mod normal nu necesit\u0103 \u00eenlocuire<\/li>\n<\/ul>\n<p data-start=\"1478\" data-end=\"1576\">Aerul r\u0103cit este distribuit prin masa de cereale din siloz sau depozit printr-un sistem de canale.<\/p>\n<p data-start=\"1583\" data-end=\"1677\"><strong data-start=\"1583\" data-end=\"1619\">Control \u0219i monitorizare complet\u0103<\/strong><br data-start=\"1619\" data-end=\"1622\" \/>Sistemul este echipat cu tehnologie modern\u0103 de control:<\/p>\n<ul>\n<li data-start=\"1679\" data-end=\"1925\">Control PLC (Siemens \u00een modelele CHARLY, Allen-Bradley \u00een modelele TURBOGRAIN)<\/li>\n<li data-start=\"1679\" data-end=\"1925\">Interfa\u021b\u0103 cu ecran tactil u\u0219or de utilizat<\/li>\n<li data-start=\"1679\" data-end=\"1925\">Ventilatoare controlate prin invertor de frecven\u021b\u0103<\/li>\n<li data-start=\"1679\" data-end=\"1925\">Op\u021biune de control de la distan\u021b\u0103 prin Ethernet sau Wi-Fi<\/li>\n<\/ul>\n<p data-start=\"1927\" data-end=\"1986\">Datele de func\u021bionare sunt \u00eenregistrate continuu, inclusiv:<\/p>\n<ul>\n<li data-start=\"1988\" data-end=\"2090\">Temperatur\u0103 \u0219i umiditate<\/li>\n<li data-start=\"1988\" data-end=\"2090\">Presiunea sistemului<\/li>\n<li data-start=\"1988\" data-end=\"2090\">Timp de func\u021bionare \u0219i cicluri de dezghe\u021bare<\/li>\n<\/ul>\n<p data-start=\"2097\" data-end=\"2352\"><strong data-start=\"2097\" data-end=\"2143\">Bazat pe experien\u021b\u0103 \u0219i tehnologie dovedit\u0103<\/strong><br data-start=\"2143\" data-end=\"2146\" \/>Tornum are o experien\u021b\u0103 vast\u0103 \u00een solu\u021bii pentru manipularea \u0219i depozitarea cerealelor. Combin\u00e2nd expertiza tehnic\u0103 cu \u00een\u021belegerea practic\u0103 a nevoilor agriculturii, sunt livrate sisteme fiabile \u0219i eficiente.<\/p>\n<p data-start=\"2354\" data-end=\"2514\">Rezultatul este o solu\u021bie conceput\u0103 pentru a func\u021biona \u00een condi\u021bii reale de depozitare, cu accent pe fiabilitate, eficien\u021b\u0103 energetic\u0103 \u0219i u\u0219urin\u021b\u0103 \u00een utilizare.<\/p>\n<p data-start=\"2521\" data-end=\"2703\"><strong data-start=\"2521\" data-end=\"2564\">Func\u021bionare inteligent\u0103 \u0219i automatizat\u0103<\/strong><br data-start=\"2564\" data-end=\"2567\" \/>R\u0103citorul de cereale Tornum monitorizeaz\u0103 \u0219i controleaz\u0103 procesul de r\u0103cire folosind un sistem avansat de senzori care m\u0103soar\u0103 continuu:<\/p>\n<ul>\n<li data-start=\"2705\" data-end=\"2872\">Temperatura \u0219i umiditatea aerului exterior<\/li>\n<li data-start=\"2705\" data-end=\"2872\">Temperatura aerului tratat<\/li>\n<li data-start=\"2705\" data-end=\"2872\">Presiunea \u0219i temperatura \u00een sistemul de r\u0103cire<\/li>\n<li data-start=\"2705\" data-end=\"2872\">Fluxul de aer \u00een siloz sau depozit<\/li>\n<\/ul>\n<p data-start=\"2874\" data-end=\"3001\">Sistemul ajusteaz\u0103 automat func\u021bionarea \u0219i r\u0103ce\u0219te treptat cerealele, asigur\u00e2nd o reducere uniform\u0103 \u0219i delicat\u0103 a temperaturii.<\/p>\n<p data-start=\"3008\" data-end=\"3106\"><strong data-start=\"3008\" data-end=\"3042\">Tehnologie eficient\u0103 energetic<\/strong><br data-start=\"3042\" data-end=\"3045\" \/>Sistemul este conceput pentru a minimiza consumul de energie:<\/p>\n<ul>\n<li data-start=\"3108\" data-end=\"3378\">Free Cooling: utilizarea condi\u021biilor exterioare reci f\u0103r\u0103 func\u021bionarea compresorului<\/li>\n<li data-start=\"3108\" data-end=\"3378\">Func\u021bie de economisire a energiei: compresorul se opre\u0219te automat c\u00e2nd condi\u021biile permit<\/li>\n<li data-start=\"3108\" data-end=\"3378\">Mod de ventila\u021bie: sistem inteligent de ventila\u021bie bazat pe temperatur\u0103 \u0219i umiditate<\/li>\n<\/ul>\n<p data-start=\"3385\" data-end=\"3645\" data-is-last-node=\"\" data-is-only-node=\"\"><strong data-start=\"3385\" data-end=\"3427\">Solu\u021bii flexibile pentru toate nevoile<\/strong><br data-start=\"3427\" data-end=\"3430\" \/>R\u0103citoarele de cereale Tornum sunt disponibile \u00eentr-o gam\u0103 variat\u0103 de dimensiuni \u2013 de la instala\u021bii pentru ferme p\u00e2n\u0103 la sisteme industriale mai mari. Echipamentele sunt concepute pentru instalare \u0219i transport u\u0219or.<\/p>\n<p>[\/vc_column_text][\/vc_column][vc_column width=&#8221;1\/3&#8243;][vc_column_text css=&#8221;&#8221;]<\/p>\n<p data-start=\"0\" data-end=\"317\"><strong data-start=\"0\" data-end=\"56\">Func\u021bionare adaptat\u0103 condi\u021biilor climatice variabile<\/strong><br data-start=\"56\" data-end=\"59\" \/>Sistemul este conceput pentru a func\u021biona eficient \u00een condi\u021bii climatice variabile. La temperaturi exterioare mai sc\u0103zute func\u021bioneaz\u0103 f\u0103r\u0103 compresor, utiliz\u00e2nd aerul ambiental pentru r\u0103cire \u00een combina\u021bie cu ventilatoare (\u0219i op\u021bional cu \u00eenc\u0103lzitor electric).<\/p>\n<p data-start=\"319\" data-end=\"367\"><strong data-start=\"319\" data-end=\"367\">De ce s\u0103 alege\u021bi r\u0103citorul de cereale Tornum<\/strong><\/p>\n<ul>\n<li data-start=\"369\" data-end=\"656\">Reduce necesitatea utiliz\u0103rii insecticidelor chimice<\/li>\n<li data-start=\"369\" data-end=\"656\">P\u0103streaz\u0103 calitatea cerealelor \u0219i prelunge\u0219te durata de depozitare<\/li>\n<li data-start=\"369\" data-end=\"656\">\u00cen condi\u021bii adecvate poate contribui la reducerea con\u021binutului de umiditate<\/li>\n<li data-start=\"369\" data-end=\"656\">Consum redus de energie<\/li>\n<li data-start=\"369\" data-end=\"656\">Instalare simpl\u0103<\/li>\n<li data-start=\"369\" data-end=\"656\">Func\u021bionare complet automat\u0103<\/li>\n<\/ul>\n<p>[\/vc_column_text][\/vc_column][\/vc_row]<\/p>\n<\/div>","protected":false},"excerpt":{"rendered":"<p>R\u0103citorul de cereale Tornum realizeaz\u0103 ceea ce natura nu poate oferi \u00eentotdeauna \u2013 o temperatur\u0103 de depozitare sigur\u0103, indiferent de condi\u021biile ambientale.<\/p>\n<p>Tornum are o experien\u021b\u0103 \u00eendelungat\u0103 \u00een lucrul cu r\u0103citoarele de cereale \u0219i cu calitatea cerealelor. Oferim o gam\u0103 larg\u0103 de solu\u021bii de r\u0103cire adaptate nevoilor dumneavoastr\u0103. Toate echipamentele de r\u0103cire sunt mobile, astfel \u00eenc\u00e2t pot fi mutate cu u\u0219urin\u021b\u0103 \u00eentre diferite silozuri. Contacta\u021bi biroul local Tornum \u0219i v\u0103 putem oferi mai multe informa\u021bii.<\/p>\n","protected":false},"featured_media":21613,"comment_status":"open","ping_status":"closed","template":"","meta":{"_acf_changed":false},"product_brand":[],"product_cat":[514,516,517,575],"product_tag":[526,531,576,577],"class_list":{"0":"post-24046","1":"product","2":"type-product","3":"status-publish","4":"has-post-thumbnail","6":"product_cat-all-products-ro","7":"product_cat-grain-ro","8":"product_cat-conditioning-ro","9":"product_cat-grain-cooler-ro","10":"product_tag-conditioning-ro","11":"product_tag-conditioning-laterals-ro","12":"product_tag-cooling-ro","13":"product_tag-cooling-machine-ro","14":"pa_products-type-all-products-ro","15":"pa_products-type-grain-ro","17":"first","18":"instock","19":"shipping-taxable","20":"product-type-simple"},"acf":[],"_links":{"self":[{"href":"https:\/\/www.tornum.com\/ro\/wp-json\/wp\/v2\/product\/24046","targetHints":{"allow":["GET"]}}],"collection":[{"href":"https:\/\/www.tornum.com\/ro\/wp-json\/wp\/v2\/product"}],"about":[{"href":"https:\/\/www.tornum.com\/ro\/wp-json\/wp\/v2\/types\/product"}],"replies":[{"embeddable":true,"href":"https:\/\/www.tornum.com\/ro\/wp-json\/wp\/v2\/comments?post=24046"}],"version-history":[{"count":6,"href":"https:\/\/www.tornum.com\/ro\/wp-json\/wp\/v2\/product\/24046\/revisions"}],"predecessor-version":[{"id":53990,"href":"https:\/\/www.tornum.com\/ro\/wp-json\/wp\/v2\/product\/24046\/revisions\/53990"}],"wp:featuredmedia":[{"embeddable":true,"href":"https:\/\/www.tornum.com\/ro\/wp-json\/wp\/v2\/media\/21613"}],"wp:attachment":[{"href":"https:\/\/www.tornum.com\/ro\/wp-json\/wp\/v2\/media?parent=24046"}],"wp:term":[{"taxonomy":"product_brand","embeddable":true,"href":"https:\/\/www.tornum.com\/ro\/wp-json\/wp\/v2\/product_brand?post=24046"},{"taxonomy":"product_cat","embeddable":true,"href":"https:\/\/www.tornum.com\/ro\/wp-json\/wp\/v2\/product_cat?post=24046"},{"taxonomy":"product_tag","embeddable":true,"href":"https:\/\/www.tornum.com\/ro\/wp-json\/wp\/v2\/product_tag?post=24046"}],"curies":[{"name":"wp","href":"https:\/\/api.w.org\/{rel}","templated":true}]}}