{"id":24051,"date":"2023-05-04T09:45:07","date_gmt":"2023-05-04T09:45:07","guid":{"rendered":"https:\/\/www.tornum.com\/product\/grain-dryer-te\/"},"modified":"2025-07-11T09:27:07","modified_gmt":"2025-07-11T09:27:07","slug":"uscator-de-cereale-te","status":"publish","type":"product","link":"https:\/\/www.tornum.com\/ro\/produs\/uscator-de-cereale-te\/","title":{"rendered":"USC\u0102TOR DE CEREALE TE"},"content":{"rendered":"<div class=\"wpb-content-wrapper\"><p>[vc_row][vc_column width=&#8221;2\/3&#8243;][vc_column_text]Usc\u0103torul de cereale \u00een \u0219arj\u0103 TE de la Tornum este un usc\u0103tor de cereale cu aer cald versatil \u0219i rentabil, conceput pentru diverse nevoi. Acesta dispune de o sec\u021biune inferioar\u0103 cu autodesc\u0103rcare care func\u021bioneaz\u0103 ca zon\u0103 de uscare, completat\u0103 cu \u0219icane de uscare \u0219i un obturator de ie\u0219ire pentru o uscare eficient\u0103. Toate usc\u0103toarele noastre de cereale sunt construite folosind o\u021bel galvanizat la cald.[\/vc_column_text][\/vc_column][vc_column width=&#8221;1\/3&#8243;][vc_column_text]<strong>INCLUSE <\/strong><br \/>\n\u2022 Conduct\u0103 de aer cald<br \/>\n\u2022 Zon\u0103 tampon<\/p>\n<p><strong>OP\u021aIUNI <\/strong><br \/>\n\u2022 Sc\u0103ri \u0219i platforme<br \/>\n\u2022 Vizor &#8211; simplific\u0103 inspec\u021bia din exterior<br \/>\n\u2022 Zon\u0103 tampon m\u0103rit\u0103<br \/>\n\u2022 Control &#8211; timp, greutate sau temperatur\u0103<br \/>\n\u2022 Conduct\u0103 de aer umed<br \/>\n\u2022 Indicator de nivel<br \/>\n\u2022 Sistem de detectare a incendiilor[\/vc_column_text][\/vc_column][\/vc_row]<\/p>\n<\/div>","protected":false},"excerpt":{"rendered":"<p style=\"margin: 0in; background: white;\"><span style=\"font-family: 'Arial',sans-serif; color: #545559;\">Usc\u0103torul de cereale \u00een \u0219arj\u0103 TE de la Tornum este un usc\u0103tor de cereale cu aer cald versatil \u0219i rentabil, conceput pentru diverse nevoi. Acesta dispune de o sec\u021biune inferioar\u0103 cu autodesc\u0103rcare care func\u021bioneaz\u0103 ca zon\u0103 de uscare, completat\u0103 cu \u0219icane de uscare \u0219i un obturator de ie\u0219ire pentru o uscare eficient\u0103. Toate usc\u0103toarele noastre de cereale sunt construite folosind o\u021bel galvanizat la cald.<\/span><\/p>\n","protected":false},"featured_media":21568,"comment_status":"open","ping_status":"closed","template":"","meta":{"_acf_changed":false},"product_brand":[],"product_cat":[514,515,516,517,540],"product_tag":[519,520,573,546],"class_list":{"0":"post-24051","1":"product","2":"type-product","3":"status-publish","4":"has-post-thumbnail","6":"product_cat-all-products-ro","7":"product_cat-food-2-ro","8":"product_cat-grain-ro","9":"product_cat-conditioning-ro","10":"product_cat-grain-dryers-ro","11":"product_tag-burner-ro","12":"product_tag-dryer-ro","13":"product_tag-dryer-ts-ro","14":"product_tag-transport-ro","15":"description-off","17":"first","18":"instock","19":"shipping-taxable","20":"product-type-simple"},"acf":[],"_links":{"self":[{"href":"https:\/\/www.tornum.com\/ro\/wp-json\/wp\/v2\/product\/24051","targetHints":{"allow":["GET"]}}],"collection":[{"href":"https:\/\/www.tornum.com\/ro\/wp-json\/wp\/v2\/product"}],"about":[{"href":"https:\/\/www.tornum.com\/ro\/wp-json\/wp\/v2\/types\/product"}],"replies":[{"embeddable":true,"href":"https:\/\/www.tornum.com\/ro\/wp-json\/wp\/v2\/comments?post=24051"}],"version-history":[{"count":2,"href":"https:\/\/www.tornum.com\/ro\/wp-json\/wp\/v2\/product\/24051\/revisions"}],"predecessor-version":[{"id":24056,"href":"https:\/\/www.tornum.com\/ro\/wp-json\/wp\/v2\/product\/24051\/revisions\/24056"}],"wp:featuredmedia":[{"embeddable":true,"href":"https:\/\/www.tornum.com\/ro\/wp-json\/wp\/v2\/media\/21568"}],"wp:attachment":[{"href":"https:\/\/www.tornum.com\/ro\/wp-json\/wp\/v2\/media?parent=24051"}],"wp:term":[{"taxonomy":"product_brand","embeddable":true,"href":"https:\/\/www.tornum.com\/ro\/wp-json\/wp\/v2\/product_brand?post=24051"},{"taxonomy":"product_cat","embeddable":true,"href":"https:\/\/www.tornum.com\/ro\/wp-json\/wp\/v2\/product_cat?post=24051"},{"taxonomy":"product_tag","embeddable":true,"href":"https:\/\/www.tornum.com\/ro\/wp-json\/wp\/v2\/product_tag?post=24051"}],"curies":[{"name":"wp","href":"https:\/\/api.w.org\/{rel}","templated":true}]}}