{"id":24054,"date":"2023-05-04T11:13:10","date_gmt":"2023-05-04T11:13:10","guid":{"rendered":"https:\/\/www.tornum.com\/product\/grain-storage-silos\/"},"modified":"2025-07-30T11:12:29","modified_gmt":"2025-07-30T11:12:29","slug":"silozuri-de-depozitare-a-cerealelor","status":"publish","type":"product","link":"https:\/\/www.tornum.com\/ro\/produs\/silozuri-de-depozitare-a-cerealelor\/","title":{"rendered":"SILOZURI DE DEPOZITARE A CEREALELOR"},"content":{"rendered":"<div class=\"wpb-content-wrapper\"><p>[vc_row][vc_column width=&#8221;2\/3&#8243;][vc_column_text]Silozurile de depozitare Tornum sunt concepute pentru depozitarea final\u0103 a tuturor cerealelor cu curgere liber\u0103. Segmentele de acoperi\u0219, fabricate din o\u021bel de \u00eenalt\u0103 rezisten\u021b\u0103, sunt nervurate \u0219i formeaz\u0103 un sistem modular de acoperi\u0219 extrem de rezistent. Pl\u0103cile galvanizate ale pere\u021bilor laterali sunt de 0,8-3,5 mm, p\u00e2n\u0103 la 600 g\/m\u00b2. Silozurile noastre de depozitare sunt proiectate \u00een conformitate cu standardele Eurocode sau ASAE\/ANSI \u0219i pot fi furnizate cu \u00eembun\u0103t\u0103\u021biri specifice pentru rezisten\u021b\u0103 seismic\u0103, sarcin\u0103 de z\u0103pad\u0103 sau v\u00e2nt, \u00een func\u021bie de cerin\u021be.<\/p>\n<p>Poate fi oferit\u0103 o gam\u0103 complet\u0103 de accesorii, inclusiv u\u0219i laterale, pasarele, platforme, turnuri de sprijin, sisteme de aerare \u0219i de detectare a temperaturii, precum \u0219i echipamente de manipulare mecanic\u0103.[\/vc_column_text][\/vc_column][vc_column width=&#8221;1\/3&#8243;][\/vc_column][\/vc_row]<\/p>\n<\/div>","protected":false},"excerpt":{"rendered":"<p>Silozurile de depozitare Tornum sunt concepute pentru depozitarea final\u0103 a tuturor cerealelor cu curgere liber\u0103. Segmentele de acoperi\u0219, fabricate din o\u021bel de \u00eenalt\u0103 rezisten\u021b\u0103, sunt nervurate \u0219i formeaz\u0103 un sistem modular de acoperi\u0219 extrem de rezistent.<\/p>\n","protected":false},"featured_media":22158,"comment_status":"open","ping_status":"closed","template":"","meta":{"_acf_changed":false},"product_brand":[],"product_cat":[514,516,557,578],"product_tag":[544,535,563,560],"class_list":{"0":"post-24054","1":"product","2":"type-product","3":"status-publish","4":"has-post-thumbnail","6":"product_cat-all-products-ro","7":"product_cat-grain-ro","8":"product_cat-storage-ro","9":"product_cat-grain-storage-silos-ro","10":"product_tag-bin-ro","11":"product_tag-monitoring-ro","12":"product_tag-silo-ro","13":"product_tag-storage-ro","14":"description-off","16":"first","17":"instock","18":"shipping-taxable","19":"product-type-simple"},"acf":[],"_links":{"self":[{"href":"https:\/\/www.tornum.com\/ro\/wp-json\/wp\/v2\/product\/24054","targetHints":{"allow":["GET"]}}],"collection":[{"href":"https:\/\/www.tornum.com\/ro\/wp-json\/wp\/v2\/product"}],"about":[{"href":"https:\/\/www.tornum.com\/ro\/wp-json\/wp\/v2\/types\/product"}],"replies":[{"embeddable":true,"href":"https:\/\/www.tornum.com\/ro\/wp-json\/wp\/v2\/comments?post=24054"}],"version-history":[{"count":2,"href":"https:\/\/www.tornum.com\/ro\/wp-json\/wp\/v2\/product\/24054\/revisions"}],"predecessor-version":[{"id":24058,"href":"https:\/\/www.tornum.com\/ro\/wp-json\/wp\/v2\/product\/24054\/revisions\/24058"}],"wp:featuredmedia":[{"embeddable":true,"href":"https:\/\/www.tornum.com\/ro\/wp-json\/wp\/v2\/media\/22158"}],"wp:attachment":[{"href":"https:\/\/www.tornum.com\/ro\/wp-json\/wp\/v2\/media?parent=24054"}],"wp:term":[{"taxonomy":"product_brand","embeddable":true,"href":"https:\/\/www.tornum.com\/ro\/wp-json\/wp\/v2\/product_brand?post=24054"},{"taxonomy":"product_cat","embeddable":true,"href":"https:\/\/www.tornum.com\/ro\/wp-json\/wp\/v2\/product_cat?post=24054"},{"taxonomy":"product_tag","embeddable":true,"href":"https:\/\/www.tornum.com\/ro\/wp-json\/wp\/v2\/product_tag?post=24054"}],"curies":[{"name":"wp","href":"https:\/\/api.w.org\/{rel}","templated":true}]}}