{"id":24063,"date":"2023-05-14T19:58:48","date_gmt":"2023-05-14T19:58:48","guid":{"rendered":"https:\/\/www.tornum.com\/product\/h-line-elevators\/"},"modified":"2025-07-31T09:46:38","modified_gmt":"2025-07-31T09:46:38","slug":"linia-h-de-elevatoare","status":"publish","type":"product","link":"https:\/\/www.tornum.com\/ro\/produs\/linia-h-de-elevatoare\/","title":{"rendered":"LINIA H DE ELEVATOARE"},"content":{"rendered":"<p>Aceast\u0103 gam\u0103 de echipamente dedicate aplica\u021biilor industriale \u0219i comerciale care necesit\u0103 o utilizare zilnic\u0103 \u0219i continu\u0103 este disponibil\u0103 pentru capacit\u0103\u021bi de transport a gr\u00e2ului cuprinse \u00eentre 60 \u0219i 600 tone\/or\u0103. \u00centreaga gam\u0103 de echipamente include echipamente verticale, orizontale, curbe \u0219i \u00eenclinate, proiectate pentru o pozi\u021bie adecvat\u0103 \u00een cadrul fluxului de cereale. Exist\u0103 o gam\u0103 complet\u0103 de accesorii care include \u0219ibere electrice \u0219i pneumatice, senzori de siguran\u021b\u0103, senzori de monitorizare a vitezei, benzi de rezisten\u021b\u0103 speciale pentru produse din ulei \u0219i multe altele. Echipamentul de transport poate fi personalizat pentru a corespunde diferitelor cerin\u021be ale clien\u021bilor \u00een ceea ce prive\u0219te vitezele lan\u021bului \u0219i ale curelei.<\/p>\n","protected":false},"excerpt":{"rendered":"<div class=\"elementor-element elementor-element-2952415 elementor-widget elementor-widget-woocommerce-product-short-description\" data-id=\"2952415\" data-element_type=\"widget\" data-widget_type=\"woocommerce-product-short-description.default\">\n<div class=\"elementor-widget-container\">\n<div class=\"woocommerce-product-details__short-description\">\n<p>H-line este gama de produse pentru utilizare zilnica, continua in tot timpul anului. Linia H este dezvoltata pentru a satisface nevoile stringente ale industriei agricole.<\/p>\n<p>Capacitate: 60-600 tone\/or\u0103<\/p>\n<\/div>\n<\/div>\n<\/div>\n","protected":false},"featured_media":22011,"comment_status":"open","ping_status":"closed","template":"","meta":{"_acf_changed":false},"product_brand":[],"product_cat":[514,523,515,516,524,580],"product_tag":[545,555,551,546],"class_list":{"0":"post-24063","1":"product","2":"type-product","3":"status-publish","4":"has-post-thumbnail","6":"product_cat-all-products-ro","7":"product_cat-feed-ro","8":"product_cat-food-2-ro","9":"product_cat-grain-ro","10":"product_cat-material-handling-ro","11":"product_cat-elevators-ro","12":"product_tag-conveyor-ro","13":"product_tag-dc-remover-ro","14":"product_tag-elevator-ro","15":"product_tag-transport-ro","16":"description-off","18":"first","19":"instock","20":"shipping-taxable","21":"product-type-simple"},"acf":[],"_links":{"self":[{"href":"https:\/\/www.tornum.com\/ro\/wp-json\/wp\/v2\/product\/24063","targetHints":{"allow":["GET"]}}],"collection":[{"href":"https:\/\/www.tornum.com\/ro\/wp-json\/wp\/v2\/product"}],"about":[{"href":"https:\/\/www.tornum.com\/ro\/wp-json\/wp\/v2\/types\/product"}],"replies":[{"embeddable":true,"href":"https:\/\/www.tornum.com\/ro\/wp-json\/wp\/v2\/comments?post=24063"}],"version-history":[{"count":3,"href":"https:\/\/www.tornum.com\/ro\/wp-json\/wp\/v2\/product\/24063\/revisions"}],"predecessor-version":[{"id":36275,"href":"https:\/\/www.tornum.com\/ro\/wp-json\/wp\/v2\/product\/24063\/revisions\/36275"}],"wp:featuredmedia":[{"embeddable":true,"href":"https:\/\/www.tornum.com\/ro\/wp-json\/wp\/v2\/media\/22011"}],"wp:attachment":[{"href":"https:\/\/www.tornum.com\/ro\/wp-json\/wp\/v2\/media?parent=24063"}],"wp:term":[{"taxonomy":"product_brand","embeddable":true,"href":"https:\/\/www.tornum.com\/ro\/wp-json\/wp\/v2\/product_brand?post=24063"},{"taxonomy":"product_cat","embeddable":true,"href":"https:\/\/www.tornum.com\/ro\/wp-json\/wp\/v2\/product_cat?post=24063"},{"taxonomy":"product_tag","embeddable":true,"href":"https:\/\/www.tornum.com\/ro\/wp-json\/wp\/v2\/product_tag?post=24063"}],"curies":[{"name":"wp","href":"https:\/\/api.w.org\/{rel}","templated":true}]}}