{"id":24069,"date":"2023-05-04T10:21:36","date_gmt":"2023-05-04T10:21:36","guid":{"rendered":"https:\/\/www.tornum.com\/product\/heat-exchanger\/"},"modified":"2025-07-30T11:22:45","modified_gmt":"2025-07-30T11:22:45","slug":"schimbator-de-caldura","status":"publish","type":"product","link":"https:\/\/www.tornum.com\/ro\/produs\/schimbator-de-caldura\/","title":{"rendered":"SCHIMB\u0102TOR DE C\u0102LDUR\u0102"},"content":{"rendered":"<div class=\"wpb-content-wrapper\"><p>[vc_row gap=&#8221;35&#8243;][vc_column width=&#8221;2\/3&#8243;][vc_column_text]<\/p>\n<p style=\"background: white; margin: 0in 0in 7.5pt 0in;\"><span style=\"font-family: 'Arial',sans-serif; color: black;\">Schimb\u0103toarele de c\u0103ldur\u0103 sunt o alternativ\u0103 la arz\u0103toarele cu aer cald \u0219i sunt adaptate \u00een mod special la sistemul modular de usc\u0103toare Tornum. Se poate oferi schimb de c\u0103ldur\u0103 pentru ap\u0103 cald\u0103 \u0219i abur, iar sursele de energie adecvate sunt paiele, lemnul, pele\u021bii sau uleiul. Designul flexibil \u00eenseamn\u0103 c\u0103 putem personaliza dimensiunile \u0219i volumul de aer al bobinei pentru a se potrivi nevoilor dumneavoastr\u0103 specifice.<\/span><\/p>\n<p>&nbsp;<\/p>\n<h3><strong>SCHIMB\u0102TOR DE C\u0102LDUR\u0102 UTILIZAT CA PRE\u00ceNC\u0102LZITOR<\/strong><\/h3>\n<p style=\"margin: 0in; background: white;\"><span style=\"font-family: 'Arial',sans-serif; color: black;\">Prin pre\u00eenc\u0103lzirea aerului \u00eenainte ca acesta s\u0103 fie eliberat \u00een arz\u0103tor este redus consumul total de ulei. Bobina de pre\u00eenc\u0103lzire TORNUM poate fi conectat\u0103 la un arz\u0103tor cu aer cald. <\/span><\/p>\n<p>[\/vc_column_text][\/vc_column][vc_column width=&#8221;1\/3&#8243;][vc_column_text]<strong>CARACTERISTICI <\/strong><br \/>\n\u2022 Schimb\u0103toare de c\u0103ldur\u0103 cu aripioare cu tuburi de cupru \u0219i aripioare de aluminiu<br \/>\nexpandabile fixate mecanic.<br \/>\n\u2022 Bobinele func\u021bioneaz\u0103 dup\u0103 principiul contracurentului, ceea ce duce la o eficien\u021b\u0103 foarte ridicat\u0103.<br \/>\n\u2022 Cadrul de montaj robust, proiectat pentru sistemul modular Tornum, asigur\u0103 o instalare u\u0219oar\u0103 \u0219i o amplasare protejat\u0103.<br \/>\n\u2022 Capacele \u0219i conexiunile pentru racordurile de ap\u0103 pot fi amplasate pe ambele p\u0103r\u021bi<br \/>\n\u2022 Capacele sunt prev\u0103zute cu ie\u0219iri obturate pentru aerisire \u0219i drenaj. Racordurile bobinelor de pe partea cu lichid au filete externe.[\/vc_column_text][\/vc_column][\/vc_row]<\/p>\n<\/div>","protected":false},"excerpt":{"rendered":"<p style=\"margin: 0in; background: white;\"><span style=\"font-family: 'Arial',sans-serif; color: #545559;\">Schimb\u0103toarele de c\u0103ldur\u0103 sunt o alternativ\u0103 la <a name=\"_Hlk158729668\"><\/a>arz\u0103toarele cu aer cald \u0219i sunt adaptate \u00een mod special la sistemul modular de usc\u0103toare Tornum. Se poate oferi schimb\u0103toare de c\u0103ldur\u0103 pentru ap\u0103 cald\u0103 \u0219i abur, iar sursele de energie adecvate sunt paiele, lemnul, pele\u021bii sau uleiul.<\/span><\/p>\n","protected":false},"featured_media":20964,"comment_status":"open","ping_status":"closed","template":"","meta":{"_acf_changed":false},"product_brand":[],"product_cat":[514,516,517,518],"product_tag":[519,520,541,537],"class_list":{"0":"post-24069","1":"product","2":"type-product","3":"status-publish","4":"has-post-thumbnail","6":"product_cat-all-products-ro","7":"product_cat-grain-ro","8":"product_cat-conditioning-ro","9":"product_cat-heat-sources-ro","10":"product_tag-burner-ro","11":"product_tag-dryer-ro","12":"product_tag-dryer-tk-ro","13":"product_tag-plc-ro","14":"description-off","16":"first","17":"instock","18":"shipping-taxable","19":"product-type-simple"},"acf":[],"_links":{"self":[{"href":"https:\/\/www.tornum.com\/ro\/wp-json\/wp\/v2\/product\/24069","targetHints":{"allow":["GET"]}}],"collection":[{"href":"https:\/\/www.tornum.com\/ro\/wp-json\/wp\/v2\/product"}],"about":[{"href":"https:\/\/www.tornum.com\/ro\/wp-json\/wp\/v2\/types\/product"}],"replies":[{"embeddable":true,"href":"https:\/\/www.tornum.com\/ro\/wp-json\/wp\/v2\/comments?post=24069"}],"version-history":[{"count":3,"href":"https:\/\/www.tornum.com\/ro\/wp-json\/wp\/v2\/product\/24069\/revisions"}],"predecessor-version":[{"id":30984,"href":"https:\/\/www.tornum.com\/ro\/wp-json\/wp\/v2\/product\/24069\/revisions\/30984"}],"wp:featuredmedia":[{"embeddable":true,"href":"https:\/\/www.tornum.com\/ro\/wp-json\/wp\/v2\/media\/20964"}],"wp:attachment":[{"href":"https:\/\/www.tornum.com\/ro\/wp-json\/wp\/v2\/media?parent=24069"}],"wp:term":[{"taxonomy":"product_brand","embeddable":true,"href":"https:\/\/www.tornum.com\/ro\/wp-json\/wp\/v2\/product_brand?post=24069"},{"taxonomy":"product_cat","embeddable":true,"href":"https:\/\/www.tornum.com\/ro\/wp-json\/wp\/v2\/product_cat?post=24069"},{"taxonomy":"product_tag","embeddable":true,"href":"https:\/\/www.tornum.com\/ro\/wp-json\/wp\/v2\/product_tag?post=24069"}],"curies":[{"name":"wp","href":"https:\/\/api.w.org\/{rel}","templated":true}]}}