{"id":24070,"date":"2023-05-04T09:49:40","date_gmt":"2023-05-04T09:49:40","guid":{"rendered":"https:\/\/www.tornum.com\/product\/heat-recovery-dryer-hrc\/"},"modified":"2025-07-30T11:28:30","modified_gmt":"2025-07-30T11:28:30","slug":"uscator-cu-recuperare-de-caldura-hrc","status":"publish","type":"product","link":"https:\/\/www.tornum.com\/ro\/produs\/uscator-cu-recuperare-de-caldura-hrc\/","title":{"rendered":"USC\u0102TOR CU RECUPERARE DE C\u0102LDUR\u0102 HRC"},"content":{"rendered":"<div class=\"wpb-content-wrapper\"><p>[vc_row gap=&#8221;35&#8243;][vc_column width=&#8221;2\/3&#8243;][vc_column_text]Usc\u0103torul cu recuperare de c\u0103ldur\u0103 HRC economise\u0219te energie f\u0103r\u0103 pierderi de capacitate.<\/p>\n<p>Usc\u0103torul HRC utilizeaz\u0103 energia care ar fi pierdut\u0103 \u00eentr-un usc\u0103tor de cereale tradi\u021bional. Se recupereaz\u0103 p\u00e2n\u0103 la 10 la sut\u0103 din c\u0103ldur\u0103. De asemenea, designul asigur\u0103 un mediu de lucru mai silen\u021bios \u0219i mai curat. Ca toate usc\u0103toarele de cereale Tornum, modelul HRC este fabricat din tabl\u0103 de o\u021bel galvanizat la cald.<\/p>\n<p>Aerul din zona de r\u0103cire a unui HRC este recirculat. Aerul de r\u0103cire \u00eenc\u0103lzit care este recuperat este amestecat cu aerul ambiant \u00eenc\u0103lzit care a trecut prin sursa de \u00eenc\u0103lzire. Deoarece aerul recuperat este mai cald dec\u00e2t aerul ambiant, este posibil\u0103 reducerea aliment\u0103rii cu energie de la sursa de \u00eenc\u0103lzire. Se ob\u021bine \u00een continuare temperatura de uscare solicitat\u0103 \u00een compara\u021bie cu utilizarea doar a aerului ambiental. Construc\u021bia usc\u0103torului duce, de asemenea, la o putere mai mic\u0103 a ventilatoarelor de evacuare.[\/vc_column_text][\/vc_column][vc_column width=&#8221;1\/3&#8243;][vc_column_text]<strong>DOTARE STANDARD<\/strong><\/p>\n<p>\u2022 Indicator de nivel<br \/>\n\u2022 Camera de aer umed<br \/>\n\u2022 Sec\u021biunea de desc\u0103rcare &#8211; puls<br \/>\n\u2022 Senzor de nivel<br \/>\n\u2022 Zon\u0103 tampon<br \/>\n\u2022 Sistem de detectare a incendiilor<br \/>\n\u2022 Sc\u0103ri \u0219i platforme<br \/>\n\u2022 Zon\u0103 de recuperare<br \/>\n\u2022 Controlul con\u021binutului de umiditate<br \/>\n\u2022 M\u0103surarea presiunii pentru reglarea pornirii<\/p>\n<p><strong>ACCESORII <\/strong><br \/>\n\u2022 Amortizor de zgomot[\/vc_column_text][\/vc_column][\/vc_row]<\/p>\n<\/div>","protected":false},"excerpt":{"rendered":"<p>Usc\u0103torul HRC utilizeaz\u0103 energia care ar fi pierdut\u0103 \u00eentr-un usc\u0103tor de cereale tradi\u021bional. Se recupereaz\u0103 p\u00e2n\u0103 la 10% din c\u0103ldur\u0103. De asemenea, designul asigur\u0103 un mediu de lucru mai silen\u021bios \u0219i mai curat.<\/p>\n","protected":false},"featured_media":20940,"comment_status":"open","ping_status":"closed","template":"","meta":{"_acf_changed":false},"product_brand":[],"product_cat":[514,516,517,540],"product_tag":[520,570,541,521],"class_list":{"0":"post-24070","1":"product","2":"type-product","3":"status-publish","4":"has-post-thumbnail","6":"product_cat-all-products-ro","7":"product_cat-grain-ro","8":"product_cat-conditioning-ro","9":"product_cat-grain-dryers-ro","10":"product_tag-dryer-ro","11":"product_tag-dryer-rex-ro","12":"product_tag-dryer-tk-ro","13":"product_tag-dryer-tkr-ro","14":"description-off","16":"first","17":"instock","18":"shipping-taxable","19":"product-type-simple"},"acf":[],"_links":{"self":[{"href":"https:\/\/www.tornum.com\/ro\/wp-json\/wp\/v2\/product\/24070","targetHints":{"allow":["GET"]}}],"collection":[{"href":"https:\/\/www.tornum.com\/ro\/wp-json\/wp\/v2\/product"}],"about":[{"href":"https:\/\/www.tornum.com\/ro\/wp-json\/wp\/v2\/types\/product"}],"replies":[{"embeddable":true,"href":"https:\/\/www.tornum.com\/ro\/wp-json\/wp\/v2\/comments?post=24070"}],"version-history":[{"count":2,"href":"https:\/\/www.tornum.com\/ro\/wp-json\/wp\/v2\/product\/24070\/revisions"}],"predecessor-version":[{"id":24075,"href":"https:\/\/www.tornum.com\/ro\/wp-json\/wp\/v2\/product\/24070\/revisions\/24075"}],"wp:featuredmedia":[{"embeddable":true,"href":"https:\/\/www.tornum.com\/ro\/wp-json\/wp\/v2\/media\/20940"}],"wp:attachment":[{"href":"https:\/\/www.tornum.com\/ro\/wp-json\/wp\/v2\/media?parent=24070"}],"wp:term":[{"taxonomy":"product_brand","embeddable":true,"href":"https:\/\/www.tornum.com\/ro\/wp-json\/wp\/v2\/product_brand?post=24070"},{"taxonomy":"product_cat","embeddable":true,"href":"https:\/\/www.tornum.com\/ro\/wp-json\/wp\/v2\/product_cat?post=24070"},{"taxonomy":"product_tag","embeddable":true,"href":"https:\/\/www.tornum.com\/ro\/wp-json\/wp\/v2\/product_tag?post=24070"}],"curies":[{"name":"wp","href":"https:\/\/api.w.org\/{rel}","templated":true}]}}