{"id":24071,"date":"2023-01-29T22:13:22","date_gmt":"2023-01-29T22:13:22","guid":{"rendered":"https:\/\/www.tornum.com\/product\/hopper-bottom-silos\/"},"modified":"2025-07-30T11:35:43","modified_gmt":"2025-07-30T11:35:43","slug":"silozuri-cu-fund-conic","status":"publish","type":"product","link":"https:\/\/www.tornum.com\/ro\/produs\/silozuri-cu-fund-conic\/","title":{"rendered":"SILOZURI CU FUND CONIC"},"content":{"rendered":"<div class=\"wpb-content-wrapper\"><p>[vc_row][vc_column width=&#8221;2\/3&#8243;][vc_column_text]Tornum ofer\u0103 dou\u0103 modele de bunc\u0103re cu fund conic, 45\u00b0 \u0219i respectiv 60\u00b0, pentru a oferi cea mai bun\u0103 solu\u021bie chiar \u0219i pentru produse umede \u0219i alte produse cu unghiuri de frecare ridicate.<\/p>\n<p>Pl\u0103cile pentru bunc\u0103r, inelele de compresie \u0219i o\u021belul de sus\u021binere sunt fabricate din o\u021bel ondulat galvanizat la cald. Foile laterale au o grosime de 0,8-3,5 mm, p\u00e2n\u0103 la 600 g\/m\u00b2. La cerere, unele dimensiuni de siloz pot fi furnizate cu pere\u021bi netezi. Silozurile noastre cu fund conic sunt proiectate \u00een conformitate cu standardele Eurocode sau ASAE\/ANSI \u0219i pot fi furnizate cu \u00eembun\u0103t\u0103\u021biri specifice pentru seism, sarcin\u0103 de z\u0103pad\u0103 sau v\u00e2nt, \u00een func\u021bie de cerin\u021bele locale.<\/p>\n<p>Poate fi oferit\u0103 o gam\u0103 complet\u0103 de accesorii, inclusiv u\u0219i laterale, pasarele, platforme, turnuri de sprijin, sisteme de aerare \u0219i de detectare a temperaturii, precum \u0219i echipamente de manipulare mecanic\u0103.[\/vc_column_text][\/vc_column][vc_column width=&#8221;1\/3&#8243;][\/vc_column][\/vc_row]<\/p>\n<\/div>","protected":false},"excerpt":{"rendered":"<p style=\"margin: 0in; background: white;\"><span style=\"font-family: 'Arial',sans-serif; color: #545559;\">Tornum ofer\u0103 dou\u0103 modele de bunc\u0103re cu fund conic, 45\u00b0 \u0219i respectiv 60\u00b0, pentru a oferi cea mai bun\u0103 solu\u021bie chiar \u0219i pentru produse umede \u0219i alte produse cu unghiuri de frecare ridicate.<\/span><\/p>\n","protected":false},"featured_media":20706,"comment_status":"open","ping_status":"closed","template":"","meta":{"_acf_changed":false},"product_brand":[],"product_cat":[514,515,516,557,581],"product_tag":[544,559,563,560],"class_list":{"0":"post-24071","1":"product","2":"type-product","3":"status-publish","4":"has-post-thumbnail","6":"product_cat-all-products-ro","7":"product_cat-food-2-ro","8":"product_cat-grain-ro","9":"product_cat-storage-ro","10":"product_cat-hopper-silo-ro","11":"product_tag-bin-ro","12":"product_tag-bins-ro","13":"product_tag-silo-ro","14":"product_tag-storage-ro","15":"pa_products-type-all-products-ro","16":"pa_products-type-grain-ro","17":"description-off","19":"first","20":"instock","21":"shipping-taxable","22":"product-type-simple"},"acf":[],"_links":{"self":[{"href":"https:\/\/www.tornum.com\/ro\/wp-json\/wp\/v2\/product\/24071","targetHints":{"allow":["GET"]}}],"collection":[{"href":"https:\/\/www.tornum.com\/ro\/wp-json\/wp\/v2\/product"}],"about":[{"href":"https:\/\/www.tornum.com\/ro\/wp-json\/wp\/v2\/types\/product"}],"replies":[{"embeddable":true,"href":"https:\/\/www.tornum.com\/ro\/wp-json\/wp\/v2\/comments?post=24071"}],"version-history":[{"count":2,"href":"https:\/\/www.tornum.com\/ro\/wp-json\/wp\/v2\/product\/24071\/revisions"}],"predecessor-version":[{"id":24077,"href":"https:\/\/www.tornum.com\/ro\/wp-json\/wp\/v2\/product\/24071\/revisions\/24077"}],"wp:featuredmedia":[{"embeddable":true,"href":"https:\/\/www.tornum.com\/ro\/wp-json\/wp\/v2\/media\/20706"}],"wp:attachment":[{"href":"https:\/\/www.tornum.com\/ro\/wp-json\/wp\/v2\/media?parent=24071"}],"wp:term":[{"taxonomy":"product_brand","embeddable":true,"href":"https:\/\/www.tornum.com\/ro\/wp-json\/wp\/v2\/product_brand?post=24071"},{"taxonomy":"product_cat","embeddable":true,"href":"https:\/\/www.tornum.com\/ro\/wp-json\/wp\/v2\/product_cat?post=24071"},{"taxonomy":"product_tag","embeddable":true,"href":"https:\/\/www.tornum.com\/ro\/wp-json\/wp\/v2\/product_tag?post=24071"}],"curies":[{"name":"wp","href":"https:\/\/api.w.org\/{rel}","templated":true}]}}