{"id":24081,"date":"2023-05-14T21:59:36","date_gmt":"2023-05-14T21:59:36","guid":{"rendered":"https:\/\/www.tornum.com\/product\/hopper-scale-dviu\/"},"modified":"2025-07-30T11:46:28","modified_gmt":"2025-07-30T11:46:28","slug":"cantar-de-flux-dviu","status":"publish","type":"product","link":"https:\/\/www.tornum.com\/ro\/produs\/cantar-de-flux-dviu\/","title":{"rendered":"C\u00c2NTAR DE FLUX DVIU"},"content":{"rendered":"<p>C\u00e2ntarele de flux Tornum sunt concepute pentru c\u00e2nt\u0103rirea rapid\u0103, precis\u0103 \u0219i sigur\u0103 la intrare \u0219i la ie\u0219ire a materialelor care curg liber, cum ar fi cereale, porumb, furaje, pulberi \u0219i granule.<\/p>\n<p>Acestea sunt proiectate foarte robust pentru a asigura o durat\u0103 de via\u021b\u0103 lung\u0103, cu mare grij\u0103 pentru a optimiza cur\u0103\u021benia.<\/p>\n<p>C\u00e2ntarul pentru bunc\u0103r DVIU este disponibil \u00een dou\u0103 modele &#8211; DVIU\/N \u00een 6 dimensiuni cu capacit\u0103\u021bi cuprinse \u00eentre 5 \u0219i 200 de tone\/or\u0103 \u0219i DVIU\/F \u00een 8 dimensiuni cu capacit\u0103\u021bi cuprinse \u00eentre 250 \u0219i 1.200 de tone\/or\u0103, calculate pentru cereale cu o greutate volumetric\u0103 de 0,6 tone\/m<sup>3<\/sup>.<\/p>\n<p>C\u00e2ntarele sunt dotate cu un indicator de greutate \u0219i o imprimant\u0103, cu interfa\u021b\u0103 de utilizator \u0219i documenta\u021bie \u00een mai multe limbi. Posibilit\u0103\u021bile de integrare \u00een sistem \u0219i de transfer de date sunt op\u021bionale.<\/p>\n","protected":false},"excerpt":{"rendered":"<p style=\"margin: 0in; background: white;\"><span style=\"font-family: 'Arial',sans-serif; color: #545559;\">C\u00e2ntarele de flux de la Tornum sunt concepute pentru c\u00e2nt\u0103rirea rapid\u0103, precis\u0103 \u0219i sigur\u0103 la intrare \u0219i la ie\u0219ire a materialelor care curg liber, cum ar fi cereale, porumb, furaje, pulberi \u0219i granule.<\/span><\/p>\n","protected":false},"featured_media":21310,"comment_status":"open","ping_status":"closed","template":"","meta":{"_acf_changed":false},"product_brand":[],"product_cat":[514,523,515,516,524,582],"product_tag":[554,583,560,584],"class_list":{"0":"post-24081","1":"product","2":"type-product","3":"status-publish","4":"has-post-thumbnail","6":"product_cat-all-products-ro","7":"product_cat-feed-ro","8":"product_cat-food-2-ro","9":"product_cat-grain-ro","10":"product_cat-material-handling-ro","11":"product_cat-all-products-2-ro","12":"product_tag-cleaning-ro","13":"product_tag-scale-ro","14":"product_tag-storage-ro","15":"product_tag-weight-ro","16":"description-off","18":"first","19":"instock","20":"shipping-taxable","21":"product-type-simple"},"acf":[],"_links":{"self":[{"href":"https:\/\/www.tornum.com\/ro\/wp-json\/wp\/v2\/product\/24081","targetHints":{"allow":["GET"]}}],"collection":[{"href":"https:\/\/www.tornum.com\/ro\/wp-json\/wp\/v2\/product"}],"about":[{"href":"https:\/\/www.tornum.com\/ro\/wp-json\/wp\/v2\/types\/product"}],"replies":[{"embeddable":true,"href":"https:\/\/www.tornum.com\/ro\/wp-json\/wp\/v2\/comments?post=24081"}],"version-history":[{"count":2,"href":"https:\/\/www.tornum.com\/ro\/wp-json\/wp\/v2\/product\/24081\/revisions"}],"predecessor-version":[{"id":24085,"href":"https:\/\/www.tornum.com\/ro\/wp-json\/wp\/v2\/product\/24081\/revisions\/24085"}],"wp:featuredmedia":[{"embeddable":true,"href":"https:\/\/www.tornum.com\/ro\/wp-json\/wp\/v2\/media\/21310"}],"wp:attachment":[{"href":"https:\/\/www.tornum.com\/ro\/wp-json\/wp\/v2\/media?parent=24081"}],"wp:term":[{"taxonomy":"product_brand","embeddable":true,"href":"https:\/\/www.tornum.com\/ro\/wp-json\/wp\/v2\/product_brand?post=24081"},{"taxonomy":"product_cat","embeddable":true,"href":"https:\/\/www.tornum.com\/ro\/wp-json\/wp\/v2\/product_cat?post=24081"},{"taxonomy":"product_tag","embeddable":true,"href":"https:\/\/www.tornum.com\/ro\/wp-json\/wp\/v2\/product_tag?post=24081"}],"curies":[{"name":"wp","href":"https:\/\/api.w.org\/{rel}","templated":true}]}}