{"id":24083,"date":"2023-05-14T19:56:44","date_gmt":"2023-05-14T19:56:44","guid":{"rendered":"https:\/\/www.tornum.com\/product\/i-line-elevator\/"},"modified":"2025-07-31T09:38:38","modified_gmt":"2025-07-31T09:38:38","slug":"linia-i-de-elevatoare","status":"publish","type":"product","link":"https:\/\/www.tornum.com\/ro\/produs\/linia-i-de-elevatoare\/","title":{"rendered":"LINIA I DE ELEVATOARE"},"content":{"rendered":"<p>Aceast\u0103 gam\u0103 de echipamente dedicate aplica\u021biilor agroindustriale care necesit\u0103 o utilizare regulat\u0103 pe tot parcursul anului este disponibil\u0103 pentru capacit\u0103\u021bi de transport al gr\u00e2ului cuprinse \u00eentre 40 \u0219i 150 tone\/or\u0103. \u00centreaga gam\u0103 de echipamente include echipamente verticale, orizontale, curbe \u0219i \u00eenclinate, proiectate pentru o pozi\u021bie adecvat\u0103 \u00een cadrul fluxului de cereale. Gama I-Line include, de asemenea, transportoare cu band\u0103 pentru capacit\u0103\u021bi de p\u00e2n\u0103 la 150 tone\/or\u0103. Exist\u0103 o gam\u0103 complet\u0103 de accesorii care include \u0219ibere manuale, electrice \u0219i pneumatice, senzori de siguran\u021b\u0103, senzori de monitorizare a vitezei, benzi de rezisten\u021b\u0103 speciale pentru produse petroliere \u0219i multe altele. Echipamentul de transport poate fi personalizat pentru a corespunde diferitelor cerin\u021be ale clien\u021bilor \u00een ceea ce prive\u0219te vitezele lan\u021bului \u0219i ale benzii.<\/p>\n","protected":false},"excerpt":{"rendered":"<p>I-Line este o linie de produse dezvoltat\u0103 pentru o utilizare intensiv\u0103 pe tot parcursul anului, dezvoltat\u0103 pentru a satisface cerin\u021bele industriei cerealelor, precum \u0219i ale fermelor de dimensiuni medii \u0219i mari.<\/p>\n","protected":false},"featured_media":22008,"comment_status":"open","ping_status":"closed","template":"","meta":{"_acf_changed":false},"product_brand":[],"product_cat":[514,523,515,516,524,580],"product_tag":[545,551,560,546],"class_list":{"0":"post-24083","1":"product","2":"type-product","3":"status-publish","4":"has-post-thumbnail","6":"product_cat-all-products-ro","7":"product_cat-feed-ro","8":"product_cat-food-2-ro","9":"product_cat-grain-ro","10":"product_cat-material-handling-ro","11":"product_cat-elevators-ro","12":"product_tag-conveyor-ro","13":"product_tag-elevator-ro","14":"product_tag-storage-ro","15":"product_tag-transport-ro","16":"description-off","18":"first","19":"instock","20":"shipping-taxable","21":"product-type-simple"},"acf":[],"_links":{"self":[{"href":"https:\/\/www.tornum.com\/ro\/wp-json\/wp\/v2\/product\/24083","targetHints":{"allow":["GET"]}}],"collection":[{"href":"https:\/\/www.tornum.com\/ro\/wp-json\/wp\/v2\/product"}],"about":[{"href":"https:\/\/www.tornum.com\/ro\/wp-json\/wp\/v2\/types\/product"}],"replies":[{"embeddable":true,"href":"https:\/\/www.tornum.com\/ro\/wp-json\/wp\/v2\/comments?post=24083"}],"version-history":[{"count":2,"href":"https:\/\/www.tornum.com\/ro\/wp-json\/wp\/v2\/product\/24083\/revisions"}],"predecessor-version":[{"id":24089,"href":"https:\/\/www.tornum.com\/ro\/wp-json\/wp\/v2\/product\/24083\/revisions\/24089"}],"wp:featuredmedia":[{"embeddable":true,"href":"https:\/\/www.tornum.com\/ro\/wp-json\/wp\/v2\/media\/22008"}],"wp:attachment":[{"href":"https:\/\/www.tornum.com\/ro\/wp-json\/wp\/v2\/media?parent=24083"}],"wp:term":[{"taxonomy":"product_brand","embeddable":true,"href":"https:\/\/www.tornum.com\/ro\/wp-json\/wp\/v2\/product_brand?post=24083"},{"taxonomy":"product_cat","embeddable":true,"href":"https:\/\/www.tornum.com\/ro\/wp-json\/wp\/v2\/product_cat?post=24083"},{"taxonomy":"product_tag","embeddable":true,"href":"https:\/\/www.tornum.com\/ro\/wp-json\/wp\/v2\/product_tag?post=24083"}],"curies":[{"name":"wp","href":"https:\/\/api.w.org\/{rel}","templated":true}]}}