{"id":24093,"date":"2023-05-14T20:53:53","date_gmt":"2023-05-14T20:53:53","guid":{"rendered":"https:\/\/www.tornum.com\/product\/idc-intelligent-dryer-control\/"},"modified":"2025-07-30T11:54:25","modified_gmt":"2025-07-30T11:54:25","slug":"idc-control-inteligent-al-uscatorului","status":"publish","type":"product","link":"https:\/\/www.tornum.com\/ro\/produs\/idc-control-inteligent-al-uscatorului\/","title":{"rendered":"IDC &#8211; CONTROL INTELIGENT AL USC\u0102TORULUI"},"content":{"rendered":"<div class=\"wpb-content-wrapper\"><p>[vc_row][vc_column width=&#8221;2\/3&#8243;][vc_column_text]Control total &#8211; oriunde v-a\u021bi afla<\/p>\n<p>Tornum IDC este un sistem de control bazat pe software care monitorizeaz\u0103 \u0219i controleaz\u0103 con\u021binutul de umiditate de ie\u0219ire \u00een usc\u0103toarele continue, const\u00e2nd din senzori de umiditate \u0219i o unitate de control. Prin intermediul interfe\u021bei u\u0219or de utilizat, ave\u021bi control total asupra \u00eentregului proces de uscare de pe PC sau tablet\u0103.<\/p>\n<p><strong>Uscare precis\u0103 cu un con\u021binut exact de umiditate<\/strong><br \/>\nUn senzor este pozi\u021bionat \u00eentr-una dintre sec\u021biunile superioare de uscare, m\u0103sur\u00e2nd umiditatea de intrare. Al doilea senzor este plasat \u00een zona de r\u0103cire, aproape de ie\u0219irea usc\u0103torului. Folosind informa\u021biile despre con\u021binutul de umiditate de intrare \u0219i de ie\u0219ire, unitatea de control seteaz\u0103 viteza de evacuare a usc\u0103torului pentru a ob\u021bine con\u021binutul de umiditate dorit la ie\u0219irea din usc\u0103tor &#8211; indiferent de condi\u021biile ambientale.<\/p>\n<p><strong>Minimizeaz\u0103 costul de uscare<\/strong><br \/>\nChiar mai important, cu Tornum IDC, elimina\u021bi incertitudinea din procesul de uscare \u0219i minimiza\u021bi riscul de a suprausca cerealele doar pentru a fi \u00een siguran\u021b\u0103 &#8211; o practic\u0103 costisitoare care poate fi acum eliminat\u0103 \u00een mod eficient. Mai pu\u021bine ore de munc\u0103 necesare pentru a monitoriza procesul de uscare scad \u0219i mai mult costurile.<\/p>\n<p><strong>Optimizeaz\u0103 calitatea cerealelor<\/strong><br \/>\nUscarea cerealelor cu Tornum IDC \u00eenseamn\u0103, de asemenea, c\u0103 atinge\u021bi nivelurile de umiditate dorite de fiecare dat\u0103, maximiz\u00e2nd calitatea, greutatea \u0219i pre\u021burile produselor ob\u021binute.[\/vc_column_text][\/vc_column][vc_column width=&#8221;1\/3&#8243;][vc_column_text]<strong>AVANTAJE \u00a0<\/strong><br \/>\n\u2022 Costuri de uscare reduse<br \/>\n\u2022 Capacitate crescut\u0103 a usc\u0103torului<br \/>\n\u2022 Control total asupra procesului de uscare<br \/>\n\u2022 Schimbarea tipului de cereale \u0219i a re\u021betei de uscare prin simpla ap\u0103sare a unui buton<br \/>\n\u2022 Proces de uscare optimizat<br \/>\n\u2022 Software inteligent care se adapteaz\u0103 la condi\u021biile existente<br \/>\n\u2022 U\u0219or de instalat, u\u0219or de utilizat<br \/>\n\u2022 O investi\u021bie profitabil\u0103 instantaneu[\/vc_column_text][\/vc_column][\/vc_row]<\/p>\n<\/div>","protected":false},"excerpt":{"rendered":"<p>Tornum IDC este un sistem de control bazat pe software care monitorizeaz\u0103 \u0219i controleaz\u0103 con\u021binutul de umiditate de ie\u0219ire \u00een usc\u0103toarele continue, const\u00e2nd din senzori de umiditate \u0219i o unitate de control. Prin intermediul interfe\u021bei u\u0219or de utilizat, ave\u021bi control total asupra \u00eentregului proces de uscare de pe PC sau tablet\u0103.<\/p>\n","protected":false},"featured_media":53226,"comment_status":"open","ping_status":"closed","template":"","meta":{"_acf_changed":false},"product_brand":[],"product_cat":[514,532,585],"product_tag":[520,535,536,537],"class_list":{"0":"post-24093","1":"product","2":"type-product","3":"status-publish","4":"has-post-thumbnail","6":"product_cat-all-products-ro","7":"product_cat-grain-management-ro","8":"product_cat-idc-ro","9":"product_tag-dryer-ro","10":"product_tag-monitoring-ro","11":"product_tag-pc-ro","12":"product_tag-plc-ro","13":"description-off","15":"first","16":"instock","17":"shipping-taxable","18":"product-type-simple"},"acf":[],"_links":{"self":[{"href":"https:\/\/www.tornum.com\/ro\/wp-json\/wp\/v2\/product\/24093","targetHints":{"allow":["GET"]}}],"collection":[{"href":"https:\/\/www.tornum.com\/ro\/wp-json\/wp\/v2\/product"}],"about":[{"href":"https:\/\/www.tornum.com\/ro\/wp-json\/wp\/v2\/types\/product"}],"replies":[{"embeddable":true,"href":"https:\/\/www.tornum.com\/ro\/wp-json\/wp\/v2\/comments?post=24093"}],"version-history":[{"count":2,"href":"https:\/\/www.tornum.com\/ro\/wp-json\/wp\/v2\/product\/24093\/revisions"}],"predecessor-version":[{"id":24097,"href":"https:\/\/www.tornum.com\/ro\/wp-json\/wp\/v2\/product\/24093\/revisions\/24097"}],"wp:featuredmedia":[{"embeddable":true,"href":"https:\/\/www.tornum.com\/ro\/wp-json\/wp\/v2\/media\/53226"}],"wp:attachment":[{"href":"https:\/\/www.tornum.com\/ro\/wp-json\/wp\/v2\/media?parent=24093"}],"wp:term":[{"taxonomy":"product_brand","embeddable":true,"href":"https:\/\/www.tornum.com\/ro\/wp-json\/wp\/v2\/product_brand?post=24093"},{"taxonomy":"product_cat","embeddable":true,"href":"https:\/\/www.tornum.com\/ro\/wp-json\/wp\/v2\/product_cat?post=24093"},{"taxonomy":"product_tag","embeddable":true,"href":"https:\/\/www.tornum.com\/ro\/wp-json\/wp\/v2\/product_tag?post=24093"}],"curies":[{"name":"wp","href":"https:\/\/api.w.org\/{rel}","templated":true}]}}