{"id":24094,"date":"2023-05-14T21:57:30","date_gmt":"2023-05-14T21:57:30","guid":{"rendered":"https:\/\/www.tornum.com\/product\/intake-building\/"},"modified":"2025-07-30T12:03:50","modified_gmt":"2025-07-30T12:03:50","slug":"cladirea-pentru-receptie","status":"publish","type":"product","link":"https:\/\/www.tornum.com\/ro\/produs\/cladirea-pentru-receptie\/","title":{"rendered":"CL\u0102DIREA PENTRU RECEP\u021aIE"},"content":{"rendered":"<p>\u00cen cazul \u00een care nu este nevoie de un un sistem de depozitare complet, dar sunt necesare \u00eembun\u0103t\u0103\u021biri pentru \u00eenc\u0103rcarea \u0219i desc\u0103rcarea cerealelor, Tornum ofer\u0103 produse \u0219i construc\u021bii pentru un flux mai eficient. Noua cl\u0103dire poate fi andocat\u0103 \u00eempreun\u0103 cu cl\u0103dirile existente sau poate fi complet independent\u0103.<\/p>\n<p>Toate cl\u0103dirile \u0219i structurile de o\u021bel poart\u0103 marcajul CE \u00een conformitate cu EN 1090-1, care este o cerin\u021b\u0103 a UE din 2014.<\/p>\n","protected":false},"excerpt":{"rendered":"<p style=\"background: white; margin: 0in 0in 7.5pt 0in;\"><span style=\"font-family: 'Arial',sans-serif; color: #545559;\">\u00cen cazul \u00een care nu este nevoie de un sistem de depozitare cereale complet, dar sunt necesare \u00eembun\u0103t\u0103\u021biri pentru \u00eenc\u0103rcarea \u0219i desc\u0103rcarea cerealelor, Tornum ofer\u0103 produse \u0219i construc\u021bii pentru un flux mai eficient. Noua cl\u0103dire poate fi andocat\u0103 \u00eempreun\u0103 cu cl\u0103dirile existente sau poate fi complet independent\u0103.<\/span><\/p>\n<p style=\"margin: 0in; background: white;\"><span style=\"font-family: 'Arial',sans-serif; color: #545559;\">Toate cl\u0103dirile \u0219i structurile de o\u021bel poart\u0103 marcajul CE \u00een conformitate cu EN 1090-1, care este o cerin\u021b\u0103 a UE din 2014.<\/span><\/p>\n","protected":false},"featured_media":22131,"comment_status":"open","ping_status":"closed","template":"","meta":{"_acf_changed":false},"product_brand":[],"product_cat":[514,557,558],"product_tag":[544,562,520,586],"class_list":{"0":"post-24094","1":"product","2":"type-product","3":"status-publish","4":"has-post-thumbnail","6":"product_cat-all-products-ro","7":"product_cat-storage-ro","8":"product_cat-building-storage-ro","9":"product_tag-bin-ro","10":"product_tag-building-ro","11":"product_tag-dryer-ro","12":"product_tag-intake-ro","13":"description-off","15":"first","16":"instock","17":"shipping-taxable","18":"product-type-simple"},"acf":[],"_links":{"self":[{"href":"https:\/\/www.tornum.com\/ro\/wp-json\/wp\/v2\/product\/24094","targetHints":{"allow":["GET"]}}],"collection":[{"href":"https:\/\/www.tornum.com\/ro\/wp-json\/wp\/v2\/product"}],"about":[{"href":"https:\/\/www.tornum.com\/ro\/wp-json\/wp\/v2\/types\/product"}],"replies":[{"embeddable":true,"href":"https:\/\/www.tornum.com\/ro\/wp-json\/wp\/v2\/comments?post=24094"}],"version-history":[{"count":2,"href":"https:\/\/www.tornum.com\/ro\/wp-json\/wp\/v2\/product\/24094\/revisions"}],"predecessor-version":[{"id":24099,"href":"https:\/\/www.tornum.com\/ro\/wp-json\/wp\/v2\/product\/24094\/revisions\/24099"}],"wp:featuredmedia":[{"embeddable":true,"href":"https:\/\/www.tornum.com\/ro\/wp-json\/wp\/v2\/media\/22131"}],"wp:attachment":[{"href":"https:\/\/www.tornum.com\/ro\/wp-json\/wp\/v2\/media?parent=24094"}],"wp:term":[{"taxonomy":"product_brand","embeddable":true,"href":"https:\/\/www.tornum.com\/ro\/wp-json\/wp\/v2\/product_brand?post=24094"},{"taxonomy":"product_cat","embeddable":true,"href":"https:\/\/www.tornum.com\/ro\/wp-json\/wp\/v2\/product_cat?post=24094"},{"taxonomy":"product_tag","embeddable":true,"href":"https:\/\/www.tornum.com\/ro\/wp-json\/wp\/v2\/product_tag?post=24094"}],"curies":[{"name":"wp","href":"https:\/\/api.w.org\/{rel}","templated":true}]}}